{"id":33880,"date":"2026-05-11T12:55:51","date_gmt":"2026-05-11T12:55:51","guid":{"rendered":"https:\/\/www.speedmodels.ch\/?post_type=product&#038;p=33880"},"modified":"2026-05-11T12:57:19","modified_gmt":"2026-05-11T12:57:19","slug":"canules-de-melange-stabi-naut-foerte-2k","status":"publish","type":"product","link":"https:\/\/www.speedmodels.ch\/fr\/produits\/peintures-vernis-colles\/adhesifs-colle\/canules-de-melange-stabi-naut-foerte-2k\/","title":{"rendered":"Canules de m\u00e9lange Stabi-Naut Foerte 2K"},"content":{"rendered":"<h2>Canule de m\u00e9lange de pr\u00e9cision Stabi-Naut Forte 2K<\/h2>\n<h3>Une homog\u00e9n\u00e9it\u00e9 maximale pour un pouvoir adh\u00e9sif sans compromis<\/h3>\n<p>L&rsquo;<b>embout m\u00e9langeur Stabi-Naut Forte 2K<\/b> est la pi\u00e8ce ma\u00eetresse pour un assemblage propre et tr\u00e8s r\u00e9sistant dans le domaine du mod\u00e9lisme naval. Gr\u00e2ce \u00e0 sa g\u00e9om\u00e9trie sp\u00e9ciale, elle assure un m\u00e9lange parfait et automatique des deux composants directement lors de l&rsquo;extrusion de la double cartouche.<\/p>\n<h4>Les avantages dans le domaine du mod\u00e9lisme :<\/h4>\n<ul>\n<li><b>Dosage pr\u00e9cis :<\/b> id\u00e9al pour les travaux d\u00e9licats sur les membrures, les supports de servo ou \u00e0 l&rsquo;int\u00e9rieur \u00e9troit du bateau.<\/li>\n<li><b>Proportion de m\u00e9lange garantie :<\/b> \u00e9vite les erreurs de collage dues \u00e0 un m\u00e9lange manuel in\u00e9gal &#8211; pour une r\u00e9sistance finale de 100%.<\/li>\n<li><b>Travailler proprement :<\/b> Pas besoin de m\u00e9langer s\u00e9par\u00e9ment dans des godets ; la colle va directement l\u00e0 o\u00f9 elle doit tenir.<\/li>\n<\/ul>\n<h4>Application &amp; conseil de pro :<\/h4>\n<ol start=\"1\">\n<li>Retirez le bouchon de la cartouche <b>Stabi-Naut Forte 2K<\/b>.<\/li>\n<li>Mettre en place l&#8217;embout m\u00e9langeur et le bloquer en toute s\u00e9curit\u00e9 par une rotation de 90\u00b0 (fermeture \u00e0 ba\u00efonnette).<\/li>\n<li>Jetez les 1 \u00e0 2 premiers centim\u00e8tres de colle press\u00e9e pour vous assurer que les deux composants sont parfaitement m\u00e9lang\u00e9s.<\/li>\n<\/ol>\n<div><\/div>\n<div>Un paquet contient 3 canules.<\/div>\n<div><\/div>\n<blockquote><p><b>Important pour le mod\u00e9liste :<\/b> comme le Stabi-Naut Forte 2K a un temps de r\u00e9action rapide, le mat\u00e9riau durcit dans la canule en cas de pauses de travail de plus de 4-5 minutes. Ayez toujours des canules de rechange \u00e0 port\u00e9e de main pour les projets plus importants !<\/p>\n<p>&nbsp;<\/p><\/blockquote>\n<div style=\"text-align:left\" class=\"wps-pgfw-pdf-generate-icon__wrapper-frontend\">\n\t\t<a href=\"https:\/\/www.speedmodels.ch\/fr\/wp-json\/wp\/v2\/product\/33880\/?action=genpdf&amp;id=33880\" class=\"pgfw-single-pdf-download-button\" target=_blank><img src=\"https:\/\/speedmodels.ch\/wp-content\/uploads\/2021\/09\/pdf_icon.png\" title=\"G\u00e9n\u00e9rer un PDF\" style=\"width:auto; height:45px;\"><\/a>\n\t\t<\/div>","protected":false},"excerpt":{"rendered":"<p>Canule de m\u00e9lange de pr\u00e9cision Stabi-Naut Forte 2K Une homog\u00e9n\u00e9it\u00e9 maximale pour un pouvoir adh\u00e9sif sans compromis L&rsquo;embout m\u00e9langeur Stabi-Naut Forte 2K est la pi\u00e8ce ma\u00eetresse pour un assemblage propre et tr\u00e8s r\u00e9sistant dans le domaine du mod\u00e9lisme naval. Gr\u00e2ce \u00e0 sa g\u00e9om\u00e9trie sp\u00e9ciale, elle assure un m\u00e9lange parfait et automatique des deux composants directement [&hellip;]<\/p>\n","protected":false},"featured_media":33841,"template":"","meta":[],"product_brand":[],"product_cat":[1693,1541,1750],"product_tag":[],"class_list":{"0":"post-33880","1":"product","2":"type-product","3":"status-publish","4":"has-post-thumbnail","6":"product_cat-adhesifs-colle","7":"product_cat-nouveautees","8":"product_cat-peintures-vernis-colles","10":"first","11":"instock","12":"featured","13":"shipping-taxable","14":"product-type-simple"},"_links":{"self":[{"href":"https:\/\/www.speedmodels.ch\/fr\/wp-json\/wp\/v2\/product\/33880","targetHints":{"allow":["GET"]}}],"collection":[{"href":"https:\/\/www.speedmodels.ch\/fr\/wp-json\/wp\/v2\/product"}],"about":[{"href":"https:\/\/www.speedmodels.ch\/fr\/wp-json\/wp\/v2\/types\/product"}],"version-history":[{"count":1,"href":"https:\/\/www.speedmodels.ch\/fr\/wp-json\/wp\/v2\/product\/33880\/revisions"}],"predecessor-version":[{"id":33881,"href":"https:\/\/www.speedmodels.ch\/fr\/wp-json\/wp\/v2\/product\/33880\/revisions\/33881"}],"wp:featuredmedia":[{"embeddable":true,"href":"https:\/\/www.speedmodels.ch\/fr\/wp-json\/wp\/v2\/media\/33841"}],"wp:attachment":[{"href":"https:\/\/www.speedmodels.ch\/fr\/wp-json\/wp\/v2\/media?parent=33880"}],"wp:term":[{"taxonomy":"product_brand","embeddable":true,"href":"https:\/\/www.speedmodels.ch\/fr\/wp-json\/wp\/v2\/product_brand?post=33880"},{"taxonomy":"product_cat","embeddable":true,"href":"https:\/\/www.speedmodels.ch\/fr\/wp-json\/wp\/v2\/product_cat?post=33880"},{"taxonomy":"product_tag","embeddable":true,"href":"https:\/\/www.speedmodels.ch\/fr\/wp-json\/wp\/v2\/product_tag?post=33880"}],"curies":[{"name":"wp","href":"https:\/\/api.w.org\/{rel}","templated":true}]}}