{"id":33878,"date":"2026-05-11T12:55:52","date_gmt":"2026-05-11T12:55:52","guid":{"rendered":"https:\/\/www.speedmodels.ch\/?post_type=product&#038;p=33878"},"modified":"2026-05-11T12:57:20","modified_gmt":"2026-05-11T12:57:20","slug":"bateau-de-plaisance-azzurra-modele-rc","status":"publish","type":"product","link":"https:\/\/www.speedmodels.ch\/fr\/produits\/modeles\/bateaux-fr-2\/bateaux-electriques\/bateau-de-plaisance-azzurra-modele-rc\/","title":{"rendered":"Bateau de plaisance Azzurra mod\u00e8le RC"},"content":{"rendered":"<h2><b> Bateau de plaisance AZZURRA \u2013 l\u00e9gance et dynamisme sur l&rsquo;eau <\/b><\/h2>\n<h4><b>La fascination de la mer \u00e0 l&rsquo;\u00e9chelle \u2013 le bateau de plaisance AZZURRA <\/b><\/h4>\n<div>Ce mod\u00e8le exclusif allie \u00e0 la perfection une \u00e9l\u00e9gance intemporelle, une technologie moderne et une exp\u00e9rience de navigation exceptionnelle.<\/div>\n<p>\u00c0 l&rsquo;\u00e9chelle 1:14, le bateau de plaisance AZZURRA s\u00e9duit d\u00e8s le premier regard. Ses lignes \u00e9pur\u00e9es, son design \u00e9quilibr\u00e9 et l&rsquo;utilisation de mat\u00e9riaux de haute qualit\u00e9 conf\u00e8rent au mod\u00e8le un charme \u00e9l\u00e9gant et unique.<\/p>\n<p>La coque moul\u00e9e en ABS robuste assure une grande stabilit\u00e9 et r\u00e9siste tr\u00e8s bien aux variations de temp\u00e9rature \u2013 les meilleures conditions pour une longue dur\u00e9e de vie et une utilisation fiable. Le pont en placage de bois souligne le caract\u00e8re luxueux du mod\u00e8le et met en valeur de mani\u00e8re impressionnante le souci du d\u00e9tail.<\/p>\n<h4>Montage simple &#8211; construction rapide<\/h4>\n<p>Gr\u00e2ce \u00e0 des pi\u00e8ces en ABS et en bois d\u00e9coup\u00e9es au laser avec pr\u00e9cision, le montage s&rsquo;effectue sans difficult\u00e9 et avec une grande pr\u00e9cision : une exp\u00e9rience de construction tout aussi convaincante que le mod\u00e8le fini. Avec une longueur d&rsquo;environ 55 cm, le bateau de sport AZZURRA offre en outre un \u00e9quilibre id\u00e9al entre compacit\u00e9, maniabilit\u00e9 et polyvalence.<\/p>\n<p>Autre atout : le mod\u00e8le est livr\u00e9 avec un kit complet de petites pi\u00e8ces. Celui-ci comprend d\u00e9j\u00e0 tous les composants essentiels \u00e0 l&rsquo;assemblage, notamment la commande, le gouvernail et l&rsquo;arbre. Vous pouvez ainsi commencer directement le montage : toutes les pi\u00e8ces sont parfaitement adapt\u00e9es les unes aux autres et garantissent un fonctionnement fiable et harmonieux de l&rsquo;ensemble. Le lettrage \u00ab Azzurra \u00bb est r\u00e9alis\u00e9 en nickel-argent grav\u00e9.<\/p>\n<p>Le placage en bois peut \u00eatre personnalis\u00e9 selon vos envies, qu&rsquo;il soit brillant, color\u00e9 ou naturel. Votre cr\u00e9ativit\u00e9 n&rsquo;a pas de limites, ce qui fait de chaque bateau une pi\u00e8ce unique. Le bateau de sport AZZURRA est donc le choix id\u00e9al pour les passionn\u00e9s de mod\u00e9lisme exigeants et les capitaines de loisirs soucieux de leur style, qui accordent de l&rsquo;importance \u00e0 la qualit\u00e9, au design et \u00e0 une exp\u00e9rience de navigation exceptionnelle.<\/p>\n<p><strong>Le kit contient:<\/strong><\/p>\n<ul>\n<li>coque en ABS<\/li>\n<li>pi\u00e8ces d\u00e9coup\u00e9es au laser en ABS et en placage de bois<\/li>\n<li>plateau en placage de noyer<\/li>\n<li>set de petites pi\u00e8ces inclus gouvernail et axe<\/li>\n<li>lettrage en nickel-argent grav\u00e9.<\/li>\n<\/ul>\n<h3><b>Foire aux questions (FAQ) sur le bateau de plaisance AZZURRA<\/b><\/h3>\n<h4><b>\u00c0 qui s&rsquo;adresse le kit AZZURRA ?<\/b><\/h4>\n<p>Ce mod\u00e8le est le choix id\u00e9al pour les amateurs de mod\u00e9lisme exigeants et les capitaines de plaisance soucieux de leur style. Gr\u00e2ce aux pi\u00e8ces d\u00e9coup\u00e9es au laser qui s&#8217;embo\u00eetent parfaitement, le montage est \u00e0 la port\u00e9e m\u00eame des mod\u00e9listes les moins exp\u00e9riment\u00e9s.<\/p>\n<h4><b>Comment am\u00e9nager la terrasse en bois?<\/b><\/h4>\n<p>Le placage en bois fourni peut \u00eatre personnalis\u00e9 \u00e0 votre guise. Qu&rsquo;il s&rsquo;agisse d&rsquo;une finition laqu\u00e9e brillante, d&rsquo;une teinte color\u00e9e ou d&rsquo;un aspect naturel, votre cr\u00e9ativit\u00e9 n&rsquo;a pas de limites, ce qui fait de chaque bateau une pi\u00e8ce unique.<\/p>\n<h4><b>Le mat\u00e9riel technique est-il inclus dans le kit ?<\/b><\/h4>\n<p>Les principaux composants m\u00e9caniques, tels que l&rsquo;arbre et le gouvernail, sont d\u00e9j\u00e0 inclus dans le kit complet de petites pi\u00e8ces. Ces \u00e9l\u00e9ments sont parfaitement coordonn\u00e9s et garantissent une interaction harmonieuse entre les diff\u00e9rents composants techniques. Il existe un kit de propulsion complet, r\u00e9f\u00e9renc\u00e9 712610, qui comprend le moteur, le r\u00e9gulateur, le servo, l&rsquo;h\u00e9lice et l&rsquo;accouplement. <\/p>\n<h4><b>Quels sont les avantages de la coque en ABS ?<\/b><\/h4>\n<p>La coque en ABS moul\u00e9e par emboutissage est non seulement tr\u00e8s robuste et r\u00e9sistante aux chocs, mais aussi stable thermiquement. Cela garantit une longue dur\u00e9e de vie et une utilisation fiable sur l&rsquo;eau.<\/p>\n<p>&nbsp;<\/p>\n<div style=\"text-align:left\" class=\"wps-pgfw-pdf-generate-icon__wrapper-frontend\">\n\t\t<a href=\"https:\/\/www.speedmodels.ch\/fr\/wp-json\/wp\/v2\/product\/33878\/?action=genpdf&amp;id=33878\" class=\"pgfw-single-pdf-download-button\" target=_blank><img src=\"https:\/\/speedmodels.ch\/wp-content\/uploads\/2021\/09\/pdf_icon.png\" title=\"G\u00e9n\u00e9rer un PDF\" style=\"width:auto; height:45px;\"><\/a>\n\t\t<\/div>","protected":false},"excerpt":{"rendered":"<p>Bateau de plaisance AZZURRA \u2013 l\u00e9gance et dynamisme sur l&rsquo;eau La fascination de la mer \u00e0 l&rsquo;\u00e9chelle \u2013 le bateau de plaisance AZZURRA Ce mod\u00e8le exclusif allie \u00e0 la perfection une \u00e9l\u00e9gance intemporelle, une technologie moderne et une exp\u00e9rience de navigation exceptionnelle. \u00c0 l&rsquo;\u00e9chelle 1:14, le bateau de plaisance AZZURRA s\u00e9duit d\u00e8s le premier regard. [&hellip;]<\/p>\n","protected":false},"featured_media":33801,"template":"","meta":[],"product_brand":[],"product_cat":[1713,1714,1710,1541],"product_tag":[],"class_list":{"0":"post-33878","1":"product","2":"type-product","3":"status-publish","4":"has-post-thumbnail","6":"product_cat-bateaux-fr-2","7":"product_cat-bateaux-electriques","8":"product_cat-modeles","9":"product_cat-nouveautees","11":"first","12":"instock","13":"featured","14":"shipping-taxable","15":"product-type-simple"},"_links":{"self":[{"href":"https:\/\/www.speedmodels.ch\/fr\/wp-json\/wp\/v2\/product\/33878","targetHints":{"allow":["GET"]}}],"collection":[{"href":"https:\/\/www.speedmodels.ch\/fr\/wp-json\/wp\/v2\/product"}],"about":[{"href":"https:\/\/www.speedmodels.ch\/fr\/wp-json\/wp\/v2\/types\/product"}],"version-history":[{"count":1,"href":"https:\/\/www.speedmodels.ch\/fr\/wp-json\/wp\/v2\/product\/33878\/revisions"}],"predecessor-version":[{"id":33883,"href":"https:\/\/www.speedmodels.ch\/fr\/wp-json\/wp\/v2\/product\/33878\/revisions\/33883"}],"wp:featuredmedia":[{"embeddable":true,"href":"https:\/\/www.speedmodels.ch\/fr\/wp-json\/wp\/v2\/media\/33801"}],"wp:attachment":[{"href":"https:\/\/www.speedmodels.ch\/fr\/wp-json\/wp\/v2\/media?parent=33878"}],"wp:term":[{"taxonomy":"product_brand","embeddable":true,"href":"https:\/\/www.speedmodels.ch\/fr\/wp-json\/wp\/v2\/product_brand?post=33878"},{"taxonomy":"product_cat","embeddable":true,"href":"https:\/\/www.speedmodels.ch\/fr\/wp-json\/wp\/v2\/product_cat?post=33878"},{"taxonomy":"product_tag","embeddable":true,"href":"https:\/\/www.speedmodels.ch\/fr\/wp-json\/wp\/v2\/product_tag?post=33878"}],"curies":[{"name":"wp","href":"https:\/\/api.w.org\/{rel}","templated":true}]}}