{"id":33859,"date":"2026-05-11T09:22:51","date_gmt":"2026-05-11T09:22:51","guid":{"rendered":"https:\/\/www.speedmodels.ch\/?post_type=product&#038;p=33859"},"modified":"2026-05-11T09:22:49","modified_gmt":"2026-05-11T09:22:49","slug":"k8-kit-de-construction-dun-modele-de-planeur-rc","status":"publish","type":"product","link":"https:\/\/www.speedmodels.ch\/fr\/produits\/modeles\/avions-fr\/modeles-telecommandes\/planeurs\/k8-kit-de-construction-dun-modele-de-planeur-rc\/","title":{"rendered":"K8 Kit de construction d&rsquo;un mod\u00e8le de planeur RC"},"content":{"rendered":"<p><strong>Planeur RC Schleicher Ka 8 &#8211; Kit de construction en bois de haute qualit\u00e9 avec fuselage en fibre de verre<\/strong><\/p>\n<p>Vous cherchez un mod\u00e8le de planeur RC avec une \u00e2me ? Le Schleicher Ka 8 est une l\u00e9gende dans le ciel. Notre kit de mod\u00e9lisation exclusif combine l&rsquo;aspect classique du voilier d&rsquo;\u00e9poque avec les m\u00e9thodes de fabrication les plus modernes. Que ce soit pour le vol thermique en plaine ou comme fid\u00e8le compagnon pour le vol de pente, le Ka 8 convainc par son excellent rapport qualit\u00e9\/prix et ses excellentes caract\u00e9ristiques de vol.<\/p>\n<p><strong>La pr\u00e9cision dans le d\u00e9tail : le kit de construction en bois d\u00e9coup\u00e9 au laser rencontre le GRP<\/strong><\/p>\n<p>Ce kit de planeur a \u00e9t\u00e9 sp\u00e9cialement con\u00e7u pour les mod\u00e9listes qui recherchent la qualit\u00e9. Le point fort : la coque est en plastique renforc\u00e9 de fibres de verre (GRP) robuste et teint\u00e9 en blanc. Cela permet de gagner du temps lors du montage et assure une \u00e9norme rigidit\u00e9 \u00e0 la torsion.<\/p>\n<p>Les ailes sont construites de mani\u00e8re classique, avec des nervures. Gr\u00e2ce aux pi\u00e8ces de haute pr\u00e9cision d\u00e9coup\u00e9es au laser (laser cut), tous les composants s&#8217;embo\u00eetent parfaitement, ce qui minimise les d\u00e9formations et maximise la stabilit\u00e9.<\/p>\n<p><strong>Points forts et caract\u00e9ristiques techniques :<\/strong><\/p>\n<ul>\n<li><strong>Construction hybride :<\/strong> <strong>Fuselage<\/strong> solide <strong>en fibre de verre<\/strong> combin\u00e9 \u00e0 des ailes en bois d\u00e9coup\u00e9es au laser.<\/li>\n<li><strong>Performances thermiques parfaites :<\/strong> construction l\u00e9g\u00e8re en structure nervur\u00e9e pour un rendement maximal dans les thermiques faibles.<\/li>\n<li><strong>Optique \u00e0 l&rsquo;\u00e9chelle :<\/strong> Inclut une <strong>roue d&rsquo;atterrissage<\/strong> stable pour des d\u00e9collages et des atterrissages authentiques.<\/li>\n<li>Pr\u00e9par\u00e9 pour l&rsquo;installation de <strong>volets perturbateurs<\/strong> (accessoires en option) pour une aide optimale \u00e0 la descente.<\/li>\n<li><strong>Vaste gamme d&rsquo;accessoires :<\/strong> toutes les <strong>petites pi\u00e8ces<\/strong> importantes, les guignols de gouvernail et les articulations sont inclus dans le kit.<\/li>\n<\/ul>\n<p><strong>Pourquoi le Ka 8 ne doit pas manquer dans un hangar :<\/strong><\/p>\n<p>Le Ka 8 est consid\u00e9r\u00e9 par les pilotes de mod\u00e8les r\u00e9duits RC comme l&rsquo;incarnation du planeur docile. Le mod\u00e8le est intrins\u00e8quement stable, pardonne les erreurs de pilotage et se laisse merveilleusement suivre dans le ciel gr\u00e2ce \u00e0 son <strong>optique semi-\u00e9chelle<\/strong>. Gr\u00e2ce \u00e0 l&rsquo;utilisation de <strong>pi\u00e8ces d\u00e9coup\u00e9es au laser<\/strong>, la construction est absolument r\u00e9alisable, m\u00eame pour ceux qui reprennent le <strong>mod\u00e9lisme en bois<\/strong>.<\/p>\n<p>Avec son envergure d&rsquo;environ 3 m\u00e8tres, notre Ka 8 peut \u00eatre transport\u00e9 dans n&rsquo;importe quelle voiture.<\/p>\n<div style=\"text-align:left\" class=\"wps-pgfw-pdf-generate-icon__wrapper-frontend\">\n\t\t<a href=\"https:\/\/www.speedmodels.ch\/fr\/wp-json\/wp\/v2\/product\/33859\/?action=genpdf&amp;id=33859\" class=\"pgfw-single-pdf-download-button\" target=_blank><img src=\"https:\/\/speedmodels.ch\/wp-content\/uploads\/2021\/09\/pdf_icon.png\" title=\"G\u00e9n\u00e9rer un PDF\" style=\"width:auto; height:45px;\"><\/a>\n\t\t<\/div>","protected":false},"excerpt":{"rendered":"<p>Planeur RC Schleicher Ka 8 &#8211; Kit de construction en bois de haute qualit\u00e9 avec fuselage en fibre de verre Vous cherchez un mod\u00e8le de planeur RC avec une \u00e2me ? Le Schleicher Ka 8 est une l\u00e9gende dans le ciel. Notre kit de mod\u00e9lisation exclusif combine l&rsquo;aspect classique du voilier d&rsquo;\u00e9poque avec les m\u00e9thodes [&hellip;]<\/p>\n","protected":false},"featured_media":33785,"template":"","meta":[],"product_brand":[],"product_cat":[1652,1710,1653,1541,1654,1655],"product_tag":[],"class_list":{"0":"post-33859","1":"product","2":"type-product","3":"status-publish","4":"has-post-thumbnail","6":"product_cat-avions-fr","7":"product_cat-modeles","8":"product_cat-modeles-telecommandes","9":"product_cat-nouveautees","10":"product_cat-planeurs","11":"product_cat-planeurs-electriques","13":"first","14":"instock","15":"featured","16":"shipping-taxable","17":"product-type-simple"},"_links":{"self":[{"href":"https:\/\/www.speedmodels.ch\/fr\/wp-json\/wp\/v2\/product\/33859","targetHints":{"allow":["GET"]}}],"collection":[{"href":"https:\/\/www.speedmodels.ch\/fr\/wp-json\/wp\/v2\/product"}],"about":[{"href":"https:\/\/www.speedmodels.ch\/fr\/wp-json\/wp\/v2\/types\/product"}],"version-history":[{"count":1,"href":"https:\/\/www.speedmodels.ch\/fr\/wp-json\/wp\/v2\/product\/33859\/revisions"}],"predecessor-version":[{"id":33861,"href":"https:\/\/www.speedmodels.ch\/fr\/wp-json\/wp\/v2\/product\/33859\/revisions\/33861"}],"wp:featuredmedia":[{"embeddable":true,"href":"https:\/\/www.speedmodels.ch\/fr\/wp-json\/wp\/v2\/media\/33785"}],"wp:attachment":[{"href":"https:\/\/www.speedmodels.ch\/fr\/wp-json\/wp\/v2\/media?parent=33859"}],"wp:term":[{"taxonomy":"product_brand","embeddable":true,"href":"https:\/\/www.speedmodels.ch\/fr\/wp-json\/wp\/v2\/product_brand?post=33859"},{"taxonomy":"product_cat","embeddable":true,"href":"https:\/\/www.speedmodels.ch\/fr\/wp-json\/wp\/v2\/product_cat?post=33859"},{"taxonomy":"product_tag","embeddable":true,"href":"https:\/\/www.speedmodels.ch\/fr\/wp-json\/wp\/v2\/product_tag?post=33859"}],"curies":[{"name":"wp","href":"https:\/\/api.w.org\/{rel}","templated":true}]}}