{"id":33856,"date":"2026-05-11T09:22:50","date_gmt":"2026-05-11T09:22:50","guid":{"rendered":"https:\/\/www.speedmodels.ch\/?post_type=product&#038;p=33856"},"modified":"2026-05-11T09:22:49","modified_gmt":"2026-05-11T09:22:49","slug":"kit-pour-remorquage-pour-ka-8","status":"publish","type":"product","link":"https:\/\/www.speedmodels.ch\/fr\/produits\/accessoires\/pour-avions\/kit-pour-remorquage-pour-ka-8\/","title":{"rendered":"Kit pour remorquage pour Ka 8"},"content":{"rendered":"<div>Pour \u00e9quiper le mod\u00e8le de planeur Ka 8 en vue d&rsquo;un remorquage par avion, nous proposons un kit complet comprenant<\/div>\n<div>\n<ul>\n<li>crochet de remoruqauge<\/li>\n<li>servo adapt\u00e9 AN-16-MGBBA (r\u00e9f. AN-7003-72)<\/li>\n<li>pi\u00e8ces en bois d\u00e9coup\u00e9es au laser adapt\u00e9es au fuselage du Ka 8<\/li>\n<li>chape avec tige filet\u00e9e<\/li>\n<li>\u00e9lingue pour c\u00e2ble de remorquage<\/li>\n<\/ul>\n<\/div>\n<div><\/div>\n<div>\n<h2>mmm<\/h2>\n<h3>Fonctionnalit\u00e9 et compatibilit\u00e9<\/h3>\n<ul>\n<li><b>Quel est exactement le r\u00f4le de ce kit d&rsquo;extension?<\/b> Cet ensemble permet d&rsquo;\u00e9quiper ton aero-naut Ka-8 d&rsquo;un attelage de remorquage fonctionnel. Cela te permet de faire monter le mod\u00e8le \u00e0 altitude en le faisant remorquer par un avion, en respectant fid\u00e8lement le mod\u00e8le original, au lieu de devoir recourir \u00e0 une motorisation \u00e9lectrique ou \u00e0 un lancement par \u00e9lastique.<\/li>\n<li><b>Cet kit s&rsquo;applique-t-il \u00e9galement \u00e0 d&rsquo;autres mod\u00e8les ?<\/b> Ce kit d&rsquo;extension est sp\u00e9cialement con\u00e7u pour le mod\u00e8le aero-naut Ka-8 (r\u00e9f. 1126\/00). Il est possible de l&rsquo;utiliser dans des mod\u00e8les tiers si l&rsquo;on dispose des comp\u00e9tences techniques n\u00e9cessaires, mais cela n\u00e9cessite des adaptations personnalis\u00e9es.<\/li>\n<li><b>Est-il possible de l&rsquo;installer plus tard?<\/b> C&rsquo;est pendant la phase de gros \u0153uvre du fuselage que l&rsquo;installation est la plus simple. Il est possible de l&rsquo;installer a plus tard sur un mod\u00e8le d\u00e9j\u00e0 fini, mais cela peut n\u00e9cessiter une intervention \u00ab\u00a0chirurgicale\u00a0\u00bb \u00e0 l&rsquo;int\u00e9rieur du fuselage.<\/li>\n<\/ul>\n<h3>Contenue de la livraison et accessoires<\/h3>\n<ul>\n<li><b>Que contient le kit ?<\/b> Le kit contient tous les composants m\u00e9caniques n\u00e9cessaires \u00e0 l&rsquo;attelage de remorquage, les pi\u00e8ces d\u00e9coup\u00e9es au laser sur mesure destin\u00e9es au renforcement de la coque, ainsi que les petites pi\u00e8ces indispensables et une notice illustr\u00e9e.<\/li>\n<li><b>De quel \u00e9quipement suppl\u00e9mentaire ai-je besoin ?<\/b> Il te suffit d&rsquo;un c\u00e2ble de remorquage ; tous les autres \u00e9l\u00e9ments sont fournis dans ce kit. De plus, ton \u00e9metteur de t\u00e9l\u00e9commande doit disposer d&rsquo;un canal de commande libre.<\/li>\n<\/ul>\n<\/div>\n<div style=\"text-align:left\" class=\"wps-pgfw-pdf-generate-icon__wrapper-frontend\">\n\t\t<a href=\"https:\/\/www.speedmodels.ch\/fr\/wp-json\/wp\/v2\/product\/33856\/?action=genpdf&amp;id=33856\" class=\"pgfw-single-pdf-download-button\" target=_blank><img src=\"https:\/\/speedmodels.ch\/wp-content\/uploads\/2021\/09\/pdf_icon.png\" title=\"G\u00e9n\u00e9rer un PDF\" style=\"width:auto; height:45px;\"><\/a>\n\t\t<\/div>","protected":false},"excerpt":{"rendered":"<p>Pour \u00e9quiper le mod\u00e8le de planeur Ka 8 en vue d&rsquo;un remorquage par avion, nous proposons un kit complet comprenant crochet de remoruqauge servo adapt\u00e9 AN-16-MGBBA (r\u00e9f. AN-7003-72) pi\u00e8ces en bois d\u00e9coup\u00e9es au laser adapt\u00e9es au fuselage du Ka 8 chape avec tige filet\u00e9e \u00e9lingue pour c\u00e2ble de remorquage mmm Fonctionnalit\u00e9 et compatibilit\u00e9 Quel est [&hellip;]<\/p>\n","protected":false},"featured_media":33799,"template":"","meta":[],"product_brand":[],"product_cat":[1518,1541,1519],"product_tag":[],"class_list":{"0":"post-33856","1":"product","2":"type-product","3":"status-publish","4":"has-post-thumbnail","6":"product_cat-accessoires","7":"product_cat-nouveautees","8":"product_cat-pour-avions","10":"first","11":"instock","12":"featured","13":"shipping-taxable","14":"product-type-simple"},"_links":{"self":[{"href":"https:\/\/www.speedmodels.ch\/fr\/wp-json\/wp\/v2\/product\/33856","targetHints":{"allow":["GET"]}}],"collection":[{"href":"https:\/\/www.speedmodels.ch\/fr\/wp-json\/wp\/v2\/product"}],"about":[{"href":"https:\/\/www.speedmodels.ch\/fr\/wp-json\/wp\/v2\/types\/product"}],"version-history":[{"count":1,"href":"https:\/\/www.speedmodels.ch\/fr\/wp-json\/wp\/v2\/product\/33856\/revisions"}],"predecessor-version":[{"id":33862,"href":"https:\/\/www.speedmodels.ch\/fr\/wp-json\/wp\/v2\/product\/33856\/revisions\/33862"}],"wp:featuredmedia":[{"embeddable":true,"href":"https:\/\/www.speedmodels.ch\/fr\/wp-json\/wp\/v2\/media\/33799"}],"wp:attachment":[{"href":"https:\/\/www.speedmodels.ch\/fr\/wp-json\/wp\/v2\/media?parent=33856"}],"wp:term":[{"taxonomy":"product_brand","embeddable":true,"href":"https:\/\/www.speedmodels.ch\/fr\/wp-json\/wp\/v2\/product_brand?post=33856"},{"taxonomy":"product_cat","embeddable":true,"href":"https:\/\/www.speedmodels.ch\/fr\/wp-json\/wp\/v2\/product_cat?post=33856"},{"taxonomy":"product_tag","embeddable":true,"href":"https:\/\/www.speedmodels.ch\/fr\/wp-json\/wp\/v2\/product_tag?post=33856"}],"curies":[{"name":"wp","href":"https:\/\/api.w.org\/{rel}","templated":true}]}}