{"id":33546,"date":"2026-04-20T13:39:39","date_gmt":"2026-04-20T13:39:39","guid":{"rendered":"https:\/\/www.speedmodels.ch\/produkte\/non class\u00e9\/profile-en-caoutchouc-rhomboid-8-x-4mm\/"},"modified":"2026-04-20T13:39:39","modified_gmt":"2026-04-20T13:39:39","slug":"profile-en-caoutchouc-rhomboid-8-x-4mm","status":"publish","type":"product","link":"https:\/\/www.speedmodels.ch\/fr\/produits\/accessoires\/pour-bateaux\/profile-en-caoutchouc\/profile-en-caoutchouc-rhomboid-8-x-4mm\/","title":{"rendered":"Profil\u00e9 en caoutchouc rhombo\u00efd 8 x 4mm"},"content":{"rendered":"<p>Profil\u00e9 en caoutchouc Raboesch 60\u00b0 rhombo\u00efd<\/p>\n<p>Convient pour le rev\u00eatement\/la protection des coques de navires, des cockpits, des vitrages et bien plus encore.<\/p>\n<p>A = 8 mm<\/p>\n<p>B = 4 mm<\/p>\n<p>longueur = 2000 mm<\/p>\n<div style=\"text-align:left\" class=\"wps-pgfw-pdf-generate-icon__wrapper-frontend\">\n\t\t<a href=\"https:\/\/www.speedmodels.ch\/fr\/wp-json\/wp\/v2\/product\/33546\/?action=genpdf&amp;id=33546\" class=\"pgfw-single-pdf-download-button\" target=_blank><img src=\"https:\/\/speedmodels.ch\/wp-content\/uploads\/2021\/09\/pdf_icon.png\" title=\"G\u00e9n\u00e9rer un PDF\" style=\"width:auto; height:45px;\"><\/a>\n\t\t<\/div>","protected":false},"excerpt":{"rendered":"<p>Profil\u00e9 en caoutchouc Raboesch 60\u00b0 rhombo\u00efd Convient pour le rev\u00eatement\/la protection des coques de navires, des cockpits, des vitrages et bien plus encore. A = 8 mm B = 4 mm longueur = 2000 mm<\/p>\n","protected":false},"featured_media":33505,"template":"","meta":[],"product_brand":[],"product_cat":[1518,1536,1770,1771,1512],"product_tag":[],"class_list":{"0":"post-33546","1":"product","2":"type-product","3":"status-publish","4":"has-post-thumbnail","6":"product_cat-accessoires","7":"product_cat-pour-bateaux","8":"product_cat-profile-en-caoutchouc","9":"product_cat-profile-et-plaque-en-caoutchouc","10":"product_cat-profiles-plaques","12":"first","13":"instock","14":"shipping-taxable","15":"product-type-simple"},"_links":{"self":[{"href":"https:\/\/www.speedmodels.ch\/fr\/wp-json\/wp\/v2\/product\/33546","targetHints":{"allow":["GET"]}}],"collection":[{"href":"https:\/\/www.speedmodels.ch\/fr\/wp-json\/wp\/v2\/product"}],"about":[{"href":"https:\/\/www.speedmodels.ch\/fr\/wp-json\/wp\/v2\/types\/product"}],"version-history":[{"count":0,"href":"https:\/\/www.speedmodels.ch\/fr\/wp-json\/wp\/v2\/product\/33546\/revisions"}],"wp:featuredmedia":[{"embeddable":true,"href":"https:\/\/www.speedmodels.ch\/fr\/wp-json\/wp\/v2\/media\/33505"}],"wp:attachment":[{"href":"https:\/\/www.speedmodels.ch\/fr\/wp-json\/wp\/v2\/media?parent=33546"}],"wp:term":[{"taxonomy":"product_brand","embeddable":true,"href":"https:\/\/www.speedmodels.ch\/fr\/wp-json\/wp\/v2\/product_brand?post=33546"},{"taxonomy":"product_cat","embeddable":true,"href":"https:\/\/www.speedmodels.ch\/fr\/wp-json\/wp\/v2\/product_cat?post=33546"},{"taxonomy":"product_tag","embeddable":true,"href":"https:\/\/www.speedmodels.ch\/fr\/wp-json\/wp\/v2\/product_tag?post=33546"}],"curies":[{"name":"wp","href":"https:\/\/api.w.org\/{rel}","templated":true}]}}