{"id":33112,"date":"2026-04-16T07:56:37","date_gmt":"2026-04-16T07:56:37","guid":{"rendered":"https:\/\/www.speedmodels.ch\/?post_type=product&#038;p=33112"},"modified":"2026-04-16T11:50:12","modified_gmt":"2026-04-16T11:50:12","slug":"separateur-de-voies-n-scale-1160-330mm-kopie","status":"publish","type":"product","link":"https:\/\/www.speedmodels.ch\/fr\/produits\/profiles-plaques\/profiles-en-plastic\/separateur-de-voies-n-scale-1160-330mm-kopie\/","title":{"rendered":"Diviseur de voie \u00e9chelle HO 1:87 \/ 330mm"},"content":{"rendered":"<p>S\u00e9parateur de voies gris, \u00e9chelle HO 1:87<\/p>\n<p>A = 9.0 mm<\/p>\n<p>B = 7.0 mm<\/p>\n<p>Set de 5 pi\u00e8ces<\/p>\n<p>Longueur : 330 mm<\/p>\n<div style=\"text-align:left\" class=\"wps-pgfw-pdf-generate-icon__wrapper-frontend\">\n\t\t<a href=\"https:\/\/www.speedmodels.ch\/fr\/wp-json\/wp\/v2\/product\/33112\/?action=genpdf&amp;id=33112\" class=\"pgfw-single-pdf-download-button\" target=_blank><img src=\"https:\/\/speedmodels.ch\/wp-content\/uploads\/2021\/09\/pdf_icon.png\" title=\"G\u00e9n\u00e9rer un PDF\" style=\"width:auto; height:45px;\"><\/a>\n\t\t<\/div>","protected":false},"excerpt":{"rendered":"<p>S\u00e9parateur de voies gris, \u00e9chelle HO 1:87 A = 9.0 mm B = 7.0 mm Set de 5 pi\u00e8ces Longueur : 330 mm<\/p>\n","protected":false},"featured_media":31914,"template":"","meta":[],"product_brand":[],"product_cat":[1512,1782],"product_tag":[],"class_list":{"0":"post-33112","1":"product","2":"type-product","3":"status-publish","4":"has-post-thumbnail","6":"product_cat-profiles-plaques","7":"product_cat-profiles-en-plastic","9":"first","10":"instock","11":"shipping-taxable","12":"product-type-simple"},"_links":{"self":[{"href":"https:\/\/www.speedmodels.ch\/fr\/wp-json\/wp\/v2\/product\/33112","targetHints":{"allow":["GET"]}}],"collection":[{"href":"https:\/\/www.speedmodels.ch\/fr\/wp-json\/wp\/v2\/product"}],"about":[{"href":"https:\/\/www.speedmodels.ch\/fr\/wp-json\/wp\/v2\/types\/product"}],"version-history":[{"count":2,"href":"https:\/\/www.speedmodels.ch\/fr\/wp-json\/wp\/v2\/product\/33112\/revisions"}],"predecessor-version":[{"id":33131,"href":"https:\/\/www.speedmodels.ch\/fr\/wp-json\/wp\/v2\/product\/33112\/revisions\/33131"}],"wp:featuredmedia":[{"embeddable":true,"href":"https:\/\/www.speedmodels.ch\/fr\/wp-json\/wp\/v2\/media\/31914"}],"wp:attachment":[{"href":"https:\/\/www.speedmodels.ch\/fr\/wp-json\/wp\/v2\/media?parent=33112"}],"wp:term":[{"taxonomy":"product_brand","embeddable":true,"href":"https:\/\/www.speedmodels.ch\/fr\/wp-json\/wp\/v2\/product_brand?post=33112"},{"taxonomy":"product_cat","embeddable":true,"href":"https:\/\/www.speedmodels.ch\/fr\/wp-json\/wp\/v2\/product_cat?post=33112"},{"taxonomy":"product_tag","embeddable":true,"href":"https:\/\/www.speedmodels.ch\/fr\/wp-json\/wp\/v2\/product_tag?post=33112"}],"curies":[{"name":"wp","href":"https:\/\/api.w.org\/{rel}","templated":true}]}}