{"id":33056,"date":"2026-04-09T12:46:56","date_gmt":"2026-04-09T12:46:56","guid":{"rendered":"https:\/\/www.speedmodels.ch\/?post_type=product&#038;p=33056"},"modified":"2026-04-09T14:05:36","modified_gmt":"2026-04-09T14:05:36","slug":"profile-en-plastique-palplanche-0-145-kopie-2","status":"publish","type":"product","link":"https:\/\/www.speedmodels.ch\/fr\/produits\/profiles-plaques\/profiles-en-plastic\/profile-en-plastique-palplanche\/profile-en-plastique-palplanche-0-145-kopie-2\/","title":{"rendered":"Profil\u00e9 plastique palplanches TS (1:14) \/ 60cm"},"content":{"rendered":"<p>Raboesch Profil\u00e9 plastique <strong>palplanches TS (1:14)<\/strong><\/p>\n<p>materiaux: ASA (brun)<\/p>\n<p>A = 30 mm<\/p>\n<p>B = 102 mm<\/p>\n<p>longueur: 600 mm<\/p>\n<p>emballage = 2 Stk<\/p>\n<p>Caract\u00e9ristiques: tr\u00e8s r\u00e9sistant aux chocs &#8211; haute r\u00e9sistance aux intemp\u00e9ries et aux UV &#8211; grande rigidit\u00e9 &#8211; facile \u00e0 vernir et \u00e0 peindre &#8211; facile \u00e0 coller (par exemple Plasti-ZAP, ZAP A GAP, Uhu-Plast etc.). Particuli\u00e8rement adapt\u00e9 \u00e0 la construction de mod\u00e8les architecturaux, ferroviaires, navals et automobiles etc.<\/p>\n<div style=\"text-align:left\" class=\"wps-pgfw-pdf-generate-icon__wrapper-frontend\">\n\t\t<a href=\"https:\/\/www.speedmodels.ch\/fr\/wp-json\/wp\/v2\/product\/33056\/?action=genpdf&amp;id=33056\" class=\"pgfw-single-pdf-download-button\" target=_blank><img src=\"https:\/\/speedmodels.ch\/wp-content\/uploads\/2021\/09\/pdf_icon.png\" title=\"G\u00e9n\u00e9rer un PDF\" style=\"width:auto; height:45px;\"><\/a>\n\t\t<\/div>","protected":false},"excerpt":{"rendered":"<p>Raboesch Profil\u00e9 plastique palplanches TS (1:14) materiaux: ASA (brun) A = 30 mm B = 102 mm longueur: 600 mm emballage = 2 Stk Caract\u00e9ristiques: tr\u00e8s r\u00e9sistant aux chocs &#8211; haute r\u00e9sistance aux intemp\u00e9ries et aux UV &#8211; grande rigidit\u00e9 &#8211; facile \u00e0 vernir et \u00e0 peindre &#8211; facile \u00e0 coller (par exemple Plasti-ZAP, ZAP [&hellip;]<\/p>\n","protected":false},"featured_media":10120,"template":"","meta":[],"product_brand":[],"product_cat":[1783,1512,1782],"product_tag":[],"class_list":{"0":"post-33056","1":"product","2":"type-product","3":"status-publish","4":"has-post-thumbnail","6":"product_cat-profile-en-plastique-palplanche","7":"product_cat-profiles-plaques","8":"product_cat-profiles-en-plastic","10":"first","11":"instock","12":"shipping-taxable","13":"product-type-simple"},"_links":{"self":[{"href":"https:\/\/www.speedmodels.ch\/fr\/wp-json\/wp\/v2\/product\/33056","targetHints":{"allow":["GET"]}}],"collection":[{"href":"https:\/\/www.speedmodels.ch\/fr\/wp-json\/wp\/v2\/product"}],"about":[{"href":"https:\/\/www.speedmodels.ch\/fr\/wp-json\/wp\/v2\/types\/product"}],"version-history":[{"count":3,"href":"https:\/\/www.speedmodels.ch\/fr\/wp-json\/wp\/v2\/product\/33056\/revisions"}],"predecessor-version":[{"id":33090,"href":"https:\/\/www.speedmodels.ch\/fr\/wp-json\/wp\/v2\/product\/33056\/revisions\/33090"}],"wp:featuredmedia":[{"embeddable":true,"href":"https:\/\/www.speedmodels.ch\/fr\/wp-json\/wp\/v2\/media\/10120"}],"wp:attachment":[{"href":"https:\/\/www.speedmodels.ch\/fr\/wp-json\/wp\/v2\/media?parent=33056"}],"wp:term":[{"taxonomy":"product_brand","embeddable":true,"href":"https:\/\/www.speedmodels.ch\/fr\/wp-json\/wp\/v2\/product_brand?post=33056"},{"taxonomy":"product_cat","embeddable":true,"href":"https:\/\/www.speedmodels.ch\/fr\/wp-json\/wp\/v2\/product_cat?post=33056"},{"taxonomy":"product_tag","embeddable":true,"href":"https:\/\/www.speedmodels.ch\/fr\/wp-json\/wp\/v2\/product_tag?post=33056"}],"curies":[{"name":"wp","href":"https:\/\/api.w.org\/{rel}","templated":true}]}}