{"id":33046,"date":"2026-04-02T11:46:45","date_gmt":"2026-04-02T11:46:45","guid":{"rendered":"https:\/\/www.speedmodels.ch\/produkte\/non class\u00e9\/profile-de-palplanches-u-vl-n-scale-1160-33cm\/"},"modified":"2026-04-02T11:46:45","modified_gmt":"2026-04-02T11:46:45","slug":"profile-de-palplanches-u-vl-n-scale-1160-33cm","status":"publish","type":"product","link":"https:\/\/www.speedmodels.ch\/fr\/produits\/profiles-plaques\/profiles-en-plastic\/profile-en-plastique-palplanche\/profile-de-palplanches-u-vl-n-scale-1160-33cm\/","title":{"rendered":"Profil\u00e9 de palplanches U-VL N-Scale 1:160 \/ 33cm"},"content":{"rendered":"<p>Profil\u00e9 plastique Raboesch Palplanche<\/p>\n<p>\u00c9chelle 0 \/ 1:160<\/p>\n<p>A = 1.5 mm<\/p>\n<p>B = 4 mm<\/p>\n<p>Longueur : 330 mm<\/p>\n<p>emballage = 5 pcs<\/p>\n<p>&nbsp;<\/p>\n<p>Caract\u00e9ristiques: tr\u00e8s r\u00e9sistant aux chocs &#8211; haute r\u00e9sistance aux intemp\u00e9ries et aux UV &#8211; grande rigidit\u00e9 &#8211; facile \u00e0 vernir et \u00e0 peindre &#8211; facile \u00e0 coller (par exemple Plasti-ZAP, ZAP A GAP, Uhu-Plast etc.). Particuli\u00e8rement adapt\u00e9 \u00e0 la construction de mod\u00e8les architecturaux, ferroviaires, navals et automobiles etc.<\/p>\n<p>&nbsp;<\/p>\n<div style=\"text-align:left\" class=\"wps-pgfw-pdf-generate-icon__wrapper-frontend\">\n\t\t<a href=\"https:\/\/www.speedmodels.ch\/fr\/wp-json\/wp\/v2\/product\/33046\/?action=genpdf&amp;id=33046\" class=\"pgfw-single-pdf-download-button\" target=_blank><img src=\"https:\/\/speedmodels.ch\/wp-content\/uploads\/2021\/09\/pdf_icon.png\" title=\"G\u00e9n\u00e9rer un PDF\" style=\"width:auto; height:45px;\"><\/a>\n\t\t<\/div>","protected":false},"excerpt":{"rendered":"<p>Profil\u00e9 plastique Raboesch Palplanche \u00c9chelle 0 \/ 1:160 A = 1.5 mm B = 4 mm Longueur : 330 mm emballage = 5 pcs &nbsp; Caract\u00e9ristiques: tr\u00e8s r\u00e9sistant aux chocs &#8211; haute r\u00e9sistance aux intemp\u00e9ries et aux UV &#8211; grande rigidit\u00e9 &#8211; facile \u00e0 vernir et \u00e0 peindre &#8211; facile \u00e0 coller (par exemple Plasti-ZAP, [&hellip;]<\/p>\n","protected":false},"featured_media":31916,"template":"","meta":[],"product_brand":[],"product_cat":[1541,1783,1512,1782],"product_tag":[],"class_list":{"0":"post-33046","1":"product","2":"type-product","3":"status-publish","4":"has-post-thumbnail","6":"product_cat-nouveautees","7":"product_cat-profile-en-plastique-palplanche","8":"product_cat-profiles-plaques","9":"product_cat-profiles-en-plastic","11":"first","12":"instock","13":"featured","14":"shipping-taxable","15":"product-type-simple"},"_links":{"self":[{"href":"https:\/\/www.speedmodels.ch\/fr\/wp-json\/wp\/v2\/product\/33046","targetHints":{"allow":["GET"]}}],"collection":[{"href":"https:\/\/www.speedmodels.ch\/fr\/wp-json\/wp\/v2\/product"}],"about":[{"href":"https:\/\/www.speedmodels.ch\/fr\/wp-json\/wp\/v2\/types\/product"}],"version-history":[{"count":0,"href":"https:\/\/www.speedmodels.ch\/fr\/wp-json\/wp\/v2\/product\/33046\/revisions"}],"wp:featuredmedia":[{"embeddable":true,"href":"https:\/\/www.speedmodels.ch\/fr\/wp-json\/wp\/v2\/media\/31916"}],"wp:attachment":[{"href":"https:\/\/www.speedmodels.ch\/fr\/wp-json\/wp\/v2\/media?parent=33046"}],"wp:term":[{"taxonomy":"product_brand","embeddable":true,"href":"https:\/\/www.speedmodels.ch\/fr\/wp-json\/wp\/v2\/product_brand?post=33046"},{"taxonomy":"product_cat","embeddable":true,"href":"https:\/\/www.speedmodels.ch\/fr\/wp-json\/wp\/v2\/product_cat?post=33046"},{"taxonomy":"product_tag","embeddable":true,"href":"https:\/\/www.speedmodels.ch\/fr\/wp-json\/wp\/v2\/product_tag?post=33046"}],"curies":[{"name":"wp","href":"https:\/\/api.w.org\/{rel}","templated":true}]}}