{"id":32857,"date":"2025-11-27T12:54:02","date_gmt":"2025-11-27T12:54:02","guid":{"rendered":"https:\/\/www.speedmodels.ch\/?post_type=product&#038;p=32857"},"modified":"2025-11-27T12:55:01","modified_gmt":"2025-11-27T12:55:01","slug":"charniere-en-tissu","status":"publish","type":"product","link":"https:\/\/www.speedmodels.ch\/fr\/produits\/accessoires\/pour-avions\/sangle-de-charniere\/charniere-en-tissu\/","title":{"rendered":"Charni\u00e8re en tissu"},"content":{"rendered":"<p>Charni\u00e8re pour mod\u00e8le r\u00e9duit d&rsquo;avion : bande tiss\u00e9e autocollante pour gouvernail<\/p>\n<p>Vous recherchez une charni\u00e8re fiable pour les gouvernails de vos mod\u00e8les r\u00e9duits d&rsquo;avions? Notre ruban adh\u00e9sif en tissu extr\u00eamement r\u00e9sistant est la solution id\u00e9ale! Speziell als Ruder-Scharnierband konzipiert, gew\u00e4hrleistet es eine sichere und langlebige Verbindung an einer Vielzahl von Flugmodellen, insbesondere auf Holzoberfl\u00e4chen.<\/p>\n<p><strong>Caract\u00e9ristiques et avantages<\/strong><\/p>\n<ul>\n<li>Adh\u00e9rence optimale sur le bois : le ruban est un tissu autocollant r\u00e9sistant \u00e0 la d\u00e9chirure qui poss\u00e8de une force adh\u00e9sive extr\u00eamement forte, en particulier sur tous les types de bois courants utilis\u00e9s dans le mod\u00e9lisme.<\/li>\n<li>Parfait pour les gouvernails et les volets : ce ruban en tissu sert de charni\u00e8re robuste pour toutes les pi\u00e8ces mobiles telles que les gouvernails de profondeur, les gouvernails lat\u00e9raux et les ailerons.<\/li>\n<li>Adaptation du design facilit\u00e9e: le mat\u00e9riau se peint tr\u00e8s facilement et s&rsquo;int\u00e8gre ainsi parfaitement au design de vos ailes ou empennages, tant au niveau de la couleur que du design.<\/li>\n<li>Dimensions g\u00e9n\u00e9reuses : chaque bande mesure environ 70 x 10 cm et peut \u00eatre d\u00e9coup\u00e9e individuellement en longueur et en largeur, selon les besoins.<\/li>\n<li>Unit\u00e9 de vente : une unit\u00e9 de vente contient 2 bandes d&rsquo;environ 70 x 10 cm chacune de charni\u00e8re \u00e0 bande haut de gamme.<\/li>\n<\/ul>\n<p><strong>Domaines d&rsquo;application<\/strong><br \/>\nCette charni\u00e8re en tissu de haute qualit\u00e9 est un accessoire indispensable pour tous les mod\u00e9listes qui accordent de l&rsquo;importance \u00e0 la pr\u00e9cision, \u00e0 la stabilit\u00e9 et \u00e0 la facilit\u00e9 d&rsquo;utilisation. Il assure une articulation sans jeu et durable des pales.<\/p>\n<div style=\"text-align:left\" class=\"wps-pgfw-pdf-generate-icon__wrapper-frontend\">\n\t\t<a href=\"https:\/\/www.speedmodels.ch\/fr\/wp-json\/wp\/v2\/product\/32857\/?action=genpdf&amp;id=32857\" class=\"pgfw-single-pdf-download-button\" target=_blank><img src=\"https:\/\/speedmodels.ch\/wp-content\/uploads\/2021\/09\/pdf_icon.png\" title=\"G\u00e9n\u00e9rer un PDF\" style=\"width:auto; height:45px;\"><\/a>\n\t\t<\/div>","protected":false},"excerpt":{"rendered":"<p>Charni\u00e8re pour mod\u00e8le r\u00e9duit d&rsquo;avion : bande tiss\u00e9e autocollante pour gouvernail Vous recherchez une charni\u00e8re fiable pour les gouvernails de vos mod\u00e8les r\u00e9duits d&rsquo;avions? Notre ruban adh\u00e9sif en tissu extr\u00eamement r\u00e9sistant est la solution id\u00e9ale! Speziell als Ruder-Scharnierband konzipiert, gew\u00e4hrleistet es eine sichere und langlebige Verbindung an einer Vielzahl von Flugmodellen, insbesondere auf Holzoberfl\u00e4chen. Caract\u00e9ristiques [&hellip;]<\/p>\n","protected":false},"featured_media":32903,"template":"","meta":[],"product_brand":[],"product_cat":[1518,1541,1519,1879],"product_tag":[],"class_list":{"0":"post-32857","1":"product","2":"type-product","3":"status-publish","4":"has-post-thumbnail","6":"product_cat-accessoires","7":"product_cat-nouveautees","8":"product_cat-pour-avions","9":"product_cat-sangle-de-charniere","11":"first","12":"instock","13":"featured","14":"shipping-taxable","15":"product-type-simple"},"_links":{"self":[{"href":"https:\/\/www.speedmodels.ch\/fr\/wp-json\/wp\/v2\/product\/32857","targetHints":{"allow":["GET"]}}],"collection":[{"href":"https:\/\/www.speedmodels.ch\/fr\/wp-json\/wp\/v2\/product"}],"about":[{"href":"https:\/\/www.speedmodels.ch\/fr\/wp-json\/wp\/v2\/types\/product"}],"version-history":[{"count":1,"href":"https:\/\/www.speedmodels.ch\/fr\/wp-json\/wp\/v2\/product\/32857\/revisions"}],"predecessor-version":[{"id":32914,"href":"https:\/\/www.speedmodels.ch\/fr\/wp-json\/wp\/v2\/product\/32857\/revisions\/32914"}],"wp:featuredmedia":[{"embeddable":true,"href":"https:\/\/www.speedmodels.ch\/fr\/wp-json\/wp\/v2\/media\/32903"}],"wp:attachment":[{"href":"https:\/\/www.speedmodels.ch\/fr\/wp-json\/wp\/v2\/media?parent=32857"}],"wp:term":[{"taxonomy":"product_brand","embeddable":true,"href":"https:\/\/www.speedmodels.ch\/fr\/wp-json\/wp\/v2\/product_brand?post=32857"},{"taxonomy":"product_cat","embeddable":true,"href":"https:\/\/www.speedmodels.ch\/fr\/wp-json\/wp\/v2\/product_cat?post=32857"},{"taxonomy":"product_tag","embeddable":true,"href":"https:\/\/www.speedmodels.ch\/fr\/wp-json\/wp\/v2\/product_tag?post=32857"}],"curies":[{"name":"wp","href":"https:\/\/api.w.org\/{rel}","templated":true}]}}