{"id":32855,"date":"2025-11-24T15:13:48","date_gmt":"2025-11-24T15:13:48","guid":{"rendered":"https:\/\/www.speedmodels.ch\/?post_type=product&#038;p=32855"},"modified":"2025-11-27T13:03:12","modified_gmt":"2025-11-27T13:03:12","slug":"spike-planeur-electrique","status":"publish","type":"product","link":"https:\/\/www.speedmodels.ch\/fr\/produits\/modeles\/avions-fr\/modeles-telecommandes\/planeurs-electriques\/spike-planeur-electrique\/","title":{"rendered":"Spike planeur \u00e9l\u00e9ctrique"},"content":{"rendered":"<p><strong>SPIKE: Le planeur \u00e0 6 volets \u2013 des performances fulgurantes associ\u00e9es \u00e0 un design personnalis\u00e9<\/strong><br \/>\nVous recherchez un mod\u00e8le RC qui ne s\u00e9duit pas seulement par ses performances de vol, mais qui vous offre \u00e9galement une exp\u00e9rience de construction unique et des possibilit\u00e9s de personnalisation? Alors le kit de construction du planeur en bois Spike est exactement ce qu&rsquo;il vous faut! Cet avion \u00e9lectrique sportif, avec son impressionnante envergure de 3,45 m, ma\u00eetrise avec brio aussi bien les man\u0153uvres acrobatiques rapides que les vols thermiques tranquilles.<\/p>\n<p>Les principaux avantages que vous allez adorer:<\/p>\n<ul>\n<li>Une gamme de performances exceptionnelle : que ce soit pour profiter des thermiques du soir ou pour un vol dynamique en pente, le Spike est pr\u00eat pour toutes les aventures.<\/li>\n<li>Un look personnalis\u00e9 : choisissez entre la forme classique arrondie ou la forme extravagante \u00e0 8 angles pour donner \u00e0 votre mod\u00e8le r\u00e9duit un look unique.<\/li>\n<li>Construction en bois pr\u00e9cise : le kit complet en bois se compose d&rsquo;\u00e9l\u00e9ments d\u00e9coup\u00e9s au laser avec pr\u00e9cision, qui rendent le montage tr\u00e8s agr\u00e9able.<\/li>\n<li>Construction de l&rsquo;aile sans d\u00e9formation : gr\u00e2ce au gabarit de construction fourni, l&rsquo;aile \u00e0 6 volets est construite de mani\u00e8re s\u00fbre et sans d\u00e9formation, selon la m\u00e9thode \u00e9prouv\u00e9e d&rsquo;aero-naut.<\/li>\n<li>Aide \u00e0 l&rsquo;atterrissage fiable : les six grands volets de commande (ailerons, volets) permettent de r\u00e9gler diff\u00e9rents \u00e9tats de vol et servent de volets de freinage tr\u00e8s efficaces (d\u00e9viation de 90\u00b0) pour des atterrissages pr\u00e9cis.<\/li>\n<\/ul>\n<p><strong>Conception intelligente \u2013 pilotage facile :<\/strong><\/p>\n<p>La construction du mod\u00e8le r\u00e9duit de planeur est d\u00e9j\u00e0 un v\u00e9ritable moment fort. Des gabarits astucieux et les instructions de montage en 3D vous guident pas \u00e0 pas tout au long du montage. L&rsquo;aile partiellement recouverte offre \u00e9galement de nombreuses possibilit\u00e9s d&rsquo;am\u00e9nagement esth\u00e9tique gr\u00e2ce au rev\u00eatement de votre choix.<\/p>\n<p><strong>Propulsion \u00e9lectrique efficace :<\/strong><\/p>\n<p>Le Spike s\u00e9duit par sa faible consommation d&rsquo;\u00e9nergie. Il est optimis\u00e9 pour les batteries LiPo 3S ou 4S et un moteur correspondant d&rsquo;environ 790 kV avec h\u00e9lice repliable. (Les composants d&rsquo;entra\u00eenement adapt\u00e9s au fonctionnement 4S sont disponibles s\u00e9par\u00e9ment en tant qu&rsquo;accessoires).<\/p>\n<p><strong>Le kit contient:<\/strong><\/p>\n<p>Toutes les pi\u00e8ces en bois d\u00e9coup\u00e9es au laser n\u00e9cessaires \u00e0 la construction, les pi\u00e8ces d&rsquo;articulation, diverses petites pi\u00e8ces, une notice de montage en 3D, une cale de construction.<\/p>\n<p><strong>Fiches techniques \/ accessoires:<\/strong><\/p>\n<table>\n<tbody>\n<tr>\n<td width=\"302\">concept de propulsion<\/td>\n<td width=\"302\">4S LiPo<\/td>\n<\/tr>\n<tr>\n<td width=\"302\">moteur<\/td>\n<td width=\"302\">actro-n 35-4-790 = AN-7003-11<\/td>\n<\/tr>\n<tr>\n<td width=\"302\">H\u00e9lice<\/td>\n<td width=\"302\">CAM-Z 12&#215;6,5\u00bb = AN-7239-46<\/td>\n<\/tr>\n<tr>\n<td width=\"302\">Servos n\u00e9cessaires<\/td>\n<td width=\"302\">2 x AN-16-MGBBA = AN-7003-72<\/p>\n<p>6 x AN-10L-MGBBD = AN-7003-73<\/td>\n<\/tr>\n<\/tbody>\n<\/table>\n<p>&nbsp;<\/p>\n<p>&nbsp;<\/p>\n<div style=\"text-align:left\" class=\"wps-pgfw-pdf-generate-icon__wrapper-frontend\">\n\t\t<a href=\"https:\/\/www.speedmodels.ch\/fr\/wp-json\/wp\/v2\/product\/32855\/?action=genpdf&amp;id=32855\" class=\"pgfw-single-pdf-download-button\" target=_blank><img src=\"https:\/\/speedmodels.ch\/wp-content\/uploads\/2021\/09\/pdf_icon.png\" title=\"G\u00e9n\u00e9rer un PDF\" style=\"width:auto; height:45px;\"><\/a>\n\t\t<\/div>","protected":false},"excerpt":{"rendered":"<p>SPIKE: Le planeur \u00e0 6 volets \u2013 des performances fulgurantes associ\u00e9es \u00e0 un design personnalis\u00e9 Vous recherchez un mod\u00e8le RC qui ne s\u00e9duit pas seulement par ses performances de vol, mais qui vous offre \u00e9galement une exp\u00e9rience de construction unique et des possibilit\u00e9s de personnalisation? Alors le kit de construction du planeur en bois Spike [&hellip;]<\/p>\n","protected":false},"featured_media":32865,"template":"","meta":[],"product_brand":[],"product_cat":[1652,1710,1541,1655],"product_tag":[],"class_list":{"0":"post-32855","1":"product","2":"type-product","3":"status-publish","4":"has-post-thumbnail","6":"product_cat-avions-fr","7":"product_cat-modeles","8":"product_cat-nouveautees","9":"product_cat-planeurs-electriques","11":"first","12":"instock","13":"featured","14":"shipping-taxable","15":"product-type-simple"},"_links":{"self":[{"href":"https:\/\/www.speedmodels.ch\/fr\/wp-json\/wp\/v2\/product\/32855","targetHints":{"allow":["GET"]}}],"collection":[{"href":"https:\/\/www.speedmodels.ch\/fr\/wp-json\/wp\/v2\/product"}],"about":[{"href":"https:\/\/www.speedmodels.ch\/fr\/wp-json\/wp\/v2\/types\/product"}],"version-history":[{"count":1,"href":"https:\/\/www.speedmodels.ch\/fr\/wp-json\/wp\/v2\/product\/32855\/revisions"}],"predecessor-version":[{"id":32912,"href":"https:\/\/www.speedmodels.ch\/fr\/wp-json\/wp\/v2\/product\/32855\/revisions\/32912"}],"wp:featuredmedia":[{"embeddable":true,"href":"https:\/\/www.speedmodels.ch\/fr\/wp-json\/wp\/v2\/media\/32865"}],"wp:attachment":[{"href":"https:\/\/www.speedmodels.ch\/fr\/wp-json\/wp\/v2\/media?parent=32855"}],"wp:term":[{"taxonomy":"product_brand","embeddable":true,"href":"https:\/\/www.speedmodels.ch\/fr\/wp-json\/wp\/v2\/product_brand?post=32855"},{"taxonomy":"product_cat","embeddable":true,"href":"https:\/\/www.speedmodels.ch\/fr\/wp-json\/wp\/v2\/product_cat?post=32855"},{"taxonomy":"product_tag","embeddable":true,"href":"https:\/\/www.speedmodels.ch\/fr\/wp-json\/wp\/v2\/product_tag?post=32855"}],"curies":[{"name":"wp","href":"https:\/\/api.w.org\/{rel}","templated":true}]}}