{"id":32853,"date":"2025-11-27T12:51:59","date_gmt":"2025-11-27T12:51:59","guid":{"rendered":"https:\/\/www.speedmodels.ch\/?post_type=product&#038;p=32853"},"modified":"2025-11-27T12:55:01","modified_gmt":"2025-11-27T12:55:01","slug":"bateau-pompier-flb-12","status":"publish","type":"product","link":"https:\/\/www.speedmodels.ch\/fr\/produits\/modeles\/bateaux-fr-2\/bateaux-electriques\/bateau-pompier-flb-12\/","title":{"rendered":"Bateau pompier FLB-12"},"content":{"rendered":"<p>Le FLB-12 est un bateau pompier utilis\u00e9 sur les eaux int\u00e9rieures allemandes. Il a \u00e9t\u00e9 con\u00e7u d&rsquo;apr\u00e8s des bateaux originaux et s\u00e9duit par son niveau de d\u00e9tail tr\u00e8s \u00e9lev\u00e9. Le mod\u00e8le est propuls\u00e9 par un moteur brushless de 28 mm.<\/p>\n<p>Le bateau peut \u00eatre \u00e9quip\u00e9 de mani\u00e8re enti\u00e8rement fonctionnelle. Tous les corps de lampe peuvent \u00eatre \u00e9quip\u00e9s de LED, les fils laqu\u00e9s disparaissent compl\u00e8tement dans le m\u00e2t et la fl\u00e8che et sont raccord\u00e9s de mani\u00e8re centralis\u00e9e dans le fuselage. Le kit comprend d\u00e9j\u00e0 un ensemble d&rsquo;\u00e9clairage pour l&rsquo;\u00e9clairage nautique, le projecteur et le gyrophare. Il est possible d&rsquo;\u00e9tendre l&rsquo;\u00e9clairage \u00e0 l&rsquo;aide du kit LED 5677\/51.<\/p>\n<p>Les deux moniteurs d&rsquo;extinction fonctionnent \u00e0 l&rsquo;aide de la pompe \u00e0 eau 7003\/90 disponible en option et sont fournis avec le kit, tout comme les raccords et connecteurs n\u00e9cessaires pour les guidages de tuyaux. La structure interne de la coque pr\u00e9voit d\u00e9j\u00e0 l&rsquo;installation de la pompe \u00e0 eau et les instructions de montage d\u00e9taill\u00e9es indiquent pr\u00e9cis\u00e9ment comment l&rsquo;installer et la raccorder.<\/p>\n<p><strong>Le kit d&rsquo;accessoires est tr\u00e8s complet<\/strong> et comprend, entre autres, tous les luminaires, bou\u00e9es de sauvetage, ancres, guindeaux, \u00e9clairages fonctionnels tels que projecteurs, feux bleus et \u00e9clairage nautique, antennes, radar \u00e0 moteur, deux canons \u00e0 eau avec adaptateur de tuyau, klaxons, haut-parleurs, un grand nombre de pi\u00e8ces imprim\u00e9es en 3D de haute qualit\u00e9, marches, balustrade, am\u00e9nagement du poste de pilotage, bollards, taquets, m\u00e2t d&rsquo;\u00e9clairage avec projecteur de travail et bien plus encore. <strong>Le kit d&rsquo;accessoires est inclus dans le kit et ne doit pas \u00eatre command\u00e9 s\u00e9par\u00e9ment.<\/strong><\/p>\n<p>La superstructure est enti\u00e8rement amovible et permet un acc\u00e8s facile au fuselage et aux composants RC. Le toit du poste de pilotage est \u00e9galement amovible. <\/p>\n<p><strong>Le kit contient:<\/strong><\/p>\n<ul>\n<li>Tous les composants sont en ABS<\/li>\n<li>coque en plastique thermoform\u00e9e<\/li>\n<li>arbre de transmission<\/li>\n<li>gouvernail<\/li>\n<li>jeu complet d&rsquo;accessoires (comprenant entre autres tous les luminaires, bou\u00e9es de sauvetage, ancre, guindeau, antennes, cornes de brume, haut-parleurs, un grand nombre de pi\u00e8ces imprim\u00e9es en 3D de haute qualit\u00e9, marches, balustrade, am\u00e9nagement du poste de pilotage, bollards, taquets, m\u00e2t d&rsquo;\u00e9clairage avec projecteur de travail et bien plus encore)<\/li>\n<li>kit d&rsquo;\u00e9clairage pour \u00e9clairage nautique<\/li>\n<li>Gyrophare fonctionnel 2 x<\/li>\n<li>Projecteur de recherche fonctionnel<\/li>\n<li>Moniteurs d&rsquo;extinction fonctionnels 2 x avec tuyau et adaptateur<\/li>\n<li>radar \u00e0 moteur<\/li>\n<li>Petites pi\u00e8ces et notice de montage 3D<\/li>\n<\/ul>\n<p><strong>fiches t\u00e9chniques<\/strong><br \/>\nlargeur ca. 180 mm<br \/>\nhauteur ca. 290 mm<br \/>\nlongueur ca. 580 mm<br \/>\n\u00e9chelle ca. 1:20<\/p>\n<div style=\"text-align:left\" class=\"wps-pgfw-pdf-generate-icon__wrapper-frontend\">\n\t\t<a href=\"https:\/\/www.speedmodels.ch\/fr\/wp-json\/wp\/v2\/product\/32853\/?action=genpdf&amp;id=32853\" class=\"pgfw-single-pdf-download-button\" target=_blank><img src=\"https:\/\/speedmodels.ch\/wp-content\/uploads\/2021\/09\/pdf_icon.png\" title=\"G\u00e9n\u00e9rer un PDF\" style=\"width:auto; height:45px;\"><\/a>\n\t\t<\/div>","protected":false},"excerpt":{"rendered":"<p>Le FLB-12 est un bateau pompier utilis\u00e9 sur les eaux int\u00e9rieures allemandes. Il a \u00e9t\u00e9 con\u00e7u d&rsquo;apr\u00e8s des bateaux originaux et s\u00e9duit par son niveau de d\u00e9tail tr\u00e8s \u00e9lev\u00e9. Le mod\u00e8le est propuls\u00e9 par un moteur brushless de 28 mm. Le bateau peut \u00eatre \u00e9quip\u00e9 de mani\u00e8re enti\u00e8rement fonctionnelle. Tous les corps de lampe peuvent [&hellip;]<\/p>\n","protected":false},"featured_media":32881,"template":"","meta":[],"product_brand":[],"product_cat":[1713,1714,1715,1710,1541],"product_tag":[],"class_list":{"0":"post-32853","1":"product","2":"type-product","3":"status-publish","4":"has-post-thumbnail","6":"product_cat-bateaux-fr-2","7":"product_cat-bateaux-electriques","8":"product_cat-bateaux-prototypiques","9":"product_cat-modeles","10":"product_cat-nouveautees","12":"first","13":"instock","14":"featured","15":"shipping-taxable","16":"product-type-simple"},"_links":{"self":[{"href":"https:\/\/www.speedmodels.ch\/fr\/wp-json\/wp\/v2\/product\/32853","targetHints":{"allow":["GET"]}}],"collection":[{"href":"https:\/\/www.speedmodels.ch\/fr\/wp-json\/wp\/v2\/product"}],"about":[{"href":"https:\/\/www.speedmodels.ch\/fr\/wp-json\/wp\/v2\/types\/product"}],"version-history":[{"count":1,"href":"https:\/\/www.speedmodels.ch\/fr\/wp-json\/wp\/v2\/product\/32853\/revisions"}],"predecessor-version":[{"id":32856,"href":"https:\/\/www.speedmodels.ch\/fr\/wp-json\/wp\/v2\/product\/32853\/revisions\/32856"}],"wp:featuredmedia":[{"embeddable":true,"href":"https:\/\/www.speedmodels.ch\/fr\/wp-json\/wp\/v2\/media\/32881"}],"wp:attachment":[{"href":"https:\/\/www.speedmodels.ch\/fr\/wp-json\/wp\/v2\/media?parent=32853"}],"wp:term":[{"taxonomy":"product_brand","embeddable":true,"href":"https:\/\/www.speedmodels.ch\/fr\/wp-json\/wp\/v2\/product_brand?post=32853"},{"taxonomy":"product_cat","embeddable":true,"href":"https:\/\/www.speedmodels.ch\/fr\/wp-json\/wp\/v2\/product_cat?post=32853"},{"taxonomy":"product_tag","embeddable":true,"href":"https:\/\/www.speedmodels.ch\/fr\/wp-json\/wp\/v2\/product_tag?post=32853"}],"curies":[{"name":"wp","href":"https:\/\/api.w.org\/{rel}","templated":true}]}}