{"id":32788,"date":"2025-11-10T09:55:45","date_gmt":"2025-11-10T09:55:45","guid":{"rendered":"https:\/\/www.speedmodels.ch\/produkte\/non class\u00e9\/bateau-de-police-wsp-1\/"},"modified":"2025-11-10T09:55:45","modified_gmt":"2025-11-10T09:55:45","slug":"bateau-de-police-wsp-1","status":"publish","type":"product","link":"https:\/\/www.speedmodels.ch\/fr\/produits\/modeles\/bateaux-fr-2\/bateaux-prototypiques\/bateau-de-police-wsp-1\/","title":{"rendered":"Bateau de police WSP-1"},"content":{"rendered":"<p><strong>Prix de liquidation <span style=\"color: #ff0000;\">Fr. 59.00 incl. TVA<\/span><\/strong><\/p>\n<p><strong>(jusqu&rsquo;\u00e0 \u00e9puisement des stocks \/ articles fin de s\u00e9ries ne sont pas repris ou \u00e9chang\u00e9s \/ pi\u00e8ces d\u00e9tach\u00e9es jusqu\u00e0 \u00e9puisement du stock)<\/strong><\/p>\n<p><strong>Pas de ventre directe!<\/strong><\/p>\n<p>Le bateau de police de la police de l&rsquo;eau est un simple mod\u00e8le en kit. Le bateau est assembl\u00e9 \u00e0 partir de pi\u00e8ces en plastique embouties et convient parfaitement aux d\u00e9butants en mod\u00e9lisme naval. Un manuel de construction d\u00e9taill\u00e9 vous guide tout au long de la construction. Les pi\u00e8ces sont color\u00e9es en blanc et peuvent \u00eatre peintes ou recouvertes de la feuille de d\u00e9calcomanies jointe. Les moteurs de la classe Race 400 conviennent comme entra\u00eenement. L&rsquo;ensemble d&rsquo;accastillage fourni donne au bateau un aspect r\u00e9aliste.<\/p>\n<p>Le kit contient toutes les pi\u00e8ces n\u00e9cessaires \u00e0 la construction du mod\u00e8le, la feuille de d\u00e9calcomanies, le kit d\u2019accastillage, l\u2019arbre du bateau avec \u2018h\u00e9lice, le gouvernail et les instructions de montage.<\/p>\n<div style=\"text-align:left\" class=\"wps-pgfw-pdf-generate-icon__wrapper-frontend\">\n\t\t<a href=\"https:\/\/www.speedmodels.ch\/fr\/wp-json\/wp\/v2\/product\/32788\/?action=genpdf&amp;id=32788\" class=\"pgfw-single-pdf-download-button\" target=_blank><img src=\"https:\/\/speedmodels.ch\/wp-content\/uploads\/2021\/09\/pdf_icon.png\" title=\"G\u00e9n\u00e9rer un PDF\" style=\"width:auto; height:45px;\"><\/a>\n\t\t<\/div>","protected":false},"excerpt":{"rendered":"<p>Prix de liquidation Fr. 59.00 incl. TVA (jusqu&rsquo;\u00e0 \u00e9puisement des stocks \/ articles fin de s\u00e9ries ne sont pas repris ou \u00e9chang\u00e9s \/ pi\u00e8ces d\u00e9tach\u00e9es jusqu\u00e0 \u00e9puisement du stock) Pas de ventre directe! Le bateau de police de la police de l&rsquo;eau est un simple mod\u00e8le en kit. Le bateau est assembl\u00e9 \u00e0 partir de [&hellip;]<\/p>\n","protected":false},"featured_media":9785,"template":"","meta":[],"product_brand":[],"product_cat":[1856,1713,1715,1710],"product_tag":[],"class_list":{"0":"post-32788","1":"product","2":"type-product","3":"status-publish","4":"has-post-thumbnail","6":"product_cat-article-fin-de-serie","7":"product_cat-bateaux-fr-2","8":"product_cat-bateaux-prototypiques","9":"product_cat-modeles","11":"first","12":"instock","13":"shipping-taxable","14":"product-type-simple"},"_links":{"self":[{"href":"https:\/\/www.speedmodels.ch\/fr\/wp-json\/wp\/v2\/product\/32788","targetHints":{"allow":["GET"]}}],"collection":[{"href":"https:\/\/www.speedmodels.ch\/fr\/wp-json\/wp\/v2\/product"}],"about":[{"href":"https:\/\/www.speedmodels.ch\/fr\/wp-json\/wp\/v2\/types\/product"}],"version-history":[{"count":0,"href":"https:\/\/www.speedmodels.ch\/fr\/wp-json\/wp\/v2\/product\/32788\/revisions"}],"wp:featuredmedia":[{"embeddable":true,"href":"https:\/\/www.speedmodels.ch\/fr\/wp-json\/wp\/v2\/media\/9785"}],"wp:attachment":[{"href":"https:\/\/www.speedmodels.ch\/fr\/wp-json\/wp\/v2\/media?parent=32788"}],"wp:term":[{"taxonomy":"product_brand","embeddable":true,"href":"https:\/\/www.speedmodels.ch\/fr\/wp-json\/wp\/v2\/product_brand?post=32788"},{"taxonomy":"product_cat","embeddable":true,"href":"https:\/\/www.speedmodels.ch\/fr\/wp-json\/wp\/v2\/product_cat?post=32788"},{"taxonomy":"product_tag","embeddable":true,"href":"https:\/\/www.speedmodels.ch\/fr\/wp-json\/wp\/v2\/product_tag?post=32788"}],"curies":[{"name":"wp","href":"https:\/\/api.w.org\/{rel}","templated":true}]}}