{"id":32479,"date":"2025-07-31T11:33:08","date_gmt":"2025-07-31T11:33:08","guid":{"rendered":"https:\/\/www.speedmodels.ch\/?post_type=product&#038;p=32479"},"modified":"2025-07-31T11:37:15","modified_gmt":"2025-07-31T11:37:15","slug":"profile-en-plastique-panneau-facade-tole-ondulee-35x2-8mm-187-h0","status":"publish","type":"product","link":"https:\/\/www.speedmodels.ch\/fr\/produits\/profiles-plaques\/profiles-en-plastic\/planneau-de-facade\/profile-en-plastique-panneau-facade-tole-ondulee-35x2-8mm-187-h0\/","title":{"rendered":"Profile en plastique panneau fa\u00e7ade \/ t\u00f4le ondul\u00e9e 35&#215;2.8mm \/ 1:87 (H0)"},"content":{"rendered":"<p>Profile en plastique fa\u00e7ade \/ t\u00f4le ondul\u00e9e<\/p>\n<p>A = 35.0 mm<\/p>\n<p>B = 2.8 mm<\/p>\n<p>longueur = 600 mm<\/p>\n<p>\u00e9chelle: 1:87 \/ H0<\/p>\n<p>emballage de 3 pcs<\/p>\n<div style=\"text-align:left\" class=\"wps-pgfw-pdf-generate-icon__wrapper-frontend\">\n\t\t<a href=\"https:\/\/www.speedmodels.ch\/fr\/wp-json\/wp\/v2\/product\/32479\/?action=genpdf&amp;id=32479\" class=\"pgfw-single-pdf-download-button\" target=_blank><img src=\"https:\/\/speedmodels.ch\/wp-content\/uploads\/2021\/09\/pdf_icon.png\" title=\"G\u00e9n\u00e9rer un PDF\" style=\"width:auto; height:45px;\"><\/a>\n\t\t<\/div>","protected":false},"excerpt":{"rendered":"<p>Profile en plastique fa\u00e7ade \/ t\u00f4le ondul\u00e9e A = 35.0 mm B = 2.8 mm longueur = 600 mm \u00e9chelle: 1:87 \/ H0 emballage de 3 pcs<\/p>\n","protected":false},"featured_media":31918,"template":"","meta":[],"product_brand":[],"product_cat":[2115,1512,1782],"product_tag":[],"class_list":{"0":"post-32479","1":"product","2":"type-product","3":"status-publish","4":"has-post-thumbnail","6":"product_cat-planneau-de-facade","7":"product_cat-profiles-plaques","8":"product_cat-profiles-en-plastic","10":"first","11":"instock","12":"shipping-taxable","13":"product-type-simple"},"_links":{"self":[{"href":"https:\/\/www.speedmodels.ch\/fr\/wp-json\/wp\/v2\/product\/32479","targetHints":{"allow":["GET"]}}],"collection":[{"href":"https:\/\/www.speedmodels.ch\/fr\/wp-json\/wp\/v2\/product"}],"about":[{"href":"https:\/\/www.speedmodels.ch\/fr\/wp-json\/wp\/v2\/types\/product"}],"version-history":[{"count":1,"href":"https:\/\/www.speedmodels.ch\/fr\/wp-json\/wp\/v2\/product\/32479\/revisions"}],"predecessor-version":[{"id":32483,"href":"https:\/\/www.speedmodels.ch\/fr\/wp-json\/wp\/v2\/product\/32479\/revisions\/32483"}],"wp:featuredmedia":[{"embeddable":true,"href":"https:\/\/www.speedmodels.ch\/fr\/wp-json\/wp\/v2\/media\/31918"}],"wp:attachment":[{"href":"https:\/\/www.speedmodels.ch\/fr\/wp-json\/wp\/v2\/media?parent=32479"}],"wp:term":[{"taxonomy":"product_brand","embeddable":true,"href":"https:\/\/www.speedmodels.ch\/fr\/wp-json\/wp\/v2\/product_brand?post=32479"},{"taxonomy":"product_cat","embeddable":true,"href":"https:\/\/www.speedmodels.ch\/fr\/wp-json\/wp\/v2\/product_cat?post=32479"},{"taxonomy":"product_tag","embeddable":true,"href":"https:\/\/www.speedmodels.ch\/fr\/wp-json\/wp\/v2\/product_tag?post=32479"}],"curies":[{"name":"wp","href":"https:\/\/api.w.org\/{rel}","templated":true}]}}