{"id":32478,"date":"2025-07-31T11:33:07","date_gmt":"2025-07-31T11:33:07","guid":{"rendered":"https:\/\/www.speedmodels.ch\/?post_type=product&#038;p=32478"},"modified":"2025-11-24T14:57:00","modified_gmt":"2025-11-24T14:57:00","slug":"profile-en-plastique-facade-tole-ondulee-19x1-6mm-1160-n","status":"publish","type":"product","link":"https:\/\/www.speedmodels.ch\/fr\/produits\/profiles-plaques\/profiles-en-plastic\/planneau-de-facade\/profile-en-plastique-facade-tole-ondulee-19x1-6mm-1160-n\/","title":{"rendered":"Profile en plastique fa\u00e7ade \/ t\u00f4le ondul\u00e9e 19&#215;1.6mm \/ 1:160 (N)"},"content":{"rendered":"<p>Profile en plastique fa\u00e7ade \/ t\u00f4le ondul\u00e9e<\/p>\n<p>A = 19.0 mm<\/p>\n<p>B = 1.6 mm<\/p>\n<p>longueur = 600 mm<\/p>\n<p>\u00e9chelle: 1:160 \/ N<\/p>\n<p>emballage de 3 pcs<\/p>\n<div style=\"text-align:left\" class=\"wps-pgfw-pdf-generate-icon__wrapper-frontend\">\n\t\t<a href=\"https:\/\/www.speedmodels.ch\/fr\/wp-json\/wp\/v2\/product\/32478\/?action=genpdf&amp;id=32478\" class=\"pgfw-single-pdf-download-button\" target=_blank><img src=\"https:\/\/speedmodels.ch\/wp-content\/uploads\/2021\/09\/pdf_icon.png\" title=\"G\u00e9n\u00e9rer un PDF\" style=\"width:auto; height:45px;\"><\/a>\n\t\t<\/div>","protected":false},"excerpt":{"rendered":"<p>Profile en plastique fa\u00e7ade \/ t\u00f4le ondul\u00e9e A = 19.0 mm B = 1.6 mm longueur = 600 mm \u00e9chelle: 1:160 \/ N emballage de 3 pcs<\/p>\n","protected":false},"featured_media":31918,"template":"","meta":[],"product_brand":[],"product_cat":[1541,2115,1512,1782],"product_tag":[],"class_list":{"0":"post-32478","1":"product","2":"type-product","3":"status-publish","4":"has-post-thumbnail","6":"product_cat-nouveautees","7":"product_cat-planneau-de-facade","8":"product_cat-profiles-plaques","9":"product_cat-profiles-en-plastic","11":"first","12":"instock","13":"featured","14":"shipping-taxable","15":"product-type-simple"},"_links":{"self":[{"href":"https:\/\/www.speedmodels.ch\/fr\/wp-json\/wp\/v2\/product\/32478","targetHints":{"allow":["GET"]}}],"collection":[{"href":"https:\/\/www.speedmodels.ch\/fr\/wp-json\/wp\/v2\/product"}],"about":[{"href":"https:\/\/www.speedmodels.ch\/fr\/wp-json\/wp\/v2\/types\/product"}],"version-history":[{"count":1,"href":"https:\/\/www.speedmodels.ch\/fr\/wp-json\/wp\/v2\/product\/32478\/revisions"}],"predecessor-version":[{"id":32484,"href":"https:\/\/www.speedmodels.ch\/fr\/wp-json\/wp\/v2\/product\/32478\/revisions\/32484"}],"wp:featuredmedia":[{"embeddable":true,"href":"https:\/\/www.speedmodels.ch\/fr\/wp-json\/wp\/v2\/media\/31918"}],"wp:attachment":[{"href":"https:\/\/www.speedmodels.ch\/fr\/wp-json\/wp\/v2\/media?parent=32478"}],"wp:term":[{"taxonomy":"product_brand","embeddable":true,"href":"https:\/\/www.speedmodels.ch\/fr\/wp-json\/wp\/v2\/product_brand?post=32478"},{"taxonomy":"product_cat","embeddable":true,"href":"https:\/\/www.speedmodels.ch\/fr\/wp-json\/wp\/v2\/product_cat?post=32478"},{"taxonomy":"product_tag","embeddable":true,"href":"https:\/\/www.speedmodels.ch\/fr\/wp-json\/wp\/v2\/product_tag?post=32478"}],"curies":[{"name":"wp","href":"https:\/\/api.w.org\/{rel}","templated":true}]}}