{"id":32263,"date":"2025-07-28T09:49:04","date_gmt":"2025-07-28T09:49:04","guid":{"rendered":"https:\/\/www.speedmodels.ch\/?post_type=product&#038;p=32263"},"modified":"2025-07-28T09:49:59","modified_gmt":"2025-07-28T09:49:59","slug":"orastick-entoilage-autocollant-jaune-cup-2m","status":"publish","type":"product","link":"https:\/\/www.speedmodels.ch\/fr\/produits\/film-couverture-decor\/orastick-film-autocollant\/orastick-entoilage-autocollant-jaune-cup-2m\/","title":{"rendered":"Orastick entoilage autocollant jaune cup 2m"},"content":{"rendered":"<p><strong>ORASTICK\u00ae<\/strong> entoilage autocollant thermor\u00e9tractable avec l&rsquo;aide d&rsquo;un fer \u00e0 repasser ou d&rsquo;un d\u00e9capeur thermique. ORACOVER\u00ae et ORASTICK\u00ae partagent les m\u00eames qualit\u00e9s uniques et peuvent \u00eatre appliqu\u00e9s facilement sur le m\u00eame mod\u00e8le. Ils peuvent \u00e9galement \u00eatre trait\u00e9s entre eux. La plus grande diff\u00e9rence est l&rsquo;adh\u00e9sif. L&rsquo;ORACOVER\u00ae est adh\u00e9sif sous l&rsquo;effet de la chaleur, l&rsquo;ORASTICK\u00ae est autocollant.<\/p>\n<p>La palette des couleurs standards d\u2019ORASTICK\u00ae comprend 27 couleurs qui sont tr\u00e8s appr\u00e9ci\u00e9es depuis des ann\u00e9es.<\/p>\n<p><strong>caract\u00e9ristiques<\/strong>:<br \/>\n\u2022 thermocollant<br \/>\n\u2022 amovible avec le s\u00e8che-cheveux<br \/>\n\u2022 r\u00e9sistant aux carburants<br \/>\n\u2022 r\u00e9sistant \u00e0 la temp\u00e9rature jusqu&rsquo;\u00e0 250 \u00b0C<br \/>\n\u2022 peut \u00eatre peint<br \/>\n\u2022 Adh\u00e9sif activable par la chaleur<br \/>\n\u2022 Appliqu\u00e9 conform\u00e9ment aux instructions de traitement, ORACOVER\u00ae ne fait pas de bulles ni de plis.<\/p>\n<p><strong>Fiches t\u00e9chniques:<\/strong><br \/>\n\u2022 film polyester avec couche d&rsquo;encre et d&rsquo;adh\u00e9sif (thermo-activable)<br \/>\n\u2022 \u00e9paisseur du mat\u00e9riau: ca. 45 &#8211; ca. 65 \u00b5m<br \/>\n\u2022 film de supoort: 23 \u00b5m<br \/>\n\u2022 poids: environ 54 &#8211; ca. 109 g\/m\u00b2 (selon la couleur)<br \/>\n\u2022 r\u00e9sistance \u00e0 la traction (en longueur &amp; en largeur): minimum: 283 N \/ 50 mm<br \/>\n\u2022 allongement \u00e0 la rupture (en longueur &amp; en largeur): minimum: 90 %<br \/>\n\u2022 r\u00e9traction: minimum: 5 % biaxial (se r\u00e9r\u00e9rant \u00e0 150 \u00b0C)<br \/>\n\u2022 point de fusion: 250 \u00b0C<br \/>\n\u2022 force d&rsquo;adh\u00e9rance: minimun: 5 N \/ 25 mm<\/p>\n<p><strong>Information:<\/strong><br \/>\n\u2022 Nos couleurs ne sont pas identiques \u00e0 la palette de couleurs RAL.<br \/>\n\u2022 dans notre assortiment de vernis, vous trouverez un vernis ORACOLOR\u00ae de couleur identique pour un grand nombre de nos films et de nos tissus, ainsi que des durcisseurs et des diluants.<\/p>\n<p>Downloads pour cet article: ORASTICK Verarbeitungsanleitung <a href=\"https:\/\/www.oracover.de\/downloads\/get\/186\/orastick-verarbeitungsanleitung\">https:\/\/www.oracover.de\/downloads\/get\/186\/orastick-verarbeitungsanleitung<\/a><\/p>\n<p>longuer: 2 m<\/p>\n<p>largeur: 60 cm<\/p>\n<div style=\"text-align:left\" class=\"wps-pgfw-pdf-generate-icon__wrapper-frontend\">\n\t\t<a href=\"https:\/\/www.speedmodels.ch\/fr\/wp-json\/wp\/v2\/product\/32263\/?action=genpdf&amp;id=32263\" class=\"pgfw-single-pdf-download-button\" target=_blank><img src=\"https:\/\/speedmodels.ch\/wp-content\/uploads\/2021\/09\/pdf_icon.png\" title=\"G\u00e9n\u00e9rer un PDF\" style=\"width:auto; height:45px;\"><\/a>\n\t\t<\/div>","protected":false},"excerpt":{"rendered":"<p>ORASTICK\u00ae entoilage autocollant thermor\u00e9tractable avec l&rsquo;aide d&rsquo;un fer \u00e0 repasser ou d&rsquo;un d\u00e9capeur thermique. ORACOVER\u00ae et ORASTICK\u00ae partagent les m\u00eames qualit\u00e9s uniques et peuvent \u00eatre appliqu\u00e9s facilement sur le m\u00eame mod\u00e8le. Ils peuvent \u00e9galement \u00eatre trait\u00e9s entre eux. La plus grande diff\u00e9rence est l&rsquo;adh\u00e9sif. L&rsquo;ORACOVER\u00ae est adh\u00e9sif sous l&rsquo;effet de la chaleur, l&rsquo;ORASTICK\u00ae est autocollant. [&hellip;]<\/p>\n","protected":false},"featured_media":31517,"template":"","meta":[],"product_brand":[],"product_cat":[1586,1846],"product_tag":[],"class_list":{"0":"post-32263","1":"product","2":"type-product","3":"status-publish","4":"has-post-thumbnail","6":"product_cat-film-couverture-decor","7":"product_cat-orastick-film-autocollant","9":"first","10":"instock","11":"shipping-taxable","12":"product-type-simple"},"_links":{"self":[{"href":"https:\/\/www.speedmodels.ch\/fr\/wp-json\/wp\/v2\/product\/32263","targetHints":{"allow":["GET"]}}],"collection":[{"href":"https:\/\/www.speedmodels.ch\/fr\/wp-json\/wp\/v2\/product"}],"about":[{"href":"https:\/\/www.speedmodels.ch\/fr\/wp-json\/wp\/v2\/types\/product"}],"version-history":[{"count":1,"href":"https:\/\/www.speedmodels.ch\/fr\/wp-json\/wp\/v2\/product\/32263\/revisions"}],"predecessor-version":[{"id":32398,"href":"https:\/\/www.speedmodels.ch\/fr\/wp-json\/wp\/v2\/product\/32263\/revisions\/32398"}],"wp:featuredmedia":[{"embeddable":true,"href":"https:\/\/www.speedmodels.ch\/fr\/wp-json\/wp\/v2\/media\/31517"}],"wp:attachment":[{"href":"https:\/\/www.speedmodels.ch\/fr\/wp-json\/wp\/v2\/media?parent=32263"}],"wp:term":[{"taxonomy":"product_brand","embeddable":true,"href":"https:\/\/www.speedmodels.ch\/fr\/wp-json\/wp\/v2\/product_brand?post=32263"},{"taxonomy":"product_cat","embeddable":true,"href":"https:\/\/www.speedmodels.ch\/fr\/wp-json\/wp\/v2\/product_cat?post=32263"},{"taxonomy":"product_tag","embeddable":true,"href":"https:\/\/www.speedmodels.ch\/fr\/wp-json\/wp\/v2\/product_tag?post=32263"}],"curies":[{"name":"wp","href":"https:\/\/api.w.org\/{rel}","templated":true}]}}