{"id":31959,"date":"2025-06-26T09:20:54","date_gmt":"2025-06-26T09:20:54","guid":{"rendered":"https:\/\/www.speedmodels.ch\/?post_type=product&#038;p=31959"},"modified":"2026-04-16T12:27:44","modified_gmt":"2026-04-16T12:27:44","slug":"separateur-de-voies-n-scale-1160-330mm","status":"publish","type":"product","link":"https:\/\/www.speedmodels.ch\/fr\/produits\/profiles-plaques\/profiles-en-plastic\/separateur-de-voies-n-scale-1160-330mm\/","title":{"rendered":"S\u00e9parateur de voies \u00e0 l&rsquo;\u00e9chelle N 1:160 \/ 330mm"},"content":{"rendered":"<p>S\u00e9parateur de voies gris, \u00e9chelle N 1:160<\/p>\n<p>A = 5.0 mm<\/p>\n<p>B = 4.0 mm<\/p>\n<p>Set de 5 pi\u00e8ces<\/p>\n<p>Longueur : 330 mm<\/p>\n<div style=\"text-align:left\" class=\"wps-pgfw-pdf-generate-icon__wrapper-frontend\">\n\t\t<a href=\"https:\/\/www.speedmodels.ch\/fr\/wp-json\/wp\/v2\/product\/31959\/?action=genpdf&amp;id=31959\" class=\"pgfw-single-pdf-download-button\" target=_blank><img src=\"https:\/\/speedmodels.ch\/wp-content\/uploads\/2021\/09\/pdf_icon.png\" title=\"G\u00e9n\u00e9rer un PDF\" style=\"width:auto; height:45px;\"><\/a>\n\t\t<\/div>","protected":false},"excerpt":{"rendered":"<p>S\u00e9parateur de voies gris, \u00e9chelle N 1:160 A = 5.0 mm B = 4.0 mm Set de 5 pi\u00e8ces Longueur : 330 mm<\/p>\n","protected":false},"featured_media":31914,"template":"","meta":[],"product_brand":[],"product_cat":[1512,1782],"product_tag":[],"class_list":{"0":"post-31959","1":"product","2":"type-product","3":"status-publish","4":"has-post-thumbnail","6":"product_cat-profiles-plaques","7":"product_cat-profiles-en-plastic","9":"first","10":"instock","11":"shipping-taxable","12":"product-type-simple"},"_links":{"self":[{"href":"https:\/\/www.speedmodels.ch\/fr\/wp-json\/wp\/v2\/product\/31959","targetHints":{"allow":["GET"]}}],"collection":[{"href":"https:\/\/www.speedmodels.ch\/fr\/wp-json\/wp\/v2\/product"}],"about":[{"href":"https:\/\/www.speedmodels.ch\/fr\/wp-json\/wp\/v2\/types\/product"}],"version-history":[{"count":2,"href":"https:\/\/www.speedmodels.ch\/fr\/wp-json\/wp\/v2\/product\/31959\/revisions"}],"predecessor-version":[{"id":33146,"href":"https:\/\/www.speedmodels.ch\/fr\/wp-json\/wp\/v2\/product\/31959\/revisions\/33146"}],"wp:featuredmedia":[{"embeddable":true,"href":"https:\/\/www.speedmodels.ch\/fr\/wp-json\/wp\/v2\/media\/31914"}],"wp:attachment":[{"href":"https:\/\/www.speedmodels.ch\/fr\/wp-json\/wp\/v2\/media?parent=31959"}],"wp:term":[{"taxonomy":"product_brand","embeddable":true,"href":"https:\/\/www.speedmodels.ch\/fr\/wp-json\/wp\/v2\/product_brand?post=31959"},{"taxonomy":"product_cat","embeddable":true,"href":"https:\/\/www.speedmodels.ch\/fr\/wp-json\/wp\/v2\/product_cat?post=31959"},{"taxonomy":"product_tag","embeddable":true,"href":"https:\/\/www.speedmodels.ch\/fr\/wp-json\/wp\/v2\/product_tag?post=31959"}],"curies":[{"name":"wp","href":"https:\/\/api.w.org\/{rel}","templated":true}]}}