{"id":31937,"date":"2025-06-26T08:52:58","date_gmt":"2025-06-26T08:52:58","guid":{"rendered":"https:\/\/www.speedmodels.ch\/?post_type=product&#038;p=31937"},"modified":"2025-07-31T11:47:55","modified_gmt":"2025-07-31T11:47:55","slug":"glissiere-de-securite-1225-kopie","status":"publish","type":"product","link":"https:\/\/www.speedmodels.ch\/fr\/produits\/profiles-plaques\/profiles-en-plastic\/glissiere-de-securite\/glissiere-de-securite-1225-kopie\/","title":{"rendered":"Glissi\u00e8re de s\u00e9curit\u00e9 TS-Scale 1:14 \/ 600mm"},"content":{"rendered":"<p>Profile glissi\u00e8re de s\u00e9curit\u00e9 gris, TS-Scale 1:14<\/p>\n<p>A = 14.1 mm<\/p>\n<p>B = 4.8 mm<\/p>\n<p>Emballage de 5pcs<\/p>\n<p>longueur: 60cm<\/p>\n<div style=\"text-align:left\" class=\"wps-pgfw-pdf-generate-icon__wrapper-frontend\">\n\t\t<a href=\"https:\/\/www.speedmodels.ch\/fr\/wp-json\/wp\/v2\/product\/31937\/?action=genpdf&amp;id=31937\" class=\"pgfw-single-pdf-download-button\" target=_blank><img src=\"https:\/\/speedmodels.ch\/wp-content\/uploads\/2021\/09\/pdf_icon.png\" title=\"G\u00e9n\u00e9rer un PDF\" style=\"width:auto; height:45px;\"><\/a>\n\t\t<\/div>","protected":false},"excerpt":{"rendered":"<p>Profile glissi\u00e8re de s\u00e9curit\u00e9 gris, TS-Scale 1:14 A = 14.1 mm B = 4.8 mm Emballage de 5pcs longueur: 60cm<\/p>\n","protected":false},"featured_media":31912,"template":"","meta":[],"product_brand":[],"product_cat":[2109,1512,1782],"product_tag":[],"class_list":{"0":"post-31937","1":"product","2":"type-product","3":"status-publish","4":"has-post-thumbnail","6":"product_cat-glissiere-de-securite","7":"product_cat-profiles-plaques","8":"product_cat-profiles-en-plastic","10":"first","11":"instock","12":"shipping-taxable","13":"product-type-simple"},"_links":{"self":[{"href":"https:\/\/www.speedmodels.ch\/fr\/wp-json\/wp\/v2\/product\/31937","targetHints":{"allow":["GET"]}}],"collection":[{"href":"https:\/\/www.speedmodels.ch\/fr\/wp-json\/wp\/v2\/product"}],"about":[{"href":"https:\/\/www.speedmodels.ch\/fr\/wp-json\/wp\/v2\/types\/product"}],"version-history":[{"count":2,"href":"https:\/\/www.speedmodels.ch\/fr\/wp-json\/wp\/v2\/product\/31937\/revisions"}],"predecessor-version":[{"id":32020,"href":"https:\/\/www.speedmodels.ch\/fr\/wp-json\/wp\/v2\/product\/31937\/revisions\/32020"}],"wp:featuredmedia":[{"embeddable":true,"href":"https:\/\/www.speedmodels.ch\/fr\/wp-json\/wp\/v2\/media\/31912"}],"wp:attachment":[{"href":"https:\/\/www.speedmodels.ch\/fr\/wp-json\/wp\/v2\/media?parent=31937"}],"wp:term":[{"taxonomy":"product_brand","embeddable":true,"href":"https:\/\/www.speedmodels.ch\/fr\/wp-json\/wp\/v2\/product_brand?post=31937"},{"taxonomy":"product_cat","embeddable":true,"href":"https:\/\/www.speedmodels.ch\/fr\/wp-json\/wp\/v2\/product_cat?post=31937"},{"taxonomy":"product_tag","embeddable":true,"href":"https:\/\/www.speedmodels.ch\/fr\/wp-json\/wp\/v2\/product_tag?post=31937"}],"curies":[{"name":"wp","href":"https:\/\/api.w.org\/{rel}","templated":true}]}}