{"id":31929,"date":"2025-06-26T08:52:56","date_gmt":"2025-06-26T08:52:56","guid":{"rendered":"https:\/\/www.speedmodels.ch\/?post_type=product&#038;p=31929"},"modified":"2025-06-26T10:58:25","modified_gmt":"2025-06-26T10:58:25","slug":"glissiere-de-securite-1160","status":"publish","type":"product","link":"https:\/\/www.speedmodels.ch\/fr\/produits\/profiles-plaques\/profiles-en-plastic\/glissiere-de-securite\/glissiere-de-securite-1160\/","title":{"rendered":"Glissi\u00e8re de s\u00e9curit\u00e9 N-Scale 1:160 7 330mm"},"content":{"rendered":"<p>Profile glissi\u00e8re de s\u00e9curit\u00e9 gris, N-Scale 1:160<\/p>\n<p>A = 1.9 mm<\/p>\n<p>B = 1.0 mm<\/p>\n<p>Emballage de 5pcs<\/p>\n<p>longueur: 33cm<\/p>\n<div style=\"text-align:left\" class=\"wps-pgfw-pdf-generate-icon__wrapper-frontend\">\n\t\t<a href=\"https:\/\/www.speedmodels.ch\/fr\/wp-json\/wp\/v2\/product\/31929\/?action=genpdf&amp;id=31929\" class=\"pgfw-single-pdf-download-button\" target=_blank><img src=\"https:\/\/speedmodels.ch\/wp-content\/uploads\/2021\/09\/pdf_icon.png\" title=\"G\u00e9n\u00e9rer un PDF\" style=\"width:auto; height:45px;\"><\/a>\n\t\t<\/div>","protected":false},"excerpt":{"rendered":"<p>Profile glissi\u00e8re de s\u00e9curit\u00e9 gris, N-Scale 1:160 A = 1.9 mm B = 1.0 mm Emballage de 5pcs longueur: 33cm<\/p>\n","protected":false},"featured_media":31912,"template":"","meta":[],"product_brand":[],"product_cat":[2109,1541,1512,1782],"product_tag":[],"class_list":{"0":"post-31929","1":"product","2":"type-product","3":"status-publish","4":"has-post-thumbnail","6":"product_cat-glissiere-de-securite","7":"product_cat-nouveautees","8":"product_cat-profiles-plaques","9":"product_cat-profiles-en-plastic","11":"first","12":"instock","13":"featured","14":"shipping-taxable","15":"product-type-simple"},"_links":{"self":[{"href":"https:\/\/www.speedmodels.ch\/fr\/wp-json\/wp\/v2\/product\/31929","targetHints":{"allow":["GET"]}}],"collection":[{"href":"https:\/\/www.speedmodels.ch\/fr\/wp-json\/wp\/v2\/product"}],"about":[{"href":"https:\/\/www.speedmodels.ch\/fr\/wp-json\/wp\/v2\/types\/product"}],"version-history":[{"count":2,"href":"https:\/\/www.speedmodels.ch\/fr\/wp-json\/wp\/v2\/product\/31929\/revisions"}],"predecessor-version":[{"id":32010,"href":"https:\/\/www.speedmodels.ch\/fr\/wp-json\/wp\/v2\/product\/31929\/revisions\/32010"}],"wp:featuredmedia":[{"embeddable":true,"href":"https:\/\/www.speedmodels.ch\/fr\/wp-json\/wp\/v2\/media\/31912"}],"wp:attachment":[{"href":"https:\/\/www.speedmodels.ch\/fr\/wp-json\/wp\/v2\/media?parent=31929"}],"wp:term":[{"taxonomy":"product_brand","embeddable":true,"href":"https:\/\/www.speedmodels.ch\/fr\/wp-json\/wp\/v2\/product_brand?post=31929"},{"taxonomy":"product_cat","embeddable":true,"href":"https:\/\/www.speedmodels.ch\/fr\/wp-json\/wp\/v2\/product_cat?post=31929"},{"taxonomy":"product_tag","embeddable":true,"href":"https:\/\/www.speedmodels.ch\/fr\/wp-json\/wp\/v2\/product_tag?post=31929"}],"curies":[{"name":"wp","href":"https:\/\/api.w.org\/{rel}","templated":true}]}}