{"id":31224,"date":"2025-05-22T11:46:11","date_gmt":"2025-05-22T11:46:11","guid":{"rendered":"https:\/\/www.speedmodels.ch\/?post_type=product&#038;p=31224"},"modified":"2025-05-22T11:47:14","modified_gmt":"2025-05-22T11:47:14","slug":"orastick-entoilage-autocollant-creme-mat-10m","status":"publish","type":"product","link":"https:\/\/www.speedmodels.ch\/fr\/produits\/film-couverture-decor\/orastick-film-autocollant\/orastick-entoilage-autocollant-creme-mat-10m\/","title":{"rendered":"Orastick entoilage autocollant cr\u00e9me mat 10m"},"content":{"rendered":"<p>Les s\u00e9ries ORACOVER\u00ae MAT et ORASTICK\u00ae MAT font battre le c\u0153ur de tous les pilotes. M\u00eame les clients qui sont \u00e0 la recherche d\u2019un design chic et peu ordinaire en auront pleinement pour son argent. Si pour la construction de mod\u00e8les militaires ou pour la conception de mod\u00e8les r\u00e9duits \u2013 ces films sont partout utilis\u00e9s l\u00e0 o\u00f9 l&rsquo;extraordinaire est demand\u00e9. Les films mats apportent une touche sp\u00e9ciale aux Fun-Flyers et aux mod\u00e8les purement fonctionnelles. Ainsi ils seront une chose qui attire l\u2019\u0153il sans concurrence. Selon les besoins, nous allons \u00e9largir la gamme de films mats.  <\/p>\n<p>ORASTICK\u00ae entoilage autocollant thermor\u00e9tractable avec l&rsquo;aide d&rsquo;un fer \u00e0 repasser ou d&rsquo;un d\u00e9capeur thermique.<br \/>\nORACOVER\u00ae et ORASTICK\u00ae partagent les m\u00eames qualit\u00e9s uniques et peuvent \u00eatre appliqu\u00e9s facilement sur le m\u00eame mod\u00e8le. Ils peuvent \u00e9galement \u00eatre trait\u00e9s entre eux. La plus grande diff\u00e9rence est l&rsquo;adh\u00e9sif. L&rsquo;ORACOVER\u00ae est adh\u00e9sif sous l&rsquo;effet de la chaleur, l&rsquo;ORASTICK\u00ae est autocollant.<\/p>\n<p>Informations:<br \/>\n\u2022 nos couleurs ne sont pas identiques \u00e0 la palette de couleurs RAL.<br \/>\n\u2022 Dans notre assortiment de vernis, vous trouverez un vernis ORACOLOR de couleur identique pour un grand nombre de nos films et de nos tissus, ainsi que des durcisseurs et des diluants.<\/p>\n<p>&nbsp;<\/p>\n<p>largeur: 60 cm<\/p>\n<p>longueur: 10 m<\/p>\n<p>Downloads f\u00fcr diesen Artikel: <a href=\"https:\/\/www.oracover.de\/downloads\/viewcat\/1\/anleitungen\">Verarbeitungsanleitung<\/a><\/p>\n<div style=\"text-align:left\" class=\"wps-pgfw-pdf-generate-icon__wrapper-frontend\">\n\t\t<a href=\"https:\/\/www.speedmodels.ch\/fr\/wp-json\/wp\/v2\/product\/31224\/?action=genpdf&amp;id=31224\" class=\"pgfw-single-pdf-download-button\" target=_blank><img src=\"https:\/\/speedmodels.ch\/wp-content\/uploads\/2021\/09\/pdf_icon.png\" title=\"G\u00e9n\u00e9rer un PDF\" style=\"width:auto; height:45px;\"><\/a>\n\t\t<\/div>","protected":false},"excerpt":{"rendered":"<p>Les s\u00e9ries ORACOVER\u00ae MAT et ORASTICK\u00ae MAT font battre le c\u0153ur de tous les pilotes. M\u00eame les clients qui sont \u00e0 la recherche d\u2019un design chic et peu ordinaire en auront pleinement pour son argent. Si pour la construction de mod\u00e8les militaires ou pour la conception de mod\u00e8les r\u00e9duits \u2013 ces films sont partout utilis\u00e9s [&hellip;]<\/p>\n","protected":false},"featured_media":30872,"template":"","meta":[],"product_brand":[],"product_cat":[1586,1846],"product_tag":[],"class_list":{"0":"post-31224","1":"product","2":"type-product","3":"status-publish","4":"has-post-thumbnail","6":"product_cat-film-couverture-decor","7":"product_cat-orastick-film-autocollant","9":"first","10":"instock","11":"shipping-taxable","12":"product-type-simple"},"_links":{"self":[{"href":"https:\/\/www.speedmodels.ch\/fr\/wp-json\/wp\/v2\/product\/31224","targetHints":{"allow":["GET"]}}],"collection":[{"href":"https:\/\/www.speedmodels.ch\/fr\/wp-json\/wp\/v2\/product"}],"about":[{"href":"https:\/\/www.speedmodels.ch\/fr\/wp-json\/wp\/v2\/types\/product"}],"version-history":[{"count":1,"href":"https:\/\/www.speedmodels.ch\/fr\/wp-json\/wp\/v2\/product\/31224\/revisions"}],"predecessor-version":[{"id":31267,"href":"https:\/\/www.speedmodels.ch\/fr\/wp-json\/wp\/v2\/product\/31224\/revisions\/31267"}],"wp:featuredmedia":[{"embeddable":true,"href":"https:\/\/www.speedmodels.ch\/fr\/wp-json\/wp\/v2\/media\/30872"}],"wp:attachment":[{"href":"https:\/\/www.speedmodels.ch\/fr\/wp-json\/wp\/v2\/media?parent=31224"}],"wp:term":[{"taxonomy":"product_brand","embeddable":true,"href":"https:\/\/www.speedmodels.ch\/fr\/wp-json\/wp\/v2\/product_brand?post=31224"},{"taxonomy":"product_cat","embeddable":true,"href":"https:\/\/www.speedmodels.ch\/fr\/wp-json\/wp\/v2\/product_cat?post=31224"},{"taxonomy":"product_tag","embeddable":true,"href":"https:\/\/www.speedmodels.ch\/fr\/wp-json\/wp\/v2\/product_tag?post=31224"}],"curies":[{"name":"wp","href":"https:\/\/api.w.org\/{rel}","templated":true}]}}