{"id":31133,"date":"2025-05-22T09:23:16","date_gmt":"2025-05-22T09:23:16","guid":{"rendered":"https:\/\/www.speedmodels.ch\/?post_type=product&#038;p=31133"},"modified":"2025-05-22T09:24:01","modified_gmt":"2025-05-22T09:24:01","slug":"orastick-entoilage-autocollant-violet-fluo-2m","status":"publish","type":"product","link":"https:\/\/www.speedmodels.ch\/fr\/produits\/film-couverture-decor\/orastick-film-autocollant\/orastick-entoilage-autocollant-violet-fluo-2m\/","title":{"rendered":"Orastick entoilage autocollant violet fluo 2m"},"content":{"rendered":"<p><b>ORACOVER<sup>\u00ae<\/sup><\/b> fluorescent est utilis\u00e9 avec plaisir pour le finish parce qu\u2019on peut distinguer mieux la position du mod\u00e8le en vole gr\u00e2ce \u00e0 la puissance lumineuse forte des couleurs fluorescentes.<\/p>\n<p><sup>ORACOVER\u00ae<\/sup>, notre produit de tr\u00e8s haute qualit\u00e9 pour entoiler des avions mod\u00e8les est brevet\u00e9 dans le monde entier.<\/p>\n<p>Pour obtenir les meilleures propri\u00e9t\u00e9s du produit, <sup>ORACOVER\u00ae<\/sup> est exclusivement fabriqu\u00e9 \u00e0 partir de granul\u00e9s de polyester vierge, et non de mat\u00e9riaux recycl\u00e9s.<\/p>\n<p>Comme <sup>ORACOVER\u00ae<\/sup> est compos\u00e9 de v\u00e9ritable polyester sp\u00e9cial produit selon la technologie A-B-A, il est extr\u00eamement r\u00e9sistant \u00e0 la d\u00e9chirure et conf\u00e8re une stabilit\u00e9 suppl\u00e9mentaire \u00e0 votre mod\u00e8le. Gr\u00e2ce au syst\u00e8me multicouche polym\u00e9ris\u00e9 brevet\u00e9, la couche d&rsquo;encre de l&rsquo;<sup>ORACOVER\u00ae<\/sup> est pratiquement indestructible, et l&rsquo;efflorescence marginale connue des films traditionnels, qui se produit lors du repassage des coutures, est inconnue avec l&rsquo;<sup>ORACOVER\u00ae<\/sup>.<\/p>\n<p>Le film se caract\u00e9rise par des propri\u00e9t\u00e9s de traitement uniques. En cas d&rsquo;erreur de traitement, vous avez toujours une deuxi\u00e8me chance. Si l&rsquo;ORACOVER<sup>\u00ae<\/sup> est appliqu\u00e9 suivant les instructions, il n&rsquo;y a pas de bulles ni de plis.<\/p>\n<p>La colle thermosoudable sp\u00e9cialement formul\u00e9e d&rsquo;<sup>ORACOVER\u00ae<\/sup> est active d\u00e8s 80 \u00b0C, ce qui permet d&rsquo;entoiler sans risque des pi\u00e8ces de mod\u00e8les avec un noyau en mousse dure.<\/p>\n<p><sup>ORACOVER\u00ae<\/sup> peut \u00eatre recouvert par toutes les peintures <sup>ORACOLOR\u00ae<\/sup>.<\/p>\n<p><strong>caract\u00e9ristiques:<\/strong><\/p>\n<p>ORASTICK\u00ae fluorescent, autocollant, est utilis\u00e9 avec plaisir pour le finish parce qu\u2019on peut distinguer mieux la position du mod\u00e8le en vole gr\u00e2ce \u00e0 la puissance lumineuse forte des couleurs fluorescentes.<\/p>\n<p>Remarque : En raison des propri\u00e9t\u00e9s chimiques des pigments fluorescents, les couleurs au fluor ne sont pas inalt\u00e9rables en permanence. Selon le rayonnement UV, ils peuvent s&rsquo;estomper ou perdre leur luminosit\u00e9.<\/p>\n<p>ORASTICK\u00ae entoilage autocollant thermor\u00e9tractable avec l&rsquo;aide d&rsquo;un fer \u00e0 repasser ou d&rsquo;un d\u00e9capeur thermique.<br \/>\nORACOVER\u00ae et ORASTICK\u00ae partagent les m\u00eames qualit\u00e9s uniques et peuvent \u00eatre appliqu\u00e9s facilement sur le m\u00eame mod\u00e8le. Ils peuvent \u00e9galement \u00eatre trait\u00e9s entre eux. La plus grande diff\u00e9rence est l&rsquo;adh\u00e9sif. L&rsquo;ORACOVER\u00ae est adh\u00e9sif sous l&rsquo;effet de la chaleur, l&rsquo;ORASTICK\u00ae est autocollant.<\/p>\n<p>Informations:<br \/>\n\u2022 nos couleurs ne sont pas identiques \u00e0 la palette de couleurs RAL.<br \/>\n\u2022 Dans notre assortiment de vernis, vous trouverez un vernis ORACOLOR de couleur identique pour un grand nombre de nos films et de nos tissus, ainsi que des durcisseurs et des diluants.<\/p>\n<p>largeur: 60 cm<\/p>\n<p>longuer: 2 m<\/p>\n<p><strong>Bitte beachten Sie die Verarbeitungshinweise &#8211; Downloads f\u00fcr diesen Artikel: <\/strong><u><a href=\"https:\/\/www.oracover.de\/downloads\/viewcat\/1\/anleitungen\" target=\"_blank\" rel=\"noopener\">Verarbeitungsanleitung<\/a><\/u><\/p>\n<div class=\"panel-body\">\n<div>\n<p>&nbsp;<\/p>\n<\/div>\n<\/div>\n<div style=\"text-align:left\" class=\"wps-pgfw-pdf-generate-icon__wrapper-frontend\">\n\t\t<a href=\"https:\/\/www.speedmodels.ch\/fr\/wp-json\/wp\/v2\/product\/31133\/?action=genpdf&amp;id=31133\" class=\"pgfw-single-pdf-download-button\" target=_blank><img src=\"https:\/\/speedmodels.ch\/wp-content\/uploads\/2021\/09\/pdf_icon.png\" title=\"G\u00e9n\u00e9rer un PDF\" style=\"width:auto; height:45px;\"><\/a>\n\t\t<\/div>","protected":false},"excerpt":{"rendered":"<p>ORACOVER\u00ae fluorescent est utilis\u00e9 avec plaisir pour le finish parce qu\u2019on peut distinguer mieux la position du mod\u00e8le en vole gr\u00e2ce \u00e0 la puissance lumineuse forte des couleurs fluorescentes. ORACOVER\u00ae, notre produit de tr\u00e8s haute qualit\u00e9 pour entoiler des avions mod\u00e8les est brevet\u00e9 dans le monde entier. Pour obtenir les meilleures propri\u00e9t\u00e9s du produit, ORACOVER\u00ae [&hellip;]<\/p>\n","protected":false},"featured_media":30356,"template":"","meta":[],"product_brand":[],"product_cat":[1586,1846],"product_tag":[],"class_list":{"0":"post-31133","1":"product","2":"type-product","3":"status-publish","4":"has-post-thumbnail","6":"product_cat-film-couverture-decor","7":"product_cat-orastick-film-autocollant","8":"pa_oracover-laenge-2-m-fr","10":"first","11":"instock","12":"shipping-taxable","13":"product-type-simple"},"_links":{"self":[{"href":"https:\/\/www.speedmodels.ch\/fr\/wp-json\/wp\/v2\/product\/31133","targetHints":{"allow":["GET"]}}],"collection":[{"href":"https:\/\/www.speedmodels.ch\/fr\/wp-json\/wp\/v2\/product"}],"about":[{"href":"https:\/\/www.speedmodels.ch\/fr\/wp-json\/wp\/v2\/types\/product"}],"version-history":[{"count":1,"href":"https:\/\/www.speedmodels.ch\/fr\/wp-json\/wp\/v2\/product\/31133\/revisions"}],"predecessor-version":[{"id":31144,"href":"https:\/\/www.speedmodels.ch\/fr\/wp-json\/wp\/v2\/product\/31133\/revisions\/31144"}],"wp:featuredmedia":[{"embeddable":true,"href":"https:\/\/www.speedmodels.ch\/fr\/wp-json\/wp\/v2\/media\/30356"}],"wp:attachment":[{"href":"https:\/\/www.speedmodels.ch\/fr\/wp-json\/wp\/v2\/media?parent=31133"}],"wp:term":[{"taxonomy":"product_brand","embeddable":true,"href":"https:\/\/www.speedmodels.ch\/fr\/wp-json\/wp\/v2\/product_brand?post=31133"},{"taxonomy":"product_cat","embeddable":true,"href":"https:\/\/www.speedmodels.ch\/fr\/wp-json\/wp\/v2\/product_cat?post=31133"},{"taxonomy":"product_tag","embeddable":true,"href":"https:\/\/www.speedmodels.ch\/fr\/wp-json\/wp\/v2\/product_tag?post=31133"}],"curies":[{"name":"wp","href":"https:\/\/api.w.org\/{rel}","templated":true}]}}