{"id":31056,"date":"2025-05-12T12:47:55","date_gmt":"2025-05-12T12:47:55","guid":{"rendered":"https:\/\/www.speedmodels.ch\/?post_type=product&#038;p=31056"},"modified":"2025-05-12T13:28:58","modified_gmt":"2025-05-12T13:28:58","slug":"servo-an-12-mgbba-kopie","status":"publish","type":"product","link":"https:\/\/www.speedmodels.ch\/fr\/produits\/electronique\/servos-fr\/servos-fr-2\/servo-an-12-mgbba-kopie\/","title":{"rendered":"Servo AN-12-MGBBA (Kopie)"},"content":{"rendered":"<p>Le AN-12-MGBBA est un servo performant avec un engrenage m\u00e9tallique de haute qualit\u00e9 avec un temps de r\u00e9glage rapide. C&rsquo;est le servo adapt\u00e9 \u00e0 un grand nombre de mod\u00e8les et il est utilis\u00e9 sur presque tous les planeurs \u00e9lectriques comme servo de profondeur et de direction. Avec ses 12 mm, il peut \u00e9galement \u00eatre utilis\u00e9 dans les ailes comme servo d&rsquo;aileron ou d&rsquo;a\u00e9rofrein.<\/p>\n<table class=\"sw-text-editor-table\" style=\"height: 231px;\" width=\"440\">\n<tbody class=\"sw-text-editor-table__body\">\n<tr class=\"sw-text-editor-table__row\">\n<td class=\"sw-text-editor-table__col\">longuer x largeur x hauteur<\/td>\n<td class=\"sw-text-editor-table__col\">23,3 x 12,5 x 25,0<\/td>\n<\/tr>\n<tr class=\"sw-text-editor-table__row\">\n<td class=\"sw-text-editor-table__col\">engrenage<\/td>\n<td class=\"sw-text-editor-table__col\">m\u00e9tallique<\/td>\n<\/tr>\n<tr class=\"sw-text-editor-table__row\">\n<td class=\"sw-text-editor-table__col\">mode de fonctionnement<\/td>\n<td class=\"sw-text-editor-table__col\">analogique<\/td>\n<\/tr>\n<tr class=\"sw-text-editor-table__row\">\n<td class=\"sw-text-editor-table__col\">tension<\/td>\n<td class=\"sw-text-editor-table__col\">4,8 &#8211; 6,0 V<\/td>\n<\/tr>\n<tr class=\"sw-text-editor-table__row\">\n<td class=\"sw-text-editor-table__col\">force de r\u00e9glage 4,8 V<\/td>\n<td class=\"sw-text-editor-table__col\">2,2 kg\/cm<\/td>\n<\/tr>\n<tr class=\"sw-text-editor-table__row\">\n<td class=\"sw-text-editor-table__col\">force de r\u00e9glage 6,0 V<\/td>\n<td class=\"sw-text-editor-table__col\">2,5 kg\/cm<\/td>\n<\/tr>\n<tr class=\"sw-text-editor-table__row\">\n<td class=\"sw-text-editor-table__col\">temps de r\u00e9glage 4,8 V<\/td>\n<td class=\"sw-text-editor-table__col\">0,12 s 60\u00b0<\/td>\n<\/tr>\n<tr class=\"sw-text-editor-table__row\">\n<td class=\"sw-text-editor-table__col\">temps de r\u00e9glage 6,0 V<\/td>\n<td class=\"sw-text-editor-table__col\">0,10 s 60\u00b0<\/td>\n<\/tr>\n<\/tbody>\n<\/table>\n<p>&nbsp;<\/p>\n<p>&nbsp;<\/p>\n<div style=\"text-align:left\" class=\"wps-pgfw-pdf-generate-icon__wrapper-frontend\">\n\t\t<a href=\"https:\/\/www.speedmodels.ch\/fr\/wp-json\/wp\/v2\/product\/31056\/?action=genpdf&amp;id=31056\" class=\"pgfw-single-pdf-download-button\" target=_blank><img src=\"https:\/\/speedmodels.ch\/wp-content\/uploads\/2021\/09\/pdf_icon.png\" title=\"G\u00e9n\u00e9rer un PDF\" style=\"width:auto; height:45px;\"><\/a>\n\t\t<\/div>","protected":false},"excerpt":{"rendered":"<p>Le AN-12-MGBBA est un servo performant avec un engrenage m\u00e9tallique de haute qualit\u00e9 avec un temps de r\u00e9glage rapide. C&rsquo;est le servo adapt\u00e9 \u00e0 un grand nombre de mod\u00e8les et il est utilis\u00e9 sur presque tous les planeurs \u00e9lectriques comme servo de profondeur et de direction. Avec ses 12 mm, il peut \u00e9galement \u00eatre utilis\u00e9 [&hellip;]<\/p>\n","protected":false},"featured_media":30999,"template":"","meta":[],"product_brand":[],"product_cat":[1549,1504,1564],"product_tag":[],"class_list":{"0":"post-31056","1":"product","2":"type-product","3":"status-publish","4":"has-post-thumbnail","6":"product_cat-electronique","7":"product_cat-servos-fr","8":"product_cat-servos-fr-2","10":"first","11":"instock","12":"shipping-taxable","13":"product-type-simple"},"_links":{"self":[{"href":"https:\/\/www.speedmodels.ch\/fr\/wp-json\/wp\/v2\/product\/31056","targetHints":{"allow":["GET"]}}],"collection":[{"href":"https:\/\/www.speedmodels.ch\/fr\/wp-json\/wp\/v2\/product"}],"about":[{"href":"https:\/\/www.speedmodels.ch\/fr\/wp-json\/wp\/v2\/types\/product"}],"version-history":[{"count":1,"href":"https:\/\/www.speedmodels.ch\/fr\/wp-json\/wp\/v2\/product\/31056\/revisions"}],"predecessor-version":[{"id":31063,"href":"https:\/\/www.speedmodels.ch\/fr\/wp-json\/wp\/v2\/product\/31056\/revisions\/31063"}],"wp:featuredmedia":[{"embeddable":true,"href":"https:\/\/www.speedmodels.ch\/fr\/wp-json\/wp\/v2\/media\/30999"}],"wp:attachment":[{"href":"https:\/\/www.speedmodels.ch\/fr\/wp-json\/wp\/v2\/media?parent=31056"}],"wp:term":[{"taxonomy":"product_brand","embeddable":true,"href":"https:\/\/www.speedmodels.ch\/fr\/wp-json\/wp\/v2\/product_brand?post=31056"},{"taxonomy":"product_cat","embeddable":true,"href":"https:\/\/www.speedmodels.ch\/fr\/wp-json\/wp\/v2\/product_cat?post=31056"},{"taxonomy":"product_tag","embeddable":true,"href":"https:\/\/www.speedmodels.ch\/fr\/wp-json\/wp\/v2\/product_tag?post=31056"}],"curies":[{"name":"wp","href":"https:\/\/api.w.org\/{rel}","templated":true}]}}