{"id":31028,"date":"2025-05-01T09:36:28","date_gmt":"2025-05-01T09:36:28","guid":{"rendered":"https:\/\/www.speedmodels.ch\/?post_type=product&#038;p=31028"},"modified":"2025-05-01T09:37:04","modified_gmt":"2025-05-01T09:37:04","slug":"oracover-entoilage-autocollant-carbon-2m","status":"publish","type":"product","link":"https:\/\/www.speedmodels.ch\/fr\/produits\/film-couverture-decor\/orastick-film-autocollant\/oracover-entoilage-autocollant-carbon-2m\/","title":{"rendered":"Oracover entoilage autocollant Carbon 2m"},"content":{"rendered":"<p>ORASTICK\u00ae CARBON\u00ae, autocollant, le film au look ultime.<br \/>\nPour tous ceux qui aiment le sp\u00e9cial.<\/p>\n<p>ORASTICK\u00ae entoilage autocollant thermor\u00e9tractable avec l&rsquo;aide d&rsquo;un fer \u00e0 repasser ou d&rsquo;un d\u00e9capeur thermique.<br \/>\nORACOVER\u00ae et ORASTICK\u00ae partagent les m\u00eames qualit\u00e9s uniques et peuvent \u00eatre appliqu\u00e9s facilement sur le m\u00eame mod\u00e8le. Ils peuvent \u00e9galement \u00eatre trait\u00e9s entre eux. La plus grande diff\u00e9rence est l&rsquo;adh\u00e9sif. L&rsquo;ORACOVER\u00ae est adh\u00e9sif sous l&rsquo;effet de la chaleur, l&rsquo;ORASTICK\u00ae est autocollant.<\/p>\n<p>Downloads f\u00fcr diesen Artikel: <a href=\"http:\/\/www.oracover.de\/downloads\/viewcat\/1\/anleitungen\">Verarbeitungsanleitung<\/a><\/p>\n<p>largeur: 60 cm<\/p>\n<p>longuer: 2 m<\/p>\n<div style=\"text-align:left\" class=\"wps-pgfw-pdf-generate-icon__wrapper-frontend\">\n\t\t<a href=\"https:\/\/www.speedmodels.ch\/fr\/wp-json\/wp\/v2\/product\/31028\/?action=genpdf&amp;id=31028\" class=\"pgfw-single-pdf-download-button\" target=_blank><img src=\"https:\/\/speedmodels.ch\/wp-content\/uploads\/2021\/09\/pdf_icon.png\" title=\"G\u00e9n\u00e9rer un PDF\" style=\"width:auto; height:45px;\"><\/a>\n\t\t<\/div>","protected":false},"excerpt":{"rendered":"<p>ORASTICK\u00ae CARBON\u00ae, autocollant, le film au look ultime. Pour tous ceux qui aiment le sp\u00e9cial. ORASTICK\u00ae entoilage autocollant thermor\u00e9tractable avec l&rsquo;aide d&rsquo;un fer \u00e0 repasser ou d&rsquo;un d\u00e9capeur thermique. ORACOVER\u00ae et ORASTICK\u00ae partagent les m\u00eames qualit\u00e9s uniques et peuvent \u00eatre appliqu\u00e9s facilement sur le m\u00eame mod\u00e8le. Ils peuvent \u00e9galement \u00eatre trait\u00e9s entre eux. La plus [&hellip;]<\/p>\n","protected":false},"featured_media":30894,"template":"","meta":[],"product_brand":[],"product_cat":[1586,1846],"product_tag":[],"class_list":{"0":"post-31028","1":"product","2":"type-product","3":"status-publish","4":"has-post-thumbnail","6":"product_cat-film-couverture-decor","7":"product_cat-orastick-film-autocollant","9":"first","10":"instock","11":"shipping-taxable","12":"product-type-simple"},"_links":{"self":[{"href":"https:\/\/www.speedmodels.ch\/fr\/wp-json\/wp\/v2\/product\/31028","targetHints":{"allow":["GET"]}}],"collection":[{"href":"https:\/\/www.speedmodels.ch\/fr\/wp-json\/wp\/v2\/product"}],"about":[{"href":"https:\/\/www.speedmodels.ch\/fr\/wp-json\/wp\/v2\/types\/product"}],"version-history":[{"count":1,"href":"https:\/\/www.speedmodels.ch\/fr\/wp-json\/wp\/v2\/product\/31028\/revisions"}],"predecessor-version":[{"id":31031,"href":"https:\/\/www.speedmodels.ch\/fr\/wp-json\/wp\/v2\/product\/31028\/revisions\/31031"}],"wp:featuredmedia":[{"embeddable":true,"href":"https:\/\/www.speedmodels.ch\/fr\/wp-json\/wp\/v2\/media\/30894"}],"wp:attachment":[{"href":"https:\/\/www.speedmodels.ch\/fr\/wp-json\/wp\/v2\/media?parent=31028"}],"wp:term":[{"taxonomy":"product_brand","embeddable":true,"href":"https:\/\/www.speedmodels.ch\/fr\/wp-json\/wp\/v2\/product_brand?post=31028"},{"taxonomy":"product_cat","embeddable":true,"href":"https:\/\/www.speedmodels.ch\/fr\/wp-json\/wp\/v2\/product_cat?post=31028"},{"taxonomy":"product_tag","embeddable":true,"href":"https:\/\/www.speedmodels.ch\/fr\/wp-json\/wp\/v2\/product_tag?post=31028"}],"curies":[{"name":"wp","href":"https:\/\/api.w.org\/{rel}","templated":true}]}}