{"id":30963,"date":"2025-05-01T08:26:59","date_gmt":"2025-05-01T08:26:59","guid":{"rendered":"https:\/\/www.speedmodels.ch\/?post_type=product&#038;p=30963"},"modified":"2025-05-01T08:27:47","modified_gmt":"2025-05-01T08:27:47","slug":"orastick-entoilage-autocollant-magic-fantasie-violet-10m","status":"publish","type":"product","link":"https:\/\/www.speedmodels.ch\/fr\/produits\/film-couverture-decor\/orastick-film-autocollant\/orastick-entoilage-autocollant-magic-fantasie-violet-10m\/","title":{"rendered":"Orastick entoilage autocollant MAGIC fantasie-violet 10m"},"content":{"rendered":"<p><b>ORASTICK<sup>\u00ae<\/sup>MAGIC est le produit ultime de couleurs high tech<\/b>. Une variation de couleurs est obtenue gr\u00e2ce \u00e0 la technologie holographique, qui donne des couleurs brillantes et \u00e9clatantes \u00e0 votre mod\u00e8le.<\/p>\n<p>ORASTICK<sup>\u00ae<\/sup> entoilage autocollant thermor\u00e9tractable avec l&rsquo;aide d&rsquo;un fer \u00e0 repasser ou d&rsquo;un d\u00e9capeur thermique. ORACOVER<sup>\u00ae<\/sup> et ORASTICK<sup>\u00ae<\/sup> partagent les m\u00eames qualit\u00e9s uniques et peuvent \u00eatre appliqu\u00e9s facilement sur le m\u00eame mod\u00e8le. Ils peuvent \u00e9galement \u00eatre trait\u00e9s entre eux.  La plus grande diff\u00e9rence est l&rsquo;adh\u00e9sif. l&rsquo; ORACOVER<sup>\u00ae<\/sup> est adh\u00e9sif sous l&rsquo;effet de la chaleur, l&rsquo;ORASTICK<sup>\u00ae<\/sup> est autocollant. <\/p>\n<p><strong>Downloads f\u00fcr diesen Artikel:<\/strong> <a href=\"https:\/\/www.oracover.de\/downloads\/viewcat\/1\/anleitungen\" target=\"_blank\" rel=\"noopener\"><u>Verarbeitungsanleitung<\/u><\/a><\/p>\n<p>largeur: 60 cm<\/p>\n<p>longueur: 10 m<\/p>\n<p>&nbsp;<\/p>\n<div style=\"text-align:left\" class=\"wps-pgfw-pdf-generate-icon__wrapper-frontend\">\n\t\t<a href=\"https:\/\/www.speedmodels.ch\/fr\/wp-json\/wp\/v2\/product\/30963\/?action=genpdf&amp;id=30963\" class=\"pgfw-single-pdf-download-button\" target=_blank><img src=\"https:\/\/speedmodels.ch\/wp-content\/uploads\/2021\/09\/pdf_icon.png\" title=\"G\u00e9n\u00e9rer un PDF\" style=\"width:auto; height:45px;\"><\/a>\n\t\t<\/div>","protected":false},"excerpt":{"rendered":"<p>ORASTICK\u00aeMAGIC est le produit ultime de couleurs high tech. Une variation de couleurs est obtenue gr\u00e2ce \u00e0 la technologie holographique, qui donne des couleurs brillantes et \u00e9clatantes \u00e0 votre mod\u00e8le. ORASTICK\u00ae entoilage autocollant thermor\u00e9tractable avec l&rsquo;aide d&rsquo;un fer \u00e0 repasser ou d&rsquo;un d\u00e9capeur thermique. ORACOVER\u00ae et ORASTICK\u00ae partagent les m\u00eames qualit\u00e9s uniques et peuvent \u00eatre [&hellip;]<\/p>\n","protected":false},"featured_media":30896,"template":"","meta":[],"product_brand":[],"product_cat":[1586,1846],"product_tag":[],"class_list":{"0":"post-30963","1":"product","2":"type-product","3":"status-publish","4":"has-post-thumbnail","6":"product_cat-film-couverture-decor","7":"product_cat-orastick-film-autocollant","9":"first","10":"instock","11":"shipping-taxable","12":"product-type-simple"},"_links":{"self":[{"href":"https:\/\/www.speedmodels.ch\/fr\/wp-json\/wp\/v2\/product\/30963","targetHints":{"allow":["GET"]}}],"collection":[{"href":"https:\/\/www.speedmodels.ch\/fr\/wp-json\/wp\/v2\/product"}],"about":[{"href":"https:\/\/www.speedmodels.ch\/fr\/wp-json\/wp\/v2\/types\/product"}],"version-history":[{"count":1,"href":"https:\/\/www.speedmodels.ch\/fr\/wp-json\/wp\/v2\/product\/30963\/revisions"}],"predecessor-version":[{"id":30977,"href":"https:\/\/www.speedmodels.ch\/fr\/wp-json\/wp\/v2\/product\/30963\/revisions\/30977"}],"wp:featuredmedia":[{"embeddable":true,"href":"https:\/\/www.speedmodels.ch\/fr\/wp-json\/wp\/v2\/media\/30896"}],"wp:attachment":[{"href":"https:\/\/www.speedmodels.ch\/fr\/wp-json\/wp\/v2\/media?parent=30963"}],"wp:term":[{"taxonomy":"product_brand","embeddable":true,"href":"https:\/\/www.speedmodels.ch\/fr\/wp-json\/wp\/v2\/product_brand?post=30963"},{"taxonomy":"product_cat","embeddable":true,"href":"https:\/\/www.speedmodels.ch\/fr\/wp-json\/wp\/v2\/product_cat?post=30963"},{"taxonomy":"product_tag","embeddable":true,"href":"https:\/\/www.speedmodels.ch\/fr\/wp-json\/wp\/v2\/product_tag?post=30963"}],"curies":[{"name":"wp","href":"https:\/\/api.w.org\/{rel}","templated":true}]}}