{"id":30952,"date":"2025-05-01T08:58:56","date_gmt":"2025-05-01T08:58:56","guid":{"rendered":"https:\/\/www.speedmodels.ch\/?post_type=product&#038;p=30952"},"modified":"2025-11-24T15:12:37","modified_gmt":"2025-11-24T15:12:37","slug":"rhino-racer-avion-electrique-kit","status":"publish","type":"product","link":"https:\/\/www.speedmodels.ch\/fr\/produits\/modeles\/avions-fr\/modeles-telecommandes\/modeles-de-vol-electriques\/rhino-racer-avion-electrique-kit\/","title":{"rendered":"Kit d&rsquo;avion \u00e9lectrique RHINO Racer"},"content":{"rendered":"<p>RHINO &#8211; Racer est un mod\u00e8le amusant issu d&rsquo;un kit en bois.<\/p>\n<p>Son apparence rappelle les avions de course des ann\u00e9es 1930, m\u00e9lang\u00e9e \u00e0 une silhouette de dessin anim\u00e9. Le mod\u00e8le est enti\u00e8rement compos\u00e9 de pi\u00e8ces d\u00e9coup\u00e9es au laser et est fabriqu\u00e9 en Allemagne avec le niveau de qualit\u00e9 habituel. Il s&rsquo;adresse principalement aux pilotes qui ont d\u00e9j\u00e0 de l&rsquo;exp\u00e9rience avec des mod\u00e8les \u00e0 ailerons plus rapides. <\/p>\n<p>Le montage s&rsquo;effectue \u00e0 l&rsquo;aide des instructions de montage 3D connues et uniques d&rsquo;aero-naut, qui vous guident rapidement et facilement tout au long du processus.<\/p>\n<p>Ce petit bolide regorge de d\u00e9tails impressionnants, tels que les tuyaux d&rsquo;\u00e9chappement, le radiateur moteur, la sortie d&rsquo;air de refroidissement sur le fuselage, le couple moteur amovible pour un acc\u00e8s facile au moteur et au r\u00e9gulateur, la figurine du pilote, les instruments du cockpit et le pare-brise.<br \/>\nL&rsquo;aile est construite d&rsquo;un seul tenant et peut \u00eatre d\u00e9mont\u00e9e du fuselage \u00e0 l&rsquo;aide d&rsquo;une vis centrale.<\/p>\n<p>De plus, le kit comprend un train d&rsquo;atterissage et les roues adapt\u00e9es. Des petites pi\u00e8ces et des pi\u00e8ces d&rsquo;articulation compl\u00e8tent le kit, de sorte que les composants RC peuvent \u00eatre install\u00e9s imm\u00e9diatement apr\u00e8s la construction.<\/p>\n<p>Les moteurs de 28 mm conviennent comme entra\u00eenement. Nous proposons un kit d&rsquo;entra\u00eenement complet pour ce mod\u00e8le sous la r\u00e9f\u00e9rence 1307-01. Quatre servos de commande AN-12-MGBBA (r\u00e9f\u00e9rence 700374) sont n\u00e9cessaires.<\/p>\n<p>&nbsp;<\/p>\n<div>fiches t\u00e9chniques<\/div>\n<div>\n<table class=\"sw-text-editor-table\">\n<tbody class=\"sw-text-editor-table__body\">\n<tr class=\"sw-text-editor-table__row\">\n<td class=\"sw-text-editor-table__col\">envergure<\/td>\n<td class=\"sw-text-editor-table__col\">ca 880 mm<\/td>\n<\/tr>\n<tr class=\"sw-text-editor-table__row\">\n<td class=\"sw-text-editor-table__col\">longeur<\/td>\n<td class=\"sw-text-editor-table__col\">ca 730 mm<\/td>\n<\/tr>\n<tr class=\"sw-text-editor-table__row\">\n<td class=\"sw-text-editor-table__col\">poids en vol<\/td>\n<td class=\"sw-text-editor-table__col\">de ca 630 g<\/td>\n<\/tr>\n<tr class=\"sw-text-editor-table__row\">\n<td class=\"sw-text-editor-table__col\">surface de l&rsquo;aile<\/td>\n<td class=\"sw-text-editor-table__col\">ca 12 dm\u00b2<\/td>\n<\/tr>\n<tr class=\"sw-text-editor-table__row\">\n<td class=\"sw-text-editor-table__col\">charge alaire<\/td>\n<td class=\"sw-text-editor-table__col\">de ca. 52 g\/dm\u00b2<\/td>\n<\/tr>\n<tr class=\"sw-text-editor-table__row\">\n<td class=\"sw-text-editor-table__col\">Fonctions RC<\/td>\n<td class=\"sw-text-editor-table__col\">profondeur, aileron, dir\u00e9ction, c\u00f4ntrole moteur<\/td>\n<\/tr>\n<\/tbody>\n<\/table>\n<\/div>\n<div><\/div>\n<p>&nbsp;<\/p>\n<div style=\"text-align:left\" class=\"wps-pgfw-pdf-generate-icon__wrapper-frontend\">\n\t\t<a href=\"https:\/\/www.speedmodels.ch\/fr\/wp-json\/wp\/v2\/product\/30952\/?action=genpdf&amp;id=30952\" class=\"pgfw-single-pdf-download-button\" target=_blank><img src=\"https:\/\/speedmodels.ch\/wp-content\/uploads\/2021\/09\/pdf_icon.png\" title=\"G\u00e9n\u00e9rer un PDF\" style=\"width:auto; height:45px;\"><\/a>\n\t\t<\/div>","protected":false},"excerpt":{"rendered":"<p>RHINO &#8211; Racer est un mod\u00e8le amusant issu d&rsquo;un kit en bois. Son apparence rappelle les avions de course des ann\u00e9es 1930, m\u00e9lang\u00e9e \u00e0 une silhouette de dessin anim\u00e9. Le mod\u00e8le est enti\u00e8rement compos\u00e9 de pi\u00e8ces d\u00e9coup\u00e9es au laser et est fabriqu\u00e9 en Allemagne avec le niveau de qualit\u00e9 habituel. Il s&rsquo;adresse principalement aux pilotes [&hellip;]<\/p>\n","protected":false},"featured_media":30931,"template":"","meta":[],"product_brand":[],"product_cat":[1652,1710,1721,1653],"product_tag":[],"class_list":{"0":"post-30952","1":"product","2":"type-product","3":"status-publish","4":"has-post-thumbnail","6":"product_cat-avions-fr","7":"product_cat-modeles","8":"product_cat-modeles-de-vol-electriques","9":"product_cat-modeles-telecommandes","11":"first","12":"instock","13":"shipping-taxable","14":"product-type-simple"},"_links":{"self":[{"href":"https:\/\/www.speedmodels.ch\/fr\/wp-json\/wp\/v2\/product\/30952","targetHints":{"allow":["GET"]}}],"collection":[{"href":"https:\/\/www.speedmodels.ch\/fr\/wp-json\/wp\/v2\/product"}],"about":[{"href":"https:\/\/www.speedmodels.ch\/fr\/wp-json\/wp\/v2\/types\/product"}],"version-history":[{"count":3,"href":"https:\/\/www.speedmodels.ch\/fr\/wp-json\/wp\/v2\/product\/30952\/revisions"}],"predecessor-version":[{"id":32911,"href":"https:\/\/www.speedmodels.ch\/fr\/wp-json\/wp\/v2\/product\/30952\/revisions\/32911"}],"wp:featuredmedia":[{"embeddable":true,"href":"https:\/\/www.speedmodels.ch\/fr\/wp-json\/wp\/v2\/media\/30931"}],"wp:attachment":[{"href":"https:\/\/www.speedmodels.ch\/fr\/wp-json\/wp\/v2\/media?parent=30952"}],"wp:term":[{"taxonomy":"product_brand","embeddable":true,"href":"https:\/\/www.speedmodels.ch\/fr\/wp-json\/wp\/v2\/product_brand?post=30952"},{"taxonomy":"product_cat","embeddable":true,"href":"https:\/\/www.speedmodels.ch\/fr\/wp-json\/wp\/v2\/product_cat?post=30952"},{"taxonomy":"product_tag","embeddable":true,"href":"https:\/\/www.speedmodels.ch\/fr\/wp-json\/wp\/v2\/product_tag?post=30952"}],"curies":[{"name":"wp","href":"https:\/\/api.w.org\/{rel}","templated":true}]}}