{"id":30951,"date":"2025-05-01T08:58:55","date_gmt":"2025-05-01T08:58:55","guid":{"rendered":"https:\/\/www.speedmodels.ch\/?post_type=product&#038;p=30951"},"modified":"2025-11-24T15:03:00","modified_gmt":"2025-11-24T15:03:00","slug":"set-dentrainement-rhino-racer","status":"publish","type":"product","link":"https:\/\/www.speedmodels.ch\/fr\/produits\/entrainement-et-accessoires\/moteurs-electriques\/avions-fr-2\/set-dentrainement-rhino-racer\/","title":{"rendered":"Kit d&rsquo;entra\u00eenement pour RHINO Racer"},"content":{"rendered":"<p>Nous proposons un kit d&rsquo;entra\u00eenement complet pour le mod\u00e8le RHINO-Racer. Celui-ci se compose des \u00e9l\u00e9ments suivants, parfaitement adapt\u00e9s les uns aux autres:<\/p>\n<ul>\n<li>Moteur Brushless actro-n 28-3-1300<\/li>\n<li>Variateur actrocon 30<\/li>\n<li>H\u00e9lice CAMcarbon Light-Prop 8&#215;4,5&Prime;<\/li>\n<li>Moyeau d&rsquo;h\u00e9lice 3,0mm<\/li>\n<li>Nez d&rsquo;h\u00e9lice 30 mm<\/li>\n<\/ul>\n<p>4 servos AN-12-MGBBA suppl\u00e9mentaires (r\u00e9f\u00e9rence 7003\/74) sont n\u00e9cessaires (non fournis).<\/p>\n<p>Une batterie LiPo 3S d&rsquo;environ 1300 mAh est recommand\u00e9e pour l&rsquo;entra\u00eenement (non fournie).<\/p>\n<div style=\"text-align:left\" class=\"wps-pgfw-pdf-generate-icon__wrapper-frontend\">\n\t\t<a href=\"https:\/\/www.speedmodels.ch\/fr\/wp-json\/wp\/v2\/product\/30951\/?action=genpdf&amp;id=30951\" class=\"pgfw-single-pdf-download-button\" target=_blank><img src=\"https:\/\/speedmodels.ch\/wp-content\/uploads\/2021\/09\/pdf_icon.png\" title=\"G\u00e9n\u00e9rer un PDF\" style=\"width:auto; height:45px;\"><\/a>\n\t\t<\/div>","protected":false},"excerpt":{"rendered":"<p>Nous proposons un kit d&rsquo;entra\u00eenement complet pour le mod\u00e8le RHINO-Racer. Celui-ci se compose des \u00e9l\u00e9ments suivants, parfaitement adapt\u00e9s les uns aux autres: Moteur Brushless actro-n 28-3-1300 Variateur actrocon 30 H\u00e9lice CAMcarbon Light-Prop 8&#215;4,5&Prime; Moyeau d&rsquo;h\u00e9lice 3,0mm Nez d&rsquo;h\u00e9lice 30 mm 4 servos AN-12-MGBBA suppl\u00e9mentaires (r\u00e9f\u00e9rence 7003\/74) sont n\u00e9cessaires (non fournis). Une batterie LiPo 3S d&rsquo;environ [&hellip;]<\/p>\n","protected":false},"featured_media":30997,"template":"","meta":[],"product_brand":[],"product_cat":[1656,1528,1708],"product_tag":[],"class_list":{"0":"post-30951","1":"product","2":"type-product","3":"status-publish","4":"has-post-thumbnail","6":"product_cat-avions-fr-2","7":"product_cat-entrainement-et-accessoires","8":"product_cat-moteurs-electriques","10":"first","11":"instock","12":"shipping-taxable","13":"product-type-simple"},"_links":{"self":[{"href":"https:\/\/www.speedmodels.ch\/fr\/wp-json\/wp\/v2\/product\/30951","targetHints":{"allow":["GET"]}}],"collection":[{"href":"https:\/\/www.speedmodels.ch\/fr\/wp-json\/wp\/v2\/product"}],"about":[{"href":"https:\/\/www.speedmodels.ch\/fr\/wp-json\/wp\/v2\/types\/product"}],"version-history":[{"count":2,"href":"https:\/\/www.speedmodels.ch\/fr\/wp-json\/wp\/v2\/product\/30951\/revisions"}],"predecessor-version":[{"id":32910,"href":"https:\/\/www.speedmodels.ch\/fr\/wp-json\/wp\/v2\/product\/30951\/revisions\/32910"}],"wp:featuredmedia":[{"embeddable":true,"href":"https:\/\/www.speedmodels.ch\/fr\/wp-json\/wp\/v2\/media\/30997"}],"wp:attachment":[{"href":"https:\/\/www.speedmodels.ch\/fr\/wp-json\/wp\/v2\/media?parent=30951"}],"wp:term":[{"taxonomy":"product_brand","embeddable":true,"href":"https:\/\/www.speedmodels.ch\/fr\/wp-json\/wp\/v2\/product_brand?post=30951"},{"taxonomy":"product_cat","embeddable":true,"href":"https:\/\/www.speedmodels.ch\/fr\/wp-json\/wp\/v2\/product_cat?post=30951"},{"taxonomy":"product_tag","embeddable":true,"href":"https:\/\/www.speedmodels.ch\/fr\/wp-json\/wp\/v2\/product_tag?post=30951"}],"curies":[{"name":"wp","href":"https:\/\/api.w.org\/{rel}","templated":true}]}}