{"id":30848,"date":"2025-04-24T08:44:04","date_gmt":"2025-04-24T08:44:04","guid":{"rendered":"https:\/\/www.speedmodels.ch\/produkte\/non%20class\u00e9\/tonneau-150\/"},"modified":"2025-07-31T11:49:04","modified_gmt":"2025-07-31T11:49:04","slug":"tonneau-150","status":"publish","type":"product","link":"https:\/\/www.speedmodels.ch\/fr\/produits\/accessoires\/accessoires-generals\/accessoires-pour-modeles\/tonneau-150\/","title":{"rendered":"Tonneau 1:50"},"content":{"rendered":"<p>Tonneau en r\u00e9sine de haute qualit\u00e9, couleur de base blanche et facile \u00e0 peindre. \u00e9chelle 1:50<\/p>\n<p>(autres tailles 1:14 \/ 1:20 \/ 1:25)<\/p>\n<p>hauteur: ca 18 mm<\/p>\n<p>diam\u00e8tre: ca 13 mm<\/p>\n<p>emballage = 1 Stk<\/p>\n<div style=\"text-align:left\" class=\"wps-pgfw-pdf-generate-icon__wrapper-frontend\">\n\t\t<a href=\"https:\/\/www.speedmodels.ch\/fr\/wp-json\/wp\/v2\/product\/30848\/?action=genpdf&amp;id=30848\" class=\"pgfw-single-pdf-download-button\" target=_blank><img src=\"https:\/\/speedmodels.ch\/wp-content\/uploads\/2021\/09\/pdf_icon.png\" title=\"G\u00e9n\u00e9rer un PDF\" style=\"width:auto; height:45px;\"><\/a>\n\t\t<\/div>","protected":false},"excerpt":{"rendered":"<p>Tonneau en r\u00e9sine de haute qualit\u00e9, couleur de base blanche et facile \u00e0 peindre. \u00e9chelle 1:50 (autres tailles 1:14 \/ 1:20 \/ 1:25) hauteur: ca 18 mm diam\u00e8tre: ca 13 mm emballage = 1 Stk<\/p>\n","protected":false},"featured_media":30790,"template":"","meta":[],"product_brand":[],"product_cat":[1518,1544,1545],"product_tag":[],"class_list":{"0":"post-30848","1":"product","2":"type-product","3":"status-publish","4":"has-post-thumbnail","6":"product_cat-accessoires","7":"product_cat-accessoires-generals","8":"product_cat-accessoires-pour-modeles","10":"first","11":"instock","12":"shipping-taxable","13":"product-type-simple"},"_links":{"self":[{"href":"https:\/\/www.speedmodels.ch\/fr\/wp-json\/wp\/v2\/product\/30848","targetHints":{"allow":["GET"]}}],"collection":[{"href":"https:\/\/www.speedmodels.ch\/fr\/wp-json\/wp\/v2\/product"}],"about":[{"href":"https:\/\/www.speedmodels.ch\/fr\/wp-json\/wp\/v2\/types\/product"}],"version-history":[{"count":1,"href":"https:\/\/www.speedmodels.ch\/fr\/wp-json\/wp\/v2\/product\/30848\/revisions"}],"predecessor-version":[{"id":32493,"href":"https:\/\/www.speedmodels.ch\/fr\/wp-json\/wp\/v2\/product\/30848\/revisions\/32493"}],"wp:featuredmedia":[{"embeddable":true,"href":"https:\/\/www.speedmodels.ch\/fr\/wp-json\/wp\/v2\/media\/30790"}],"wp:attachment":[{"href":"https:\/\/www.speedmodels.ch\/fr\/wp-json\/wp\/v2\/media?parent=30848"}],"wp:term":[{"taxonomy":"product_brand","embeddable":true,"href":"https:\/\/www.speedmodels.ch\/fr\/wp-json\/wp\/v2\/product_brand?post=30848"},{"taxonomy":"product_cat","embeddable":true,"href":"https:\/\/www.speedmodels.ch\/fr\/wp-json\/wp\/v2\/product_cat?post=30848"},{"taxonomy":"product_tag","embeddable":true,"href":"https:\/\/www.speedmodels.ch\/fr\/wp-json\/wp\/v2\/product_tag?post=30848"}],"curies":[{"name":"wp","href":"https:\/\/api.w.org\/{rel}","templated":true}]}}