{"id":30809,"date":"2025-04-24T07:57:26","date_gmt":"2025-04-24T07:57:26","guid":{"rendered":"https:\/\/www.speedmodels.ch\/produkte\/non%20class\u00e9\/extincteur-120\/"},"modified":"2026-03-16T11:50:28","modified_gmt":"2026-03-16T11:50:28","slug":"extincteur-120","status":"publish","type":"product","link":"https:\/\/www.speedmodels.ch\/fr\/produits\/accessoires\/accessoires-generals\/accessoires-pour-modeles\/extincteur-120\/","title":{"rendered":"Extincteur 1:20"},"content":{"rendered":"<div>Extincteur en r\u00e9sine de haute qualit\u00e9, couleur de base blanche et facile \u00e0 peindre. \u00e9chelle 1:20<\/div>\n<div>(autres tailles 1:14 \/ 1:25 \/ 1:50)<\/div>\n<div><\/div>\n<div>hauteur: ca 25,5mm<\/div>\n<div>diam\u00e8tre: ca 8,5mm<\/div>\n<div><\/div>\n<div>emballage = 1 pcs<\/div>\n<div style=\"text-align:left\" class=\"wps-pgfw-pdf-generate-icon__wrapper-frontend\">\n\t\t<a href=\"https:\/\/www.speedmodels.ch\/fr\/wp-json\/wp\/v2\/product\/30809\/?action=genpdf&amp;id=30809\" class=\"pgfw-single-pdf-download-button\" target=_blank><img src=\"https:\/\/speedmodels.ch\/wp-content\/uploads\/2021\/09\/pdf_icon.png\" title=\"G\u00e9n\u00e9rer un PDF\" style=\"width:auto; height:45px;\"><\/a>\n\t\t<\/div>","protected":false},"excerpt":{"rendered":"<p>Extincteur en r\u00e9sine de haute qualit\u00e9, couleur de base blanche et facile \u00e0 peindre. \u00e9chelle 1:20 (autres tailles 1:14 \/ 1:25 \/ 1:50) hauteur: ca 25,5mm diam\u00e8tre: ca 8,5mm emballage = 1 pcs<\/p>\n","protected":false},"featured_media":30794,"template":"","meta":[],"product_brand":[],"product_cat":[1518,1544,1545],"product_tag":[],"class_list":{"0":"post-30809","1":"product","2":"type-product","3":"status-publish","4":"has-post-thumbnail","6":"product_cat-accessoires","7":"product_cat-accessoires-generals","8":"product_cat-accessoires-pour-modeles","10":"first","11":"instock","12":"shipping-taxable","13":"product-type-simple"},"_links":{"self":[{"href":"https:\/\/www.speedmodels.ch\/fr\/wp-json\/wp\/v2\/product\/30809","targetHints":{"allow":["GET"]}}],"collection":[{"href":"https:\/\/www.speedmodels.ch\/fr\/wp-json\/wp\/v2\/product"}],"about":[{"href":"https:\/\/www.speedmodels.ch\/fr\/wp-json\/wp\/v2\/types\/product"}],"version-history":[{"count":1,"href":"https:\/\/www.speedmodels.ch\/fr\/wp-json\/wp\/v2\/product\/30809\/revisions"}],"predecessor-version":[{"id":33008,"href":"https:\/\/www.speedmodels.ch\/fr\/wp-json\/wp\/v2\/product\/30809\/revisions\/33008"}],"wp:featuredmedia":[{"embeddable":true,"href":"https:\/\/www.speedmodels.ch\/fr\/wp-json\/wp\/v2\/media\/30794"}],"wp:attachment":[{"href":"https:\/\/www.speedmodels.ch\/fr\/wp-json\/wp\/v2\/media?parent=30809"}],"wp:term":[{"taxonomy":"product_brand","embeddable":true,"href":"https:\/\/www.speedmodels.ch\/fr\/wp-json\/wp\/v2\/product_brand?post=30809"},{"taxonomy":"product_cat","embeddable":true,"href":"https:\/\/www.speedmodels.ch\/fr\/wp-json\/wp\/v2\/product_cat?post=30809"},{"taxonomy":"product_tag","embeddable":true,"href":"https:\/\/www.speedmodels.ch\/fr\/wp-json\/wp\/v2\/product_tag?post=30809"}],"curies":[{"name":"wp","href":"https:\/\/api.w.org\/{rel}","templated":true}]}}