{"id":30808,"date":"2025-04-24T07:54:53","date_gmt":"2025-04-24T07:54:53","guid":{"rendered":"https:\/\/www.speedmodels.ch\/produkte\/non%20class\u00e9\/extincteur-114\/"},"modified":"2026-03-16T11:51:08","modified_gmt":"2026-03-16T11:51:08","slug":"extincteur-114","status":"publish","type":"product","link":"https:\/\/www.speedmodels.ch\/fr\/produits\/accessoires\/accessoires-generals\/accessoires-pour-modeles\/extincteur-114\/","title":{"rendered":"Extincteur 1:14"},"content":{"rendered":"<div>Extincteur en r\u00e9sine de haute qualit\u00e9, couleur de base blanche et facile \u00e0 peindre. Echelle 1:14<\/div>\n<div>(autres tailles 1:20 \/ 1:25 \/ 1:50)<\/div>\n<div><\/div>\n<div>Hauteur: ca 36,5mm<\/div>\n<div>Diam\u00e8tre: ca 12mm<\/div>\n<div><\/div>\n<div>emballage = 1 pcs<\/div>\n<div style=\"text-align:left\" class=\"wps-pgfw-pdf-generate-icon__wrapper-frontend\">\n\t\t<a href=\"https:\/\/www.speedmodels.ch\/fr\/wp-json\/wp\/v2\/product\/30808\/?action=genpdf&amp;id=30808\" class=\"pgfw-single-pdf-download-button\" target=_blank><img src=\"https:\/\/speedmodels.ch\/wp-content\/uploads\/2021\/09\/pdf_icon.png\" title=\"G\u00e9n\u00e9rer un PDF\" style=\"width:auto; height:45px;\"><\/a>\n\t\t<\/div>","protected":false},"excerpt":{"rendered":"<p>Extincteur en r\u00e9sine de haute qualit\u00e9, couleur de base blanche et facile \u00e0 peindre. Echelle 1:14 (autres tailles 1:20 \/ 1:25 \/ 1:50) Hauteur: ca 36,5mm Diam\u00e8tre: ca 12mm emballage = 1 pcs<\/p>\n","protected":false},"featured_media":30794,"template":"","meta":[],"product_brand":[],"product_cat":[1518,1544,1545],"product_tag":[],"class_list":{"0":"post-30808","1":"product","2":"type-product","3":"status-publish","4":"has-post-thumbnail","6":"product_cat-accessoires","7":"product_cat-accessoires-generals","8":"product_cat-accessoires-pour-modeles","10":"first","11":"instock","12":"shipping-taxable","13":"product-type-simple"},"_links":{"self":[{"href":"https:\/\/www.speedmodels.ch\/fr\/wp-json\/wp\/v2\/product\/30808","targetHints":{"allow":["GET"]}}],"collection":[{"href":"https:\/\/www.speedmodels.ch\/fr\/wp-json\/wp\/v2\/product"}],"about":[{"href":"https:\/\/www.speedmodels.ch\/fr\/wp-json\/wp\/v2\/types\/product"}],"version-history":[{"count":1,"href":"https:\/\/www.speedmodels.ch\/fr\/wp-json\/wp\/v2\/product\/30808\/revisions"}],"predecessor-version":[{"id":33009,"href":"https:\/\/www.speedmodels.ch\/fr\/wp-json\/wp\/v2\/product\/30808\/revisions\/33009"}],"wp:featuredmedia":[{"embeddable":true,"href":"https:\/\/www.speedmodels.ch\/fr\/wp-json\/wp\/v2\/media\/30794"}],"wp:attachment":[{"href":"https:\/\/www.speedmodels.ch\/fr\/wp-json\/wp\/v2\/media?parent=30808"}],"wp:term":[{"taxonomy":"product_brand","embeddable":true,"href":"https:\/\/www.speedmodels.ch\/fr\/wp-json\/wp\/v2\/product_brand?post=30808"},{"taxonomy":"product_cat","embeddable":true,"href":"https:\/\/www.speedmodels.ch\/fr\/wp-json\/wp\/v2\/product_cat?post=30808"},{"taxonomy":"product_tag","embeddable":true,"href":"https:\/\/www.speedmodels.ch\/fr\/wp-json\/wp\/v2\/product_tag?post=30808"}],"curies":[{"name":"wp","href":"https:\/\/api.w.org\/{rel}","templated":true}]}}