{"id":30711,"date":"2025-04-14T14:27:26","date_gmt":"2025-04-14T14:27:26","guid":{"rendered":"https:\/\/www.speedmodels.ch\/?post_type=product&#038;p=30711"},"modified":"2025-04-14T14:27:26","modified_gmt":"2025-04-14T14:27:26","slug":"orastick-entoilage-autocollant-rouge-nacre-2m","status":"publish","type":"product","link":"https:\/\/www.speedmodels.ch\/fr\/produits\/film-couverture-decor\/orastick-film-autocollant\/orastick-entoilage-autocollant-rouge-nacre-2m\/","title":{"rendered":"Orastick entoilage autocollant rouge nacr\u00e9 2m"},"content":{"rendered":"<p><b>ORASTICK<sup>\u00ae<\/sup> Perlmutt, selbstklebende Bespannfolie<\/b>, in edel schimmernden Perlmuttfarben f\u00fcr kreative Designer.<\/p>\n<p>ORASTICK<sup>\u00ae<\/sup> entoilage autocollant thermor\u00e9tractable avec l&rsquo;aide d&rsquo;un fer \u00e0 repasser ou d&rsquo;un d\u00e9capeur thermique. ORACOVER<sup>\u00ae<\/sup> et ORASTICK<sup>\u00ae<\/sup> partagent les m\u00eames qualit\u00e9s uniques et peuvent \u00eatre appliqu\u00e9s facilement sur le m\u00eame mod\u00e8le. Ils peuvent \u00e9galement \u00eatre trait\u00e9s entre eux.  La plus grande diff\u00e9rence est l&rsquo;adh\u00e9sif. l&rsquo; ORACOVER<sup>\u00ae<\/sup> est adh\u00e9sif sous l&rsquo;effet de la chaleur, l&rsquo;ORASTICK<sup>\u00ae<\/sup> est autocollant. <\/p>\n<p><sup>ORACOVER\u00ae<\/sup> peut \u00eatre recouvert par toutes les peintures <sup>ORACOLOR\u00ae<\/sup>.<\/p>\n<p><strong>caract\u00e9ristiques:<\/strong><\/p>\n<p>\u2022 thermocollant<br \/>\n\u2022 amovible avec le s\u00e8che-cheveux<br \/>\n\u2022 r\u00e9sistant aux carburants<br \/>\n\u2022 r\u00e9sistant \u00e0 la temp\u00e9rature jusqu&rsquo;\u00e0 250 \u00b0C<br \/>\n\u2022 peut \u00eatre peint<br \/>\n\u2022 Si l\u2019ORASTICK\u00ae est appliqu\u00e9 suivant les instructions, il n\u2019y a pas de bulles ni de plis.<\/p>\n<p><strong>Informations:<\/strong><\/p>\n<p>\u2022 nos couleurs ne sont pas identiques \u00e0 la palette de couleurs RAL.<br \/>\n\u2022 dans notre assortiment de vernis, vous trouverez un vernis ORACOLOR\u00ae de couleur identique pour un grand nombre de nos films et de nos tissus, ainsi que des durcisseurs et des diluants.<\/p>\n<p><strong>Downloads f\u00fcr diesen Artikel:<\/strong> \u2022<a href=\"https:\/\/www.oracover.de\/downloads\/viewcat\/1\/anleitungen\" target=\"_blank\" rel=\"noopener\"><u>Verarbeitungsanleitung<\/u><\/a><\/p>\n<p>largeur: 60 cm<\/p>\n<p>longuer: 2 m<\/p>\n<p>&nbsp;<\/p>\n<div style=\"text-align:left\" class=\"wps-pgfw-pdf-generate-icon__wrapper-frontend\">\n\t\t<a href=\"https:\/\/www.speedmodels.ch\/fr\/wp-json\/wp\/v2\/product\/30711\/?action=genpdf&amp;id=30711\" class=\"pgfw-single-pdf-download-button\" target=_blank><img src=\"https:\/\/speedmodels.ch\/wp-content\/uploads\/2021\/09\/pdf_icon.png\" title=\"G\u00e9n\u00e9rer un PDF\" style=\"width:auto; height:45px;\"><\/a>\n\t\t<\/div>","protected":false},"excerpt":{"rendered":"<p>ORASTICK\u00ae Perlmutt, selbstklebende Bespannfolie, in edel schimmernden Perlmuttfarben f\u00fcr kreative Designer. ORASTICK\u00ae entoilage autocollant thermor\u00e9tractable avec l&rsquo;aide d&rsquo;un fer \u00e0 repasser ou d&rsquo;un d\u00e9capeur thermique. ORACOVER\u00ae et ORASTICK\u00ae partagent les m\u00eames qualit\u00e9s uniques et peuvent \u00eatre appliqu\u00e9s facilement sur le m\u00eame mod\u00e8le. Ils peuvent \u00e9galement \u00eatre trait\u00e9s entre eux. La plus grande diff\u00e9rence est l&rsquo;adh\u00e9sif. [&hellip;]<\/p>\n","protected":false},"featured_media":30366,"template":"","meta":[],"product_brand":[],"product_cat":[1586,1846],"product_tag":[],"class_list":{"0":"post-30711","1":"product","2":"type-product","3":"status-publish","4":"has-post-thumbnail","6":"product_cat-film-couverture-decor","7":"product_cat-orastick-film-autocollant","9":"first","10":"instock","11":"shipping-taxable","12":"product-type-simple"},"_links":{"self":[{"href":"https:\/\/www.speedmodels.ch\/fr\/wp-json\/wp\/v2\/product\/30711","targetHints":{"allow":["GET"]}}],"collection":[{"href":"https:\/\/www.speedmodels.ch\/fr\/wp-json\/wp\/v2\/product"}],"about":[{"href":"https:\/\/www.speedmodels.ch\/fr\/wp-json\/wp\/v2\/types\/product"}],"version-history":[{"count":1,"href":"https:\/\/www.speedmodels.ch\/fr\/wp-json\/wp\/v2\/product\/30711\/revisions"}],"predecessor-version":[{"id":30718,"href":"https:\/\/www.speedmodels.ch\/fr\/wp-json\/wp\/v2\/product\/30711\/revisions\/30718"}],"wp:featuredmedia":[{"embeddable":true,"href":"https:\/\/www.speedmodels.ch\/fr\/wp-json\/wp\/v2\/media\/30366"}],"wp:attachment":[{"href":"https:\/\/www.speedmodels.ch\/fr\/wp-json\/wp\/v2\/media?parent=30711"}],"wp:term":[{"taxonomy":"product_brand","embeddable":true,"href":"https:\/\/www.speedmodels.ch\/fr\/wp-json\/wp\/v2\/product_brand?post=30711"},{"taxonomy":"product_cat","embeddable":true,"href":"https:\/\/www.speedmodels.ch\/fr\/wp-json\/wp\/v2\/product_cat?post=30711"},{"taxonomy":"product_tag","embeddable":true,"href":"https:\/\/www.speedmodels.ch\/fr\/wp-json\/wp\/v2\/product_tag?post=30711"}],"curies":[{"name":"wp","href":"https:\/\/api.w.org\/{rel}","templated":true}]}}