{"id":30275,"date":"2025-04-07T09:16:47","date_gmt":"2025-04-07T09:16:47","guid":{"rendered":"https:\/\/www.speedmodels.ch\/?post_type=product&#038;p=30275"},"modified":"2025-07-28T12:46:28","modified_gmt":"2025-07-28T12:46:28","slug":"orastick-entoilage-autocollant-royal-bleu-lilas10m","status":"publish","type":"product","link":"https:\/\/www.speedmodels.ch\/fr\/produits\/film-couverture-decor\/orastick-film-autocollant\/orastick-entoilage-autocollant-royal-bleu-lilas10m\/","title":{"rendered":"Orastick entoilage autocollant Royal bleu lilas 10m"},"content":{"rendered":"<div class=\"panel-body\">\n<div>\n<p><b>ORASTICK<sup>\u00ae<\/sup><\/b> ROYAL est une gamme de couleur d&rsquo;ORASTICK<sup>\u00ae<\/sup> de forte puissance lumineuse. L&rsquo;ORASTICK<sup>\u00ae<\/sup> ROYAL a les m\u00eame qualit\u00e9s que l&rsquo;ORASTICK<sup>\u00ae<\/sup>.<\/p>\n<p>ORASTICK<sup>\u00ae<\/sup> entoilage autocollant thermor\u00e9tractable avec l&rsquo;aide d&rsquo;un fer \u00e0 repasser ou d&rsquo;un d\u00e9capeur thermique. ORACOVER<sup>\u00ae<\/sup> et ORASTICK<sup>\u00ae<\/sup> partagent les m\u00eames qualit\u00e9s uniques et peuvent \u00eatre appliqu\u00e9s facilement sur le m\u00eame mod\u00e8le. Ils peuvent \u00e9galement \u00eatre trait\u00e9s entre eux.  La plus grande diff\u00e9rence est l&rsquo;adh\u00e9sif. l&rsquo; ORACOVER<sup>\u00ae<\/sup> est adh\u00e9sif sous l&rsquo;effet de la chaleur, l&rsquo;ORASTICK<sup>\u00ae<\/sup> est autocollant. <\/p>\n<p><strong>Information:<\/strong> \u2022 Nos couleurs ne sont pas identiques \u00e0 la palette de couleurs RAL. \u2022 Dans notre assortiment de vernis, vous trouverez un vernis ORACOLOR de couleur identique pour un grand nombre de nos films et de nos tissus, ainsi que des durcisseurs et des diluants.<\/p>\n<p>largeur: 60cm<\/p>\n<p>longueur: 10 m<\/p>\n<p><strong>Veuillez noter les instructions de traitement \u2013 Downloads pour cet article:<\/strong> \u2022 <u><a class=\"external\" href=\"https:\/\/www.oracover.de\/downloads\/viewcat\/1\/anleitungen\" target=\"_blank\" rel=\"noopener nofollow\">Verarbeitungsanleitung<\/a><\/u><\/p>\n<\/div>\n<\/div>\n<p>&nbsp;<\/p>\n<div style=\"text-align:left\" class=\"wps-pgfw-pdf-generate-icon__wrapper-frontend\">\n\t\t<a href=\"https:\/\/www.speedmodels.ch\/fr\/wp-json\/wp\/v2\/product\/30275\/?action=genpdf&amp;id=30275\" class=\"pgfw-single-pdf-download-button\" target=_blank><img src=\"https:\/\/speedmodels.ch\/wp-content\/uploads\/2021\/09\/pdf_icon.png\" title=\"G\u00e9n\u00e9rer un PDF\" style=\"width:auto; height:45px;\"><\/a>\n\t\t<\/div>","protected":false},"excerpt":{"rendered":"<p>ORASTICK\u00ae ROYAL est une gamme de couleur d&rsquo;ORASTICK\u00ae de forte puissance lumineuse. L&rsquo;ORASTICK\u00ae ROYAL a les m\u00eame qualit\u00e9s que l&rsquo;ORASTICK\u00ae. ORASTICK\u00ae entoilage autocollant thermor\u00e9tractable avec l&rsquo;aide d&rsquo;un fer \u00e0 repasser ou d&rsquo;un d\u00e9capeur thermique. ORACOVER\u00ae et ORASTICK\u00ae partagent les m\u00eames qualit\u00e9s uniques et peuvent \u00eatre appliqu\u00e9s facilement sur le m\u00eame mod\u00e8le. Ils peuvent \u00e9galement \u00eatre [&hellip;]<\/p>\n","protected":false},"featured_media":27215,"template":"","meta":[],"product_brand":[],"product_cat":[1586,1846],"product_tag":[],"class_list":{"0":"post-30275","1":"product","2":"type-product","3":"status-publish","4":"has-post-thumbnail","6":"product_cat-film-couverture-decor","7":"product_cat-orastick-film-autocollant","8":"pa_oracover-laenge-10-m-fr","10":"first","11":"instock","12":"shipping-taxable","13":"product-type-simple"},"_links":{"self":[{"href":"https:\/\/www.speedmodels.ch\/fr\/wp-json\/wp\/v2\/product\/30275","targetHints":{"allow":["GET"]}}],"collection":[{"href":"https:\/\/www.speedmodels.ch\/fr\/wp-json\/wp\/v2\/product"}],"about":[{"href":"https:\/\/www.speedmodels.ch\/fr\/wp-json\/wp\/v2\/types\/product"}],"version-history":[{"count":2,"href":"https:\/\/www.speedmodels.ch\/fr\/wp-json\/wp\/v2\/product\/30275\/revisions"}],"predecessor-version":[{"id":32421,"href":"https:\/\/www.speedmodels.ch\/fr\/wp-json\/wp\/v2\/product\/30275\/revisions\/32421"}],"wp:featuredmedia":[{"embeddable":true,"href":"https:\/\/www.speedmodels.ch\/fr\/wp-json\/wp\/v2\/media\/27215"}],"wp:attachment":[{"href":"https:\/\/www.speedmodels.ch\/fr\/wp-json\/wp\/v2\/media?parent=30275"}],"wp:term":[{"taxonomy":"product_brand","embeddable":true,"href":"https:\/\/www.speedmodels.ch\/fr\/wp-json\/wp\/v2\/product_brand?post=30275"},{"taxonomy":"product_cat","embeddable":true,"href":"https:\/\/www.speedmodels.ch\/fr\/wp-json\/wp\/v2\/product_cat?post=30275"},{"taxonomy":"product_tag","embeddable":true,"href":"https:\/\/www.speedmodels.ch\/fr\/wp-json\/wp\/v2\/product_tag?post=30275"}],"curies":[{"name":"wp","href":"https:\/\/api.w.org\/{rel}","templated":true}]}}