{"id":30174,"date":"2025-04-03T11:10:13","date_gmt":"2025-04-03T11:10:13","guid":{"rendered":"https:\/\/www.speedmodels.ch\/?post_type=product&#038;p=30174"},"modified":"2025-04-10T08:33:36","modified_gmt":"2025-04-10T08:33:36","slug":"orastick-entoilage-autocollant-scale-rouge-claire-2m","status":"publish","type":"product","link":"https:\/\/www.speedmodels.ch\/fr\/produits\/film-couverture-decor\/orastick-film-autocollant\/orastick-entoilage-autocollant-scale-rouge-claire-2m\/","title":{"rendered":"Orastick entoilage autocollant scale rouge claire 2m"},"content":{"rendered":"<p><strong>INFORMATION IMPORTANTE<\/strong>: Ne montez pas les antennes de r\u00e9ception sous les films ORACOVER<sup>\u00ae<\/sup> Scale ou ORASTICK<sup>\u00ae<\/sup> Scale comme le dessous des films Scale m\u00e9tallis\u00e9 avec aluminium perturbe la r\u00e9ception des signaux.<\/p>\n<p><b>ORASTICK<sup>\u00ae<\/sup><\/b> Scale autocollant a les m\u00eames couleurs et qualit\u00e9s comme l&rsquo;ORASTICK<sup>\u00ae<\/sup> Avantage de l&rsquo;ORASTICK<sup>\u00ae<\/sup> SCALE : toutes les couleurs sont <sup>100 %<\/sup> opaques. Quel que soit la couleur ou la surface en dessous, vous ne la verrez jamais.  C&rsquo;est garanti!<\/p>\n<p>ORASTICK<sup>\u00ae<\/sup> entoilage autocollant thermor\u00e9tractable avec l&rsquo;aide d&rsquo;un fer \u00e0 repasser ou d&rsquo;un d\u00e9capeur thermique. ORACOVER<sup>\u00ae<\/sup> et ORASTICK<sup>\u00ae<\/sup> partagent les m\u00eames qualit\u00e9s uniques et peuvent \u00eatre appliqu\u00e9s facilement sur le m\u00eame mod\u00e8le. Ils peuvent \u00e9galement \u00eatre trait\u00e9s entre eux.  La plus grande diff\u00e9rence est l&rsquo;adh\u00e9sif. l&rsquo; ORACOVER<sup>\u00ae<\/sup> est adh\u00e9sif sous l&rsquo;effet de la chaleur, l&rsquo;ORASTICK<sup>\u00ae<\/sup> est autocollant. <\/p>\n<p><strong>Information:<\/strong> \u2022 Nos couleurs ne sont pas identiques \u00e0 la palette de couleurs RAL. \u2022 Dans notre assortiment de vernis, vous trouverez un vernis ORACOLOR de couleur identique pour un grand nombre de nos films et de nos tissus, ainsi que des durcisseurs et des diluants.<\/p>\n<p>largeur: 60 cm<\/p>\n<p>longuer: 2 m<\/p>\n<p><strong>Downloads pour cet article:<\/strong> \u2022 <a href=\"https:\/\/www.oracover.de\/downloads\/viewcat\/1\/anleitungen\" target=\"_blank\" rel=\"noopener\"><u>Oracover Verarbeitungsanleitung<\/u><\/a><\/p>\n<div style=\"text-align:left\" class=\"wps-pgfw-pdf-generate-icon__wrapper-frontend\">\n\t\t<a href=\"https:\/\/www.speedmodels.ch\/fr\/wp-json\/wp\/v2\/product\/30174\/?action=genpdf&amp;id=30174\" class=\"pgfw-single-pdf-download-button\" target=_blank><img src=\"https:\/\/speedmodels.ch\/wp-content\/uploads\/2021\/09\/pdf_icon.png\" title=\"G\u00e9n\u00e9rer un PDF\" style=\"width:auto; height:45px;\"><\/a>\n\t\t<\/div>","protected":false},"excerpt":{"rendered":"<p>INFORMATION IMPORTANTE: Ne montez pas les antennes de r\u00e9ception sous les films ORACOVER\u00ae Scale ou ORASTICK\u00ae Scale comme le dessous des films Scale m\u00e9tallis\u00e9 avec aluminium perturbe la r\u00e9ception des signaux. ORASTICK\u00ae Scale autocollant a les m\u00eames couleurs et qualit\u00e9s comme l&rsquo;ORASTICK\u00ae Avantage de l&rsquo;ORASTICK\u00ae SCALE : toutes les couleurs sont 100 % opaques. Quel [&hellip;]<\/p>\n","protected":false},"featured_media":27193,"template":"","meta":[],"product_brand":[],"product_cat":[1586,1846],"product_tag":[],"class_list":{"0":"post-30174","1":"product","2":"type-product","3":"status-publish","4":"has-post-thumbnail","6":"product_cat-film-couverture-decor","7":"product_cat-orastick-film-autocollant","8":"pa_oracover-laenge-2-m-fr","10":"first","11":"instock","12":"shipping-taxable","13":"product-type-simple"},"_links":{"self":[{"href":"https:\/\/www.speedmodels.ch\/fr\/wp-json\/wp\/v2\/product\/30174","targetHints":{"allow":["GET"]}}],"collection":[{"href":"https:\/\/www.speedmodels.ch\/fr\/wp-json\/wp\/v2\/product"}],"about":[{"href":"https:\/\/www.speedmodels.ch\/fr\/wp-json\/wp\/v2\/types\/product"}],"version-history":[{"count":1,"href":"https:\/\/www.speedmodels.ch\/fr\/wp-json\/wp\/v2\/product\/30174\/revisions"}],"predecessor-version":[{"id":30464,"href":"https:\/\/www.speedmodels.ch\/fr\/wp-json\/wp\/v2\/product\/30174\/revisions\/30464"}],"wp:featuredmedia":[{"embeddable":true,"href":"https:\/\/www.speedmodels.ch\/fr\/wp-json\/wp\/v2\/media\/27193"}],"wp:attachment":[{"href":"https:\/\/www.speedmodels.ch\/fr\/wp-json\/wp\/v2\/media?parent=30174"}],"wp:term":[{"taxonomy":"product_brand","embeddable":true,"href":"https:\/\/www.speedmodels.ch\/fr\/wp-json\/wp\/v2\/product_brand?post=30174"},{"taxonomy":"product_cat","embeddable":true,"href":"https:\/\/www.speedmodels.ch\/fr\/wp-json\/wp\/v2\/product_cat?post=30174"},{"taxonomy":"product_tag","embeddable":true,"href":"https:\/\/www.speedmodels.ch\/fr\/wp-json\/wp\/v2\/product_tag?post=30174"}],"curies":[{"name":"wp","href":"https:\/\/api.w.org\/{rel}","templated":true}]}}