{"id":30060,"date":"2025-03-24T13:16:42","date_gmt":"2025-03-24T13:16:42","guid":{"rendered":"https:\/\/www.speedmodels.ch\/?post_type=product&#038;p=30060"},"modified":"2025-03-24T13:22:52","modified_gmt":"2025-03-24T13:22:52","slug":"orastick-entoilage-autocollant-chrome-violet-2m","status":"publish","type":"product","link":"https:\/\/www.speedmodels.ch\/fr\/produits\/film-couverture-decor\/orastick-film-autocollant\/orastick-entoilage-autocollant-chrome-violet-2m\/","title":{"rendered":"ORASTICK entoilage autocollant chrome violet 2m"},"content":{"rendered":"<p><strong>INFORMATION IMPORTANTE:<\/strong><\/p>\n<p><strong>Ne pas installer les antennes de r\u00e9ception sous les films ORACOVER\u00ae ou ORASTICK\u00ae de couleur chrome, car la face inf\u00e9rieure des films chrom\u00e9s, vaporis\u00e9e d&rsquo;aluminium, nuit \u00e0 la r\u00e9ception des signaux (cage de Faraday).<\/strong><\/p>\n<p><strong>ORASTICK entoillage autocollant en coulers chrome<\/strong> est disponible non seulement dans le chrome du m\u00e9tal original mais aussi dans les couleurs diff\u00e9rentes de chrome. Ces films sont tr\u00e8s appr\u00e9ci\u00e9s des constructeurs de mod\u00e8les r\u00e9duits, car ils permettent de reproduire de mani\u00e8re optimale le ton de l&rsquo;aluminium sur les mod\u00e8les r\u00e9duits, comme par exemple une Super Constellation, une Mustang, etc.<\/p>\n<p>Les films chrom\u00e9s ORASTICK\u00ae dans des tons chrom\u00e9s color\u00e9s conf\u00e8rent \u00e0 votre mod\u00e8le une note particuli\u00e8rement individuelle.<\/p>\n<p>Le film chrom\u00e9 ORASTICK\u00ae pr\u00e9sente toutes les caract\u00e9ristiques du film thermocollant ORACOVER\u00ae. Ils peuvent \u00e9galement \u00eatre trait\u00e9s entre eux. La plus grande diff\u00e9rence est l&rsquo;adh\u00e9sif. L&rsquo;ORACOVER\u00ae est adh\u00e9sif sous l&rsquo;effet de la chaleur, l&rsquo;ORASTICK\u00ae est autocollant.<\/p>\n<p>ORACOVER\u00ae, notre produit de tr\u00e8s haute qualit\u00e9 pour entoiler des avions mod\u00e8les est brevet\u00e9 dans le monde entier.<\/p>\n<p>Le film se caract\u00e9rise par des propri\u00e9t\u00e9s de traitement uniques:<br \/>\n\u2022 se pose et repassable &#8211; vous avez toujours une seconde chance en cas d&rsquo;erreurs de traitement<br \/>\n\u2022 brillant, non jaunissant<br \/>\n\u2022 r\u00e9sistant au carburant<br \/>\n\u2022 r\u00e9sistant \u00e0 la temp\u00e9rature jusqu&rsquo;\u00e0 250 \u00b0C<br \/>\n\u2022 il peut \u00eatre peint avec les vernis ORACOLOR\u00ae<br \/>\n\u2022 force d&rsquo;adh\u00e9rence particuli\u00e8rement \u00e9lev\u00e9<br \/>\n\u2022 renforcement structurel<\/p>\n<p>Si l\u2019ORACOVER\u00ae est appliqu\u00e9 suivant les instructions, il n\u2019y a pas de bulles ni de plis.<\/p>\n<p>Information:<br \/>\n\u2022 Nos couleurs ne sont pas identiques \u00e0 la palette de couleurs RAL.<br \/>\n\u2022 Dans notre assortiment de vernis, vous trouverez un vernis ORACOLOR de couleur identique pour un grand nombre de nos films et de nos tissus, ainsi que des durcisseurs et des diluants.<\/p>\n<p>Largeur: 60cm \u2013 rouleau de 2m<\/p>\n<p>&nbsp;<\/p>\n<div class=\"panel-body\">\n<div>\n<p><strong>Veuillez noter les instructions de traitement \u2013 Downloads pour cet article:<\/strong> \u2022 <u><a class=\"external\" href=\"https:\/\/www.oracover.de\/downloads\/viewcat\/1\/anleitungen\" target=\"_blank\" rel=\"noopener nofollow\">Verarbeitungsanleitung<\/a><\/u><\/p>\n<\/div>\n<\/div>\n<p>&nbsp;<\/p>\n<div style=\"text-align:left\" class=\"wps-pgfw-pdf-generate-icon__wrapper-frontend\">\n\t\t<a href=\"https:\/\/www.speedmodels.ch\/fr\/wp-json\/wp\/v2\/product\/30060\/?action=genpdf&amp;id=30060\" class=\"pgfw-single-pdf-download-button\" target=_blank><img src=\"https:\/\/speedmodels.ch\/wp-content\/uploads\/2021\/09\/pdf_icon.png\" title=\"G\u00e9n\u00e9rer un PDF\" style=\"width:auto; height:45px;\"><\/a>\n\t\t<\/div>","protected":false},"excerpt":{"rendered":"<p>INFORMATION IMPORTANTE: Ne pas installer les antennes de r\u00e9ception sous les films ORACOVER\u00ae ou ORASTICK\u00ae de couleur chrome, car la face inf\u00e9rieure des films chrom\u00e9s, vaporis\u00e9e d&rsquo;aluminium, nuit \u00e0 la r\u00e9ception des signaux (cage de Faraday). ORASTICK entoillage autocollant en coulers chrome est disponible non seulement dans le chrome du m\u00e9tal original mais aussi dans [&hellip;]<\/p>\n","protected":false},"featured_media":27221,"template":"","meta":[],"product_brand":[],"product_cat":[1586,1846],"product_tag":[],"class_list":{"0":"post-30060","1":"product","2":"type-product","3":"status-publish","4":"has-post-thumbnail","6":"product_cat-film-couverture-decor","7":"product_cat-orastick-film-autocollant","9":"first","10":"instock","11":"shipping-taxable","12":"product-type-simple"},"_links":{"self":[{"href":"https:\/\/www.speedmodels.ch\/fr\/wp-json\/wp\/v2\/product\/30060","targetHints":{"allow":["GET"]}}],"collection":[{"href":"https:\/\/www.speedmodels.ch\/fr\/wp-json\/wp\/v2\/product"}],"about":[{"href":"https:\/\/www.speedmodels.ch\/fr\/wp-json\/wp\/v2\/types\/product"}],"version-history":[{"count":1,"href":"https:\/\/www.speedmodels.ch\/fr\/wp-json\/wp\/v2\/product\/30060\/revisions"}],"predecessor-version":[{"id":30077,"href":"https:\/\/www.speedmodels.ch\/fr\/wp-json\/wp\/v2\/product\/30060\/revisions\/30077"}],"wp:featuredmedia":[{"embeddable":true,"href":"https:\/\/www.speedmodels.ch\/fr\/wp-json\/wp\/v2\/media\/27221"}],"wp:attachment":[{"href":"https:\/\/www.speedmodels.ch\/fr\/wp-json\/wp\/v2\/media?parent=30060"}],"wp:term":[{"taxonomy":"product_brand","embeddable":true,"href":"https:\/\/www.speedmodels.ch\/fr\/wp-json\/wp\/v2\/product_brand?post=30060"},{"taxonomy":"product_cat","embeddable":true,"href":"https:\/\/www.speedmodels.ch\/fr\/wp-json\/wp\/v2\/product_cat?post=30060"},{"taxonomy":"product_tag","embeddable":true,"href":"https:\/\/www.speedmodels.ch\/fr\/wp-json\/wp\/v2\/product_tag?post=30060"}],"curies":[{"name":"wp","href":"https:\/\/api.w.org\/{rel}","templated":true}]}}