{"id":29193,"date":"2024-09-23T09:14:23","date_gmt":"2024-09-23T09:14:23","guid":{"rendered":"https:\/\/www.speedmodels.ch\/?post_type=product&#038;p=29193"},"modified":"2026-03-16T11:58:35","modified_gmt":"2026-03-16T11:58:35","slug":"scope-planeur-electrique-envergure-ca-2660mm","status":"publish","type":"product","link":"https:\/\/www.speedmodels.ch\/fr\/produits\/modeles\/avions-fr\/modeles-telecommandes\/planeurs-electriques\/scope-planeur-electrique-envergure-ca-2660mm\/","title":{"rendered":"Scope planeur \u00e9lectrique envergure ca 2660mm"},"content":{"rendered":"<p>Le planeur \u00e9lectrique <strong>Scope<\/strong> a une envergure d&rsquo;environ 2600 mm. Les vols thermiques ou avec un l\u00e9ger vent ascendant en pente sont possibles avec ce mod\u00e8le. Le mod\u00e8le permet \u00e9galement d&rsquo;acqu\u00e9rir une premi\u00e8re exp\u00e9rience de l&rsquo;utilisation des volets de courbure ou des a\u00e9rofreins.<br \/>\n<strong>Scope<\/strong> peut \u00e9galement prendre de la vitesse et la convertir \u00e0 nouveau en altitude, bien que le comportement en vol soit assez docile. Il ne s&rsquo;agit cependant pas d&rsquo;un hotliner et souhaite \u00eatre pilot\u00e9 conform\u00e9ment \u00e0 sa classe de mod\u00e8le.<\/p>\n<p>L&rsquo;aile en deux parties du mod\u00e8le est construite en nervures et dispose d&rsquo;ailerons et de volets de frein\/de courbure. La grande verri\u00e8re permet de changer rapidement la batterie de vol. Un LiPo 3s de 2400 mAh est utilis\u00e9.<\/p>\n<p>Le kit contient:<\/p>\n<p>tous les composants en bois grav\u00e9 au laser, petites pi\u00e8ces, liaisons, instructions de construction 3D, gabarit de construction.<\/p>\n<p>Pour la commande des gouvernes, vous avez besoin de 6 servos au total<\/p>\n<p>2 x AN-12-MGBBA R\u00e9f\u00e9rence 7003\/74<br \/>\n2 x AN-8-MGBBD R\u00e9f\u00e9rence 7003\/71<br \/>\n2 x AN-10L-MGBBD R\u00e9f\u00e9rence 7003\/73<\/p>\n<p>Le papier entoil\u00e9, qui constitue une alternative bon march\u00e9 aux films entoil\u00e9s, est id\u00e9al pour la finition. De plus, une surface en papier donne un tr\u00e8s bon effet a\u00e9rodynamique sur le comportement de vol. Les peintures peuvent \u00e9galement \u00eatre appliqu\u00e9es tr\u00e8s facilement sur une surface bien pr\u00e9par\u00e9e.<\/p>\n<div style=\"text-align:left\" class=\"wps-pgfw-pdf-generate-icon__wrapper-frontend\">\n\t\t<a href=\"https:\/\/www.speedmodels.ch\/fr\/wp-json\/wp\/v2\/product\/29193\/?action=genpdf&amp;id=29193\" class=\"pgfw-single-pdf-download-button\" target=_blank><img src=\"https:\/\/speedmodels.ch\/wp-content\/uploads\/2021\/09\/pdf_icon.png\" title=\"G\u00e9n\u00e9rer un PDF\" style=\"width:auto; height:45px;\"><\/a>\n\t\t<\/div>","protected":false},"excerpt":{"rendered":"<p>Le planeur \u00e9lectrique Scope a une envergure d&rsquo;environ 2600 mm. Les vols thermiques ou avec un l\u00e9ger vent ascendant en pente sont possibles avec ce mod\u00e8le. Le mod\u00e8le permet \u00e9galement d&rsquo;acqu\u00e9rir une premi\u00e8re exp\u00e9rience de l&rsquo;utilisation des volets de courbure ou des a\u00e9rofreins. Scope peut \u00e9galement prendre de la vitesse et la convertir \u00e0 nouveau [&hellip;]<\/p>\n","protected":false},"featured_media":29196,"template":"","meta":[],"product_brand":[],"product_cat":[1652,1710,1653,1655],"product_tag":[],"class_list":{"0":"post-29193","1":"product","2":"type-product","3":"status-publish","4":"has-post-thumbnail","6":"product_cat-avions-fr","7":"product_cat-modeles","8":"product_cat-modeles-telecommandes","9":"product_cat-planeurs-electriques","11":"first","12":"instock","13":"shipping-taxable","14":"product-type-simple"},"_links":{"self":[{"href":"https:\/\/www.speedmodels.ch\/fr\/wp-json\/wp\/v2\/product\/29193","targetHints":{"allow":["GET"]}}],"collection":[{"href":"https:\/\/www.speedmodels.ch\/fr\/wp-json\/wp\/v2\/product"}],"about":[{"href":"https:\/\/www.speedmodels.ch\/fr\/wp-json\/wp\/v2\/types\/product"}],"version-history":[{"count":2,"href":"https:\/\/www.speedmodels.ch\/fr\/wp-json\/wp\/v2\/product\/29193\/revisions"}],"predecessor-version":[{"id":33010,"href":"https:\/\/www.speedmodels.ch\/fr\/wp-json\/wp\/v2\/product\/29193\/revisions\/33010"}],"wp:featuredmedia":[{"embeddable":true,"href":"https:\/\/www.speedmodels.ch\/fr\/wp-json\/wp\/v2\/media\/29196"}],"wp:attachment":[{"href":"https:\/\/www.speedmodels.ch\/fr\/wp-json\/wp\/v2\/media?parent=29193"}],"wp:term":[{"taxonomy":"product_brand","embeddable":true,"href":"https:\/\/www.speedmodels.ch\/fr\/wp-json\/wp\/v2\/product_brand?post=29193"},{"taxonomy":"product_cat","embeddable":true,"href":"https:\/\/www.speedmodels.ch\/fr\/wp-json\/wp\/v2\/product_cat?post=29193"},{"taxonomy":"product_tag","embeddable":true,"href":"https:\/\/www.speedmodels.ch\/fr\/wp-json\/wp\/v2\/product_tag?post=29193"}],"curies":[{"name":"wp","href":"https:\/\/api.w.org\/{rel}","templated":true}]}}