{"id":29176,"date":"2024-09-05T08:53:44","date_gmt":"2024-09-05T08:53:44","guid":{"rendered":"https:\/\/www.speedmodels.ch\/produkte\/non class\u00e9\/profile-en-plastique-en-l-5-x-10mm-de-raboesch\/"},"modified":"2024-09-05T08:53:44","modified_gmt":"2024-09-05T08:53:44","slug":"profile-en-plastique-en-l-5-x-10mm-de-raboesch","status":"publish","type":"product","link":"https:\/\/www.speedmodels.ch\/fr\/produits\/profiles-plaques\/profiles-en-plastic\/profil-angle\/profile-en-plastique-en-l-5-x-10mm-de-raboesch\/","title":{"rendered":"Profile en plastique en L 5 x 10mm de Raboesch"},"content":{"rendered":"<p><strong>Profile en plastique en L de Raboesch<\/strong> materiaux: ASA (blanc) A = 5 mm B = 10 mm longueur: 1000 mm Caract\u00e9ristique: tr\u00e8s r\u00e9sistant aux chocs \u2013 haute r\u00e9sistance aux intemp\u00e9ries et aux UV \u2013 grande rigidit\u00e9 \u2013 facile \u00e0 vernir et \u00e0 peindre \u2013 facile \u00e0 coller (par exemple Plasti-ZAP, ZAP A GAP, Uhu-Plast etc.). Particuli\u00e8rement adapt\u00e9 \u00e0 la construction de mod\u00e8les architecturaux, ferroviaires, navals et automobiles etc. Particuli\u00e8rement adapt\u00e9 \u00e0 la construction de mod\u00e8les architecturaux, ferroviaires, navals et automobiles etc. &nbsp;<\/p>\n<div style=\"text-align:left\" class=\"wps-pgfw-pdf-generate-icon__wrapper-frontend\">\n\t\t<a href=\"https:\/\/www.speedmodels.ch\/fr\/wp-json\/wp\/v2\/product\/29176\/?action=genpdf&amp;id=29176\" class=\"pgfw-single-pdf-download-button\" target=_blank><img src=\"https:\/\/speedmodels.ch\/wp-content\/uploads\/2021\/09\/pdf_icon.png\" title=\"G\u00e9n\u00e9rer un PDF\" style=\"width:auto; height:45px;\"><\/a>\n\t\t<\/div>","protected":false},"excerpt":{"rendered":"<p>Profile en plastique en L de Raboesch materiaux: ASA (blanc) A = 5 mm B = 10 mm longueur: 1000 mm Caract\u00e9ristique: tr\u00e8s r\u00e9sistant aux chocs \u2013 haute r\u00e9sistance aux intemp\u00e9ries et aux UV \u2013 grande rigidit\u00e9 \u2013 facile \u00e0 vernir et \u00e0 peindre \u2013 facile \u00e0 coller (par exemple Plasti-ZAP, ZAP A GAP, Uhu-Plast [&hellip;]<\/p>\n","protected":false},"featured_media":10109,"template":"","meta":[],"product_brand":[],"product_cat":[1861,1512,1782],"product_tag":[],"class_list":{"0":"post-29176","1":"product","2":"type-product","3":"status-publish","4":"has-post-thumbnail","6":"product_cat-profil-angle","7":"product_cat-profiles-plaques","8":"product_cat-profiles-en-plastic","10":"first","11":"instock","12":"shipping-taxable","13":"product-type-simple"},"_links":{"self":[{"href":"https:\/\/www.speedmodels.ch\/fr\/wp-json\/wp\/v2\/product\/29176","targetHints":{"allow":["GET"]}}],"collection":[{"href":"https:\/\/www.speedmodels.ch\/fr\/wp-json\/wp\/v2\/product"}],"about":[{"href":"https:\/\/www.speedmodels.ch\/fr\/wp-json\/wp\/v2\/types\/product"}],"version-history":[{"count":0,"href":"https:\/\/www.speedmodels.ch\/fr\/wp-json\/wp\/v2\/product\/29176\/revisions"}],"wp:featuredmedia":[{"embeddable":true,"href":"https:\/\/www.speedmodels.ch\/fr\/wp-json\/wp\/v2\/media\/10109"}],"wp:attachment":[{"href":"https:\/\/www.speedmodels.ch\/fr\/wp-json\/wp\/v2\/media?parent=29176"}],"wp:term":[{"taxonomy":"product_brand","embeddable":true,"href":"https:\/\/www.speedmodels.ch\/fr\/wp-json\/wp\/v2\/product_brand?post=29176"},{"taxonomy":"product_cat","embeddable":true,"href":"https:\/\/www.speedmodels.ch\/fr\/wp-json\/wp\/v2\/product_cat?post=29176"},{"taxonomy":"product_tag","embeddable":true,"href":"https:\/\/www.speedmodels.ch\/fr\/wp-json\/wp\/v2\/product_tag?post=29176"}],"curies":[{"name":"wp","href":"https:\/\/api.w.org\/{rel}","templated":true}]}}