{"id":29131,"date":"2024-08-22T06:44:17","date_gmt":"2024-08-22T06:44:17","guid":{"rendered":"https:\/\/www.speedmodels.ch\/produkte\/non%20class\u00e9\/papier-dentoilage-kumo-no-kami\/"},"modified":"2026-03-16T12:00:33","modified_gmt":"2026-03-16T12:00:33","slug":"papier-dentoilage-kumo-no-kami","status":"publish","type":"product","link":"https:\/\/www.speedmodels.ch\/fr\/produits\/film-couverture-decor\/papier-soie-de-couverture\/papier-dentoilage-kumo-no-kami\/","title":{"rendered":"Papier d&rsquo;entoilage \u00ab\u00a0Kumo no Kami\u00a0\u00bb"},"content":{"rendered":"<p><strong>Papier \u00e0 entoiler \u00ab\u00a0Kumo no Kami\u00a0\u00bb 21g blanc, 125&#215;60 cm<\/strong><\/p>\n<p>Les Japonais l&rsquo;appellent \u00ab\u00a0Kumo no Kami\u00a0\u00bb &#8211; le papier des nuages !<br \/>\nCe papier d&rsquo;entoilage est un papier de soie l\u00e9ger qui convient parfaitement \u00e0 l&rsquo;entoilage des mod\u00e8les r\u00e9duits d&rsquo;avions. Avec son poids de 21g\/m\u00b2, il est adapt\u00e9 aux mod\u00e8les volants de taille moyenne \u00e0 grande. Le traitement du papier est tr\u00e8s simple en raison de sa tr\u00e8s grande r\u00e9sistance \u00e0 l&rsquo;humidit\u00e9. L&rsquo;application est plus facile avec le bouche-pores aero-naut et le vernis de tension. Le papier a une taille \u00e9norme de 125 x 60 cm, ce qui permet d&rsquo;entoiler les ailes et les fuselages avec de grands morceaux et d&rsquo;\u00e9viter la d\u00e9coupe fastidieuse de papiers plus petits. La r\u00e9partition sp\u00e9ciale des fibres dans le papier permet de travailler tr\u00e8s facilement \u00ab\u00a0\u00e0 l&rsquo;humide\u00a0\u00bb, car il est encore possible d&rsquo;apporter facilement des corrections au papier appliqu\u00e9. Le paquet contient <strong>10 feuilles<\/strong> de 125&#215;60 cm, ce qui correspond \u00e0 environ 7,5m\u00b2, soit <strong><u>beaucoup plus de papier<\/u><\/strong> que les emballages et dimensions pr\u00e9c\u00e9dents. Le papier est livr\u00e9 <strong><u>livr\u00e9 roul\u00e9<\/u><\/strong>Le papier est emball\u00e9 dans un sac en plastique, ce qui \u00e9vite les plis inesth\u00e9tiques dus \u00e0 l&#8217;emballage et \u00e0 l&rsquo;exp\u00e9dition.<\/p>\n<div style=\"text-align:left\" class=\"wps-pgfw-pdf-generate-icon__wrapper-frontend\">\n\t\t<a href=\"https:\/\/www.speedmodels.ch\/fr\/wp-json\/wp\/v2\/product\/29131\/?action=genpdf&amp;id=29131\" class=\"pgfw-single-pdf-download-button\" target=_blank><img src=\"https:\/\/speedmodels.ch\/wp-content\/uploads\/2021\/09\/pdf_icon.png\" title=\"G\u00e9n\u00e9rer un PDF\" style=\"width:auto; height:45px;\"><\/a>\n\t\t<\/div>","protected":false},"excerpt":{"rendered":"<p>Papier \u00e0 entoiler \u00ab\u00a0Kumo no Kami\u00a0\u00bb 21g blanc, 125&#215;60 cm Les Japonais l&rsquo;appellent \u00ab\u00a0Kumo no Kami\u00a0\u00bb &#8211; le papier des nuages ! Ce papier d&rsquo;entoilage est un papier de soie l\u00e9ger qui convient parfaitement \u00e0 l&rsquo;entoilage des mod\u00e8les r\u00e9duits d&rsquo;avions. Avec son poids de 21g\/m\u00b2, il est adapt\u00e9 aux mod\u00e8les volants de taille moyenne \u00e0 [&hellip;]<\/p>\n","protected":false},"featured_media":29000,"template":"","meta":[],"product_brand":[],"product_cat":[1586,1587],"product_tag":[],"class_list":{"0":"post-29131","1":"product","2":"type-product","3":"status-publish","4":"has-post-thumbnail","6":"product_cat-film-couverture-decor","7":"product_cat-papier-soie-de-couverture","9":"first","10":"instock","11":"shipping-taxable","12":"product-type-simple"},"_links":{"self":[{"href":"https:\/\/www.speedmodels.ch\/fr\/wp-json\/wp\/v2\/product\/29131","targetHints":{"allow":["GET"]}}],"collection":[{"href":"https:\/\/www.speedmodels.ch\/fr\/wp-json\/wp\/v2\/product"}],"about":[{"href":"https:\/\/www.speedmodels.ch\/fr\/wp-json\/wp\/v2\/types\/product"}],"version-history":[{"count":1,"href":"https:\/\/www.speedmodels.ch\/fr\/wp-json\/wp\/v2\/product\/29131\/revisions"}],"predecessor-version":[{"id":33011,"href":"https:\/\/www.speedmodels.ch\/fr\/wp-json\/wp\/v2\/product\/29131\/revisions\/33011"}],"wp:featuredmedia":[{"embeddable":true,"href":"https:\/\/www.speedmodels.ch\/fr\/wp-json\/wp\/v2\/media\/29000"}],"wp:attachment":[{"href":"https:\/\/www.speedmodels.ch\/fr\/wp-json\/wp\/v2\/media?parent=29131"}],"wp:term":[{"taxonomy":"product_brand","embeddable":true,"href":"https:\/\/www.speedmodels.ch\/fr\/wp-json\/wp\/v2\/product_brand?post=29131"},{"taxonomy":"product_cat","embeddable":true,"href":"https:\/\/www.speedmodels.ch\/fr\/wp-json\/wp\/v2\/product_cat?post=29131"},{"taxonomy":"product_tag","embeddable":true,"href":"https:\/\/www.speedmodels.ch\/fr\/wp-json\/wp\/v2\/product_tag?post=29131"}],"curies":[{"name":"wp","href":"https:\/\/api.w.org\/{rel}","templated":true}]}}