{"id":28739,"date":"2024-05-27T11:24:37","date_gmt":"2024-05-27T11:24:37","guid":{"rendered":"https:\/\/www.speedmodels.ch\/?post_type=product&#038;p=28739"},"modified":"2026-04-09T13:19:47","modified_gmt":"2026-04-09T13:19:47","slug":"profile-en-plastique-palplanche-n-1160","status":"publish","type":"product","link":"https:\/\/www.speedmodels.ch\/fr\/produits\/profiles-plaques\/profiles-en-plastic\/profile-en-plastique-palplanche\/profile-en-plastique-palplanche-n-1160\/","title":{"rendered":"Profil\u00e9 plastique palplanche N (1:160) \/ 1m"},"content":{"rendered":"<p>Raboesch Profil\u00e9 plastique <strong>palplanches N (1:160)<\/strong><\/p>\n<p>materiaux: ASA (brun)<\/p>\n<p>A = 9,4 mm<\/p>\n<p>B = 3,1 mm<\/p>\n<p>C = 3,1 mm<\/p>\n<p>D = 3,1 mm<\/p>\n<p>longueur: 1000 mm<\/p>\n<p>emballage = 3 pcs<\/p>\n<p>Caract\u00e9ristiques: tr\u00e8s r\u00e9sistant aux chocs &#8211; haute r\u00e9sistance aux intemp\u00e9ries et aux UV &#8211; grande rigidit\u00e9 &#8211; facile \u00e0 vernir et \u00e0 peindre &#8211; facile \u00e0 coller (par exemple Plasti-ZAP, ZAP A GAP, Uhu-Plast etc.). Particuli\u00e8rement adapt\u00e9 \u00e0 la construction de mod\u00e8les architecturaux, ferroviaires, navals et automobiles etc.<\/p>\n<div style=\"text-align:left\" class=\"wps-pgfw-pdf-generate-icon__wrapper-frontend\">\n\t\t<a href=\"https:\/\/www.speedmodels.ch\/fr\/wp-json\/wp\/v2\/product\/28739\/?action=genpdf&amp;id=28739\" class=\"pgfw-single-pdf-download-button\" target=_blank><img src=\"https:\/\/speedmodels.ch\/wp-content\/uploads\/2021\/09\/pdf_icon.png\" title=\"G\u00e9n\u00e9rer un PDF\" style=\"width:auto; height:45px;\"><\/a>\n\t\t<\/div>","protected":false},"excerpt":{"rendered":"<p>Raboesch Profil\u00e9 plastique palplanches N (1:160) materiaux: ASA (brun) A = 9,4 mm B = 3,1 mm C = 3,1 mm D = 3,1 mm longueur: 1000 mm emballage = 3 pcs Caract\u00e9ristiques: tr\u00e8s r\u00e9sistant aux chocs &#8211; haute r\u00e9sistance aux intemp\u00e9ries et aux UV &#8211; grande rigidit\u00e9 &#8211; facile \u00e0 vernir et \u00e0 peindre [&hellip;]<\/p>\n","protected":false},"featured_media":10120,"template":"","meta":[],"product_brand":[],"product_cat":[1783,1512,1782],"product_tag":[],"class_list":{"0":"post-28739","1":"product","2":"type-product","3":"status-publish","4":"has-post-thumbnail","6":"product_cat-profile-en-plastique-palplanche","7":"product_cat-profiles-plaques","8":"product_cat-profiles-en-plastic","10":"first","11":"instock","12":"shipping-taxable","13":"product-type-simple"},"_links":{"self":[{"href":"https:\/\/www.speedmodels.ch\/fr\/wp-json\/wp\/v2\/product\/28739","targetHints":{"allow":["GET"]}}],"collection":[{"href":"https:\/\/www.speedmodels.ch\/fr\/wp-json\/wp\/v2\/product"}],"about":[{"href":"https:\/\/www.speedmodels.ch\/fr\/wp-json\/wp\/v2\/types\/product"}],"version-history":[{"count":2,"href":"https:\/\/www.speedmodels.ch\/fr\/wp-json\/wp\/v2\/product\/28739\/revisions"}],"predecessor-version":[{"id":33077,"href":"https:\/\/www.speedmodels.ch\/fr\/wp-json\/wp\/v2\/product\/28739\/revisions\/33077"}],"wp:featuredmedia":[{"embeddable":true,"href":"https:\/\/www.speedmodels.ch\/fr\/wp-json\/wp\/v2\/media\/10120"}],"wp:attachment":[{"href":"https:\/\/www.speedmodels.ch\/fr\/wp-json\/wp\/v2\/media?parent=28739"}],"wp:term":[{"taxonomy":"product_brand","embeddable":true,"href":"https:\/\/www.speedmodels.ch\/fr\/wp-json\/wp\/v2\/product_brand?post=28739"},{"taxonomy":"product_cat","embeddable":true,"href":"https:\/\/www.speedmodels.ch\/fr\/wp-json\/wp\/v2\/product_cat?post=28739"},{"taxonomy":"product_tag","embeddable":true,"href":"https:\/\/www.speedmodels.ch\/fr\/wp-json\/wp\/v2\/product_tag?post=28739"}],"curies":[{"name":"wp","href":"https:\/\/api.w.org\/{rel}","templated":true}]}}