{"id":28545,"date":"2024-05-23T13:34:39","date_gmt":"2024-05-23T13:34:39","guid":{"rendered":"https:\/\/www.speedmodels.ch\/?post_type=product&#038;p=28545"},"modified":"2024-05-23T13:34:39","modified_gmt":"2024-05-23T13:34:39","slug":"profil-en-plastique-rectangulaire-15-x-25-mm","status":"publish","type":"product","link":"https:\/\/www.speedmodels.ch\/fr\/produits\/profiles-plaques\/profiles-en-plastic\/profil-en-plastique-rectangulaire\/profil-en-plastique-rectangulaire-15-x-25-mm\/","title":{"rendered":"Profil en plastique rectangulaire 1,5 x 2,5 mm"},"content":{"rendered":"<p><strong>Profil en plastique rectangulaire de Raboesch<\/strong><\/p>\n<p>materiaux: ASA (blanc)<\/p>\n<p>A = 1,5 mm<\/p>\n<p>B = 2,5 mm<\/p>\n<p>longueur: 1000 mm<\/p>\n<p>Caract\u00e9ristiques: tr\u00e8s r\u00e9sistant aux chocs &#8211; haute r\u00e9sistance aux intemp\u00e9ries et aux UV &#8211; grande rigidit\u00e9 &#8211; facile \u00e0 vernir et \u00e0 peindre &#8211; facile \u00e0 coller (par exemple Plasti-ZAP, ZAP A GAP, Uhu-Plast etc.). Particuli\u00e8rement adapt\u00e9 \u00e0 la construction de mod\u00e8les architecturaux, ferroviaires, navals et automobiles etc.<\/p>\n<div style=\"text-align:left\" class=\"wps-pgfw-pdf-generate-icon__wrapper-frontend\">\n\t\t<a href=\"https:\/\/www.speedmodels.ch\/fr\/wp-json\/wp\/v2\/product\/28545\/?action=genpdf&amp;id=28545\" class=\"pgfw-single-pdf-download-button\" target=_blank><img src=\"https:\/\/speedmodels.ch\/wp-content\/uploads\/2021\/09\/pdf_icon.png\" title=\"G\u00e9n\u00e9rer un PDF\" style=\"width:auto; height:45px;\"><\/a>\n\t\t<\/div>","protected":false},"excerpt":{"rendered":"<p>Profil en plastique rectangulaire de Raboesch materiaux: ASA (blanc) A = 1,5 mm B = 2,5 mm longueur: 1000 mm Caract\u00e9ristiques: tr\u00e8s r\u00e9sistant aux chocs &#8211; haute r\u00e9sistance aux intemp\u00e9ries et aux UV &#8211; grande rigidit\u00e9 &#8211; facile \u00e0 vernir et \u00e0 peindre &#8211; facile \u00e0 coller (par exemple Plasti-ZAP, ZAP A GAP, Uhu-Plast etc.). [&hellip;]<\/p>\n","protected":false},"featured_media":10103,"template":"","meta":[],"product_brand":[],"product_cat":[1798,1512,1782],"product_tag":[],"class_list":{"0":"post-28545","1":"product","2":"type-product","3":"status-publish","4":"has-post-thumbnail","6":"product_cat-profil-en-plastique-rectangulaire","7":"product_cat-profiles-plaques","8":"product_cat-profiles-en-plastic","10":"first","11":"instock","12":"shipping-taxable","13":"product-type-simple"},"_links":{"self":[{"href":"https:\/\/www.speedmodels.ch\/fr\/wp-json\/wp\/v2\/product\/28545","targetHints":{"allow":["GET"]}}],"collection":[{"href":"https:\/\/www.speedmodels.ch\/fr\/wp-json\/wp\/v2\/product"}],"about":[{"href":"https:\/\/www.speedmodels.ch\/fr\/wp-json\/wp\/v2\/types\/product"}],"version-history":[{"count":0,"href":"https:\/\/www.speedmodels.ch\/fr\/wp-json\/wp\/v2\/product\/28545\/revisions"}],"wp:featuredmedia":[{"embeddable":true,"href":"https:\/\/www.speedmodels.ch\/fr\/wp-json\/wp\/v2\/media\/10103"}],"wp:attachment":[{"href":"https:\/\/www.speedmodels.ch\/fr\/wp-json\/wp\/v2\/media?parent=28545"}],"wp:term":[{"taxonomy":"product_brand","embeddable":true,"href":"https:\/\/www.speedmodels.ch\/fr\/wp-json\/wp\/v2\/product_brand?post=28545"},{"taxonomy":"product_cat","embeddable":true,"href":"https:\/\/www.speedmodels.ch\/fr\/wp-json\/wp\/v2\/product_cat?post=28545"},{"taxonomy":"product_tag","embeddable":true,"href":"https:\/\/www.speedmodels.ch\/fr\/wp-json\/wp\/v2\/product_tag?post=28545"}],"curies":[{"name":"wp","href":"https:\/\/api.w.org\/{rel}","templated":true}]}}