{"id":28074,"date":"2024-05-13T14:34:40","date_gmt":"2024-05-13T14:34:40","guid":{"rendered":"https:\/\/www.speedmodels.ch\/?post_type=product&#038;p=28074"},"modified":"2024-09-05T08:47:04","modified_gmt":"2024-09-05T08:47:04","slug":"profile-en-plastique-tube-carree-2x3mm","status":"publish","type":"product","link":"https:\/\/www.speedmodels.ch\/fr\/produits\/profiles-plaques\/profiles-en-plastic\/profil-en-plastique-tube-carree-fr\/profile-en-plastique-tube-carree-2x3mm\/","title":{"rendered":"Profile en plastique tube carr\u00e9e 2x3mm"},"content":{"rendered":"<p><strong>Profil en plastique tube carr\u00e9e de Raboesch<\/strong> materiaux: ASA (blanc) A = 2 mm B = 3 mm longueur: 1000 mm Caract\u00e9ristique: tr\u00e8s r\u00e9sistant aux chocs \u2013 haute r\u00e9sistance aux intemp\u00e9ries et aux UV \u2013 grande rigidit\u00e9 \u2013 facile \u00e0 vernir et \u00e0 peindre \u2013 facile \u00e0 coller (par exemple Plasti-ZAP, ZAP A GAP, Uhu-Plast etc.). Particuli\u00e8rement adapt\u00e9 \u00e0 la construction de mod\u00e8les architecturaux, ferroviaires, navals et automobiles etc.<\/p>\n<div style=\"text-align:left\" class=\"wps-pgfw-pdf-generate-icon__wrapper-frontend\">\n\t\t<a href=\"https:\/\/www.speedmodels.ch\/fr\/wp-json\/wp\/v2\/product\/28074\/?action=genpdf&amp;id=28074\" class=\"pgfw-single-pdf-download-button\" target=_blank><img src=\"https:\/\/speedmodels.ch\/wp-content\/uploads\/2021\/09\/pdf_icon.png\" title=\"G\u00e9n\u00e9rer un PDF\" style=\"width:auto; height:45px;\"><\/a>\n\t\t<\/div>","protected":false},"excerpt":{"rendered":"<p>Profil en plastique tube carr\u00e9e de Raboesch materiaux: ASA (blanc) A = 2 mm B = 3 mm longueur: 1000 mm Caract\u00e9ristique: tr\u00e8s r\u00e9sistant aux chocs \u2013 haute r\u00e9sistance aux intemp\u00e9ries et aux UV \u2013 grande rigidit\u00e9 \u2013 facile \u00e0 vernir et \u00e0 peindre \u2013 facile \u00e0 coller (par exemple Plasti-ZAP, ZAP A GAP, Uhu-Plast [&hellip;]<\/p>\n","protected":false},"featured_media":10112,"template":"","meta":[],"product_brand":[],"product_cat":[1791,1512,1782],"product_tag":[],"class_list":{"0":"post-28074","1":"product","2":"type-product","3":"status-publish","4":"has-post-thumbnail","6":"product_cat-profil-en-plastique-tube-carree-fr","7":"product_cat-profiles-plaques","8":"product_cat-profiles-en-plastic","10":"first","11":"instock","12":"shipping-taxable","13":"product-type-simple"},"_links":{"self":[{"href":"https:\/\/www.speedmodels.ch\/fr\/wp-json\/wp\/v2\/product\/28074","targetHints":{"allow":["GET"]}}],"collection":[{"href":"https:\/\/www.speedmodels.ch\/fr\/wp-json\/wp\/v2\/product"}],"about":[{"href":"https:\/\/www.speedmodels.ch\/fr\/wp-json\/wp\/v2\/types\/product"}],"version-history":[{"count":1,"href":"https:\/\/www.speedmodels.ch\/fr\/wp-json\/wp\/v2\/product\/28074\/revisions"}],"predecessor-version":[{"id":29142,"href":"https:\/\/www.speedmodels.ch\/fr\/wp-json\/wp\/v2\/product\/28074\/revisions\/29142"}],"wp:featuredmedia":[{"embeddable":true,"href":"https:\/\/www.speedmodels.ch\/fr\/wp-json\/wp\/v2\/media\/10112"}],"wp:attachment":[{"href":"https:\/\/www.speedmodels.ch\/fr\/wp-json\/wp\/v2\/media?parent=28074"}],"wp:term":[{"taxonomy":"product_brand","embeddable":true,"href":"https:\/\/www.speedmodels.ch\/fr\/wp-json\/wp\/v2\/product_brand?post=28074"},{"taxonomy":"product_cat","embeddable":true,"href":"https:\/\/www.speedmodels.ch\/fr\/wp-json\/wp\/v2\/product_cat?post=28074"},{"taxonomy":"product_tag","embeddable":true,"href":"https:\/\/www.speedmodels.ch\/fr\/wp-json\/wp\/v2\/product_tag?post=28074"}],"curies":[{"name":"wp","href":"https:\/\/api.w.org\/{rel}","templated":true}]}}