{"id":27530,"date":"2024-04-22T13:36:00","date_gmt":"2024-04-22T13:36:00","guid":{"rendered":"https:\/\/www.speedmodels.ch\/?post_type=product&#038;p=27530"},"modified":"2024-04-22T13:36:50","modified_gmt":"2024-04-22T13:36:50","slug":"nez-dhelice-alu-o-30mm-avec-cone-de-serrage-3-2mm-racine-de-pales-8mm","status":"publish","type":"product","link":"https:\/\/www.speedmodels.ch\/fr\/produits\/accessoires\/pour-avions\/accessoires-helices\/nez-dhelice\/nez-dhelice-pour-2-pales\/nez-dhelice-alu-o-30mm-avec-cone-de-serrage-3-2mm-racine-de-pales-8mm\/","title":{"rendered":"Nez d&rsquo;h\u00e9lice alu \u00d8 30mm avec c\u00f4ne de serrage 3.2mm \/ racine de pales 8mm"},"content":{"rendered":"<p><strong>Prix de liquidation <span style=\"color: #ff0000;\">Fr. 8.50 incl. TVA<\/span><\/strong><br \/>\n<strong>(jusqu\u2019\u00e0 \u00e9puisement des stock \/ articles fin de s\u00e9rie ne sont pas repris ou \u00e9chang\u00e9 \/ pi\u00e8ces d\u00e9tach\u00e9es jusqu\u2019\u00e0 \u00e9puisement des stock).<\/strong><br \/>\n<strong>Pas de ventre directe!<\/strong><\/p>\n<p>Nez d&rsquo;h\u00e9lice en alu anodis\u00e9 violet, avec moyeau et c\u00f4ne de serrage pour h\u00e9lice repliable 2 pales.<\/p>\n<p>Axe de moteur 3.2 mm<\/p>\n<p>moyeau &#8211; al\u00e9sage 3 mm<\/p>\n<p>racine de pales 8 mm<\/p>\n<p>&nbsp;<\/p>\n<div style=\"text-align:left\" class=\"wps-pgfw-pdf-generate-icon__wrapper-frontend\">\n\t\t<a href=\"https:\/\/www.speedmodels.ch\/fr\/wp-json\/wp\/v2\/product\/27530\/?action=genpdf&amp;id=27530\" class=\"pgfw-single-pdf-download-button\" target=_blank><img src=\"https:\/\/speedmodels.ch\/wp-content\/uploads\/2021\/09\/pdf_icon.png\" title=\"G\u00e9n\u00e9rer un PDF\" style=\"width:auto; height:45px;\"><\/a>\n\t\t<\/div>","protected":false},"excerpt":{"rendered":"<p>Prix de liquidation Fr. 8.50 incl. TVA (jusqu\u2019\u00e0 \u00e9puisement des stock \/ articles fin de s\u00e9rie ne sont pas repris ou \u00e9chang\u00e9 \/ pi\u00e8ces d\u00e9tach\u00e9es jusqu\u2019\u00e0 \u00e9puisement des stock). Pas de ventre directe! Nez d&rsquo;h\u00e9lice en alu anodis\u00e9 violet, avec moyeau et c\u00f4ne de serrage pour h\u00e9lice repliable 2 pales. Axe de moteur 3.2 mm [&hellip;]<\/p>\n","protected":false},"featured_media":27403,"template":"","meta":[],"product_brand":[],"product_cat":[1518,1601,1856,1602,1603,1519],"product_tag":[],"class_list":{"0":"post-27530","1":"product","2":"type-product","3":"status-publish","4":"has-post-thumbnail","6":"product_cat-accessoires","7":"product_cat-accessoires-helices","8":"product_cat-article-fin-de-serie","9":"product_cat-nez-dhelice","10":"product_cat-nez-dhelice-pour-2-pales","11":"product_cat-pour-avions","13":"first","14":"instock","15":"shipping-taxable","16":"product-type-simple"},"_links":{"self":[{"href":"https:\/\/www.speedmodels.ch\/fr\/wp-json\/wp\/v2\/product\/27530","targetHints":{"allow":["GET"]}}],"collection":[{"href":"https:\/\/www.speedmodels.ch\/fr\/wp-json\/wp\/v2\/product"}],"about":[{"href":"https:\/\/www.speedmodels.ch\/fr\/wp-json\/wp\/v2\/types\/product"}],"version-history":[{"count":0,"href":"https:\/\/www.speedmodels.ch\/fr\/wp-json\/wp\/v2\/product\/27530\/revisions"}],"wp:featuredmedia":[{"embeddable":true,"href":"https:\/\/www.speedmodels.ch\/fr\/wp-json\/wp\/v2\/media\/27403"}],"wp:attachment":[{"href":"https:\/\/www.speedmodels.ch\/fr\/wp-json\/wp\/v2\/media?parent=27530"}],"wp:term":[{"taxonomy":"product_brand","embeddable":true,"href":"https:\/\/www.speedmodels.ch\/fr\/wp-json\/wp\/v2\/product_brand?post=27530"},{"taxonomy":"product_cat","embeddable":true,"href":"https:\/\/www.speedmodels.ch\/fr\/wp-json\/wp\/v2\/product_cat?post=27530"},{"taxonomy":"product_tag","embeddable":true,"href":"https:\/\/www.speedmodels.ch\/fr\/wp-json\/wp\/v2\/product_tag?post=27530"}],"curies":[{"name":"wp","href":"https:\/\/api.w.org\/{rel}","templated":true}]}}