{"id":27448,"date":"2024-04-18T12:32:03","date_gmt":"2024-04-18T12:32:03","guid":{"rendered":"https:\/\/www.speedmodels.ch\/?post_type=product&#038;p=27448"},"modified":"2024-04-18T12:35:38","modified_gmt":"2024-04-18T12:35:38","slug":"flocon-de-coton-50-gr","status":"publish","type":"product","link":"https:\/\/www.speedmodels.ch\/fr\/produits\/article-fin-de-serie\/flocon-de-coton-50-gr\/","title":{"rendered":"Flocon de coton 50 gr"},"content":{"rendered":"<p><span class=\"deutsch_texte\"><strong>Prix de liquidation <span style=\"color: #ff0000;\">Fr. 4.50 incl. TVA<\/span>.<\/strong><br \/>\n<strong>(jusqu\u2019\u00e0 \u00e9puisement des stock \/ articles fin de s\u00e9rie ne sont pas repris ou \u00e9chang\u00e9 \/ pi\u00e8ces d\u00e9tach\u00e9es jusqu\u2019\u00e0 \u00e9puisement des stock).<\/strong><br \/>\n<strong>Pas de ventre directe!<\/strong><\/span><\/p>\n<p>Charge naturelle pour les r\u00e9sines \u00e9poxydes et polyesters. Convient tr\u00e8s bien pour l&rsquo;\u00e9paississement, augmente la r\u00e9sistance m\u00e9canique des mat\u00e9riaux de moulage.<\/p>\n<p><strong>Application possible:<\/strong><br \/>\nFabrication de colles l\u00e9g\u00e8res et non coulantes et de masses \u00e0 presser coulantes ainsi que de couches de couplage dans la construction de moules, en utilisant un m\u00e9lange de 50 % en volume de copeaux de fibres de verre et de 50 % en volume de flocons de coton. Les flocons de coton augmentent la stabilit\u00e9 dimensionnelle ainsi que la r\u00e9sistance aux chocs et \u00e0 l&rsquo;abrasion des mat\u00e9riaux de moulage.<\/p>\n<p>Contenue: 50 gr<\/p>\n<div style=\"text-align:left\" class=\"wps-pgfw-pdf-generate-icon__wrapper-frontend\">\n\t\t<a href=\"https:\/\/www.speedmodels.ch\/fr\/wp-json\/wp\/v2\/product\/27448\/?action=genpdf&amp;id=27448\" class=\"pgfw-single-pdf-download-button\" target=_blank><img src=\"https:\/\/speedmodels.ch\/wp-content\/uploads\/2021\/09\/pdf_icon.png\" title=\"G\u00e9n\u00e9rer un PDF\" style=\"width:auto; height:45px;\"><\/a>\n\t\t<\/div>","protected":false},"excerpt":{"rendered":"<p><br data-mce-bogus=\"1\"><\/p>\n","protected":false},"featured_media":27421,"template":"","meta":[],"product_brand":[],"product_cat":[1856,1750],"product_tag":[],"class_list":{"0":"post-27448","1":"product","2":"type-product","3":"status-publish","4":"has-post-thumbnail","6":"product_cat-article-fin-de-serie","7":"product_cat-peintures-vernis-colles","9":"first","10":"instock","11":"shipping-taxable","12":"product-type-simple"},"_links":{"self":[{"href":"https:\/\/www.speedmodels.ch\/fr\/wp-json\/wp\/v2\/product\/27448","targetHints":{"allow":["GET"]}}],"collection":[{"href":"https:\/\/www.speedmodels.ch\/fr\/wp-json\/wp\/v2\/product"}],"about":[{"href":"https:\/\/www.speedmodels.ch\/fr\/wp-json\/wp\/v2\/types\/product"}],"version-history":[{"count":0,"href":"https:\/\/www.speedmodels.ch\/fr\/wp-json\/wp\/v2\/product\/27448\/revisions"}],"wp:featuredmedia":[{"embeddable":true,"href":"https:\/\/www.speedmodels.ch\/fr\/wp-json\/wp\/v2\/media\/27421"}],"wp:attachment":[{"href":"https:\/\/www.speedmodels.ch\/fr\/wp-json\/wp\/v2\/media?parent=27448"}],"wp:term":[{"taxonomy":"product_brand","embeddable":true,"href":"https:\/\/www.speedmodels.ch\/fr\/wp-json\/wp\/v2\/product_brand?post=27448"},{"taxonomy":"product_cat","embeddable":true,"href":"https:\/\/www.speedmodels.ch\/fr\/wp-json\/wp\/v2\/product_cat?post=27448"},{"taxonomy":"product_tag","embeddable":true,"href":"https:\/\/www.speedmodels.ch\/fr\/wp-json\/wp\/v2\/product_tag?post=27448"}],"curies":[{"name":"wp","href":"https:\/\/api.w.org\/{rel}","templated":true}]}}