{"id":27113,"date":"2024-04-04T12:32:22","date_gmt":"2024-04-04T12:32:22","guid":{"rendered":"https:\/\/www.speedmodels.ch\/?post_type=product&#038;p=27113"},"modified":"2026-03-16T12:06:33","modified_gmt":"2026-03-16T12:06:33","slug":"delta-24-trigon","status":"publish","type":"product","link":"https:\/\/www.speedmodels.ch\/fr\/produits\/modeles\/avions-fr\/modeles-telecommandes\/modeles-de-vol-electriques\/delta-24-trigon\/","title":{"rendered":"Delta 24 TRIGON"},"content":{"rendered":"<p>Delta 24 Trigon est un mod\u00e8le \u00e0 impulseur rac\u00e9 et compact de construction conventionnelle en bois.. Le mod\u00e8le est con\u00e7u pour le Mini-Fan evo de WeMoTec, un impulseur d&rsquo;un diam\u00e8tre de 69 mm. Avec un choix appropri\u00e9 de la propulsion, il est possible d&rsquo;obtenir un rapport pouss\u00e9e\/poids proche de 1:1.<br \/>\nLe kit d&rsquo;impulseurs Mini-Fan evo \/ HET 2W22 constitue une propulsion id\u00e9ale pour le Delta 24 Trigon, en combinaison avec la buse MF D8 adapt\u00e9e \u00e0 la propulsion. La propulsion fournit une pouss\u00e9e de 11,8 N sur 4S-LiPo, le courant restant inf\u00e9rieur \u00e0 50 A.<br \/>\nDes batteries d&rsquo;une capacit\u00e9 de 3.000 mAh promettent une bonne combinaison entre un faible poids au d\u00e9collage et une longue dur\u00e9e de vol. L&rsquo;ajout d&rsquo;un lest pour ajuster le centre de gravit\u00e9 n&rsquo;est pas n\u00e9cessaire avec cette conception.<\/p>\n<p>Le montage s&rsquo;effectue sur la cale typique des mod\u00e8les aero-naut, la construction est rapide et simple. La notice de montage d\u00e9taill\u00e9e montre et d\u00e9crit les diff\u00e9rentes \u00e9tapes de construction et ne laisse aucune question sans r\u00e9ponse. N\u00e9anmoins, il est n\u00e9cessaire d&rsquo;avoir de l&rsquo;exp\u00e9rience avec les mod\u00e8les RC rapides pour la construction et surtout le pilotage du mod\u00e8le.<\/p>\n<p>&nbsp;<\/p>\n<div>Fiches t\u00e9chniques:<\/div>\n<div>\n<table class=\"sw-text-editor-table\" style=\"height: 210px;\" width=\"530\">\n<tbody class=\"sw-text-editor-table__body\">\n<tr class=\"sw-text-editor-table__row\">\n<td class=\"sw-text-editor-table__col\">envergure<\/td>\n<td class=\"sw-text-editor-table__col\">ca. 930 mm<\/td>\n<\/tr>\n<tr class=\"sw-text-editor-table__row\">\n<td class=\"sw-text-editor-table__col\">longueur fuselage<\/td>\n<td class=\"sw-text-editor-table__col\">ca. 810 mm<\/td>\n<\/tr>\n<tr class=\"sw-text-editor-table__row\">\n<td class=\"sw-text-editor-table__col\">poids en vol<\/td>\n<td class=\"sw-text-editor-table__col\">ab ca. 1.400 g<\/td>\n<\/tr>\n<tr class=\"sw-text-editor-table__row\">\n<td class=\"sw-text-editor-table__col\">surface de l&rsquo;aile<\/td>\n<td class=\"sw-text-editor-table__col\">ca. 42 dm\u00b2<\/td>\n<\/tr>\n<tr class=\"sw-text-editor-table__row\">\n<td class=\"sw-text-editor-table__col\">charge alaire<\/td>\n<td class=\"sw-text-editor-table__col\">ab ca. 33 g\/dm\u00b2<\/td>\n<\/tr>\n<tr class=\"sw-text-editor-table__row\">\n<td class=\"sw-text-editor-table__col\">Fonctions RC<\/td>\n<td class=\"sw-text-editor-table__col\">profondeur\/aileron (mix)<br \/>\nmoteur<\/td>\n<\/tr>\n<\/tbody>\n<\/table>\n<\/div>\n<div style=\"text-align:left\" class=\"wps-pgfw-pdf-generate-icon__wrapper-frontend\">\n\t\t<a href=\"https:\/\/www.speedmodels.ch\/fr\/wp-json\/wp\/v2\/product\/27113\/?action=genpdf&amp;id=27113\" class=\"pgfw-single-pdf-download-button\" target=_blank><img src=\"https:\/\/speedmodels.ch\/wp-content\/uploads\/2021\/09\/pdf_icon.png\" title=\"G\u00e9n\u00e9rer un PDF\" style=\"width:auto; height:45px;\"><\/a>\n\t\t<\/div>","protected":false},"excerpt":{"rendered":"<p>Delta 24 Trigon est un mod\u00e8le \u00e0 impulseur rac\u00e9 et compact de construction conventionnelle en bois.. Le mod\u00e8le est con\u00e7u pour le Mini-Fan evo de WeMoTec, un impulseur d&rsquo;un diam\u00e8tre de 69 mm. Avec un choix appropri\u00e9 de la propulsion, il est possible d&rsquo;obtenir un rapport pouss\u00e9e\/poids proche de 1:1. Le kit d&rsquo;impulseurs Mini-Fan evo [&hellip;]<\/p>\n","protected":false},"featured_media":27089,"template":"","meta":[],"product_brand":[],"product_cat":[1652,1710,1721,1653],"product_tag":[],"class_list":{"0":"post-27113","1":"product","2":"type-product","3":"status-publish","4":"has-post-thumbnail","6":"product_cat-avions-fr","7":"product_cat-modeles","8":"product_cat-modeles-de-vol-electriques","9":"product_cat-modeles-telecommandes","11":"first","12":"instock","13":"shipping-taxable","14":"product-type-simple"},"_links":{"self":[{"href":"https:\/\/www.speedmodels.ch\/fr\/wp-json\/wp\/v2\/product\/27113","targetHints":{"allow":["GET"]}}],"collection":[{"href":"https:\/\/www.speedmodels.ch\/fr\/wp-json\/wp\/v2\/product"}],"about":[{"href":"https:\/\/www.speedmodels.ch\/fr\/wp-json\/wp\/v2\/types\/product"}],"version-history":[{"count":1,"href":"https:\/\/www.speedmodels.ch\/fr\/wp-json\/wp\/v2\/product\/27113\/revisions"}],"predecessor-version":[{"id":33012,"href":"https:\/\/www.speedmodels.ch\/fr\/wp-json\/wp\/v2\/product\/27113\/revisions\/33012"}],"wp:featuredmedia":[{"embeddable":true,"href":"https:\/\/www.speedmodels.ch\/fr\/wp-json\/wp\/v2\/media\/27089"}],"wp:attachment":[{"href":"https:\/\/www.speedmodels.ch\/fr\/wp-json\/wp\/v2\/media?parent=27113"}],"wp:term":[{"taxonomy":"product_brand","embeddable":true,"href":"https:\/\/www.speedmodels.ch\/fr\/wp-json\/wp\/v2\/product_brand?post=27113"},{"taxonomy":"product_cat","embeddable":true,"href":"https:\/\/www.speedmodels.ch\/fr\/wp-json\/wp\/v2\/product_cat?post=27113"},{"taxonomy":"product_tag","embeddable":true,"href":"https:\/\/www.speedmodels.ch\/fr\/wp-json\/wp\/v2\/product_tag?post=27113"}],"curies":[{"name":"wp","href":"https:\/\/api.w.org\/{rel}","templated":true}]}}