{"id":27083,"date":"2024-04-04T11:31:23","date_gmt":"2024-04-04T11:31:23","guid":{"rendered":"https:\/\/www.speedmodels.ch\/?post_type=product&#038;p=27083"},"modified":"2024-04-25T09:34:40","modified_gmt":"2024-04-25T09:34:40","slug":"oracover-oratex-racle-en-feutre-kopie","status":"publish","type":"product","link":"https:\/\/www.speedmodels.ch\/fr\/produits\/plotter-de-decoupe-accessoires\/accessoires-plotter\/pieces-de-rechange-pour-plotter\/oracover-oratex-racle-en-feutre-kopie\/","title":{"rendered":"Oracover \/ Oratex racle en feutre 10 x 14cm"},"content":{"rendered":"<p><u>Usage pour ORASTICK<sup>\u00ae<\/sup> und EASYPLOT<sup>\u00ae<\/sup><\/u><\/p>\n<p>Pour racler le film et pour frotter le papier de transfert et le film de transfert sur le lettrage et les logos \u00e9chenill\u00e9s.<\/p>\n<p>Collage humide de grands d\u00e9cors:<\/p>\n<p>Les d\u00e9cors de grande surface se collent humides en laissant l&rsquo;eau se d\u00e9tendre avec une ou deux gouttes de liquide vaisselle puis en la vaporisant sur la surface \u00e0 coller \u00e0 l&rsquo;aide d&rsquo;un atomiseur (ex : un vieux flacon de nettoyant \u00e0 vitres). Le d\u00e9cor \u00e0 appliquer peut ainsi \u00eatre d\u00e9plac\u00e9 sur le film d&rsquo;eau. Apr\u00e8s un positionnement exact, l&rsquo;eau est frott\u00e9e avec notre racle en feutre du centre vers le bord. Avec cette technique, des d\u00e9cors encore plus grands peuvent \u00eatre appliqu\u00e9s sans bulles d&rsquo;air. Nous vous recommandons de laisser s\u00e9cher le d\u00e9cor ainsi appliqu\u00e9 pendant 1 \u00e0 2 jours suppl\u00e9mentaires afin que m\u00eame les plus petites traces d&rsquo;eau puissent se diffuser.<\/p>\n<p><u>Usage avec ORATEX<sup>\u00ae<\/sup><\/u><\/p>\n<p>Les racles en feutre sont un outil important pour ancrer le tissu de rev\u00eatement ORATEX<sup>\u00ae<\/sup> au support. Avec le racle en feutre, le tissu de rev\u00eatement chauff\u00e9 est press\u00e9 fermement sur le support. Si des plis se forment au cours de ce processus, ils sont r\u00e9solus en r\u00e9tr\u00e9cissant le tissu sur une grande surface. Les raclettes en feutre ont pass\u00e9 avec succ\u00e8s le test interne de traitement d&rsquo;ORATEX<sup>\u00ae<\/sup> et sont d\u00e9clar\u00e9es par nous comme un outil de traitement obligatoire. Ils remplissent toutes les instructions pour le traitement d&rsquo;ORATEX<sup>\u00ae<\/sup> conform\u00e9ment au manuel.<\/p>\n<p>emballage de 1pcs<\/p>\n<div style=\"text-align:left\" class=\"wps-pgfw-pdf-generate-icon__wrapper-frontend\">\n\t\t<a href=\"https:\/\/www.speedmodels.ch\/fr\/wp-json\/wp\/v2\/product\/27083\/?action=genpdf&amp;id=27083\" class=\"pgfw-single-pdf-download-button\" target=_blank><img src=\"https:\/\/speedmodels.ch\/wp-content\/uploads\/2021\/09\/pdf_icon.png\" title=\"G\u00e9n\u00e9rer un PDF\" style=\"width:auto; height:45px;\"><\/a>\n\t\t<\/div>","protected":false},"excerpt":{"rendered":"<p>Usage pour ORASTICK\u00ae und EASYPLOT\u00ae Pour racler le film et pour frotter le papier de transfert et le film de transfert sur le lettrage et les logos \u00e9chenill\u00e9s. Collage humide de grands d\u00e9cors: Les d\u00e9cors de grande surface se collent humides en laissant l&rsquo;eau se d\u00e9tendre avec une ou deux gouttes de liquide vaisselle puis [&hellip;]<\/p>\n","protected":false},"featured_media":9951,"template":"","meta":[],"product_brand":[],"product_cat":[1697,1731,1726,1507,1727,1725,1732],"product_tag":[],"class_list":{"0":"post-27083","1":"product","2":"type-product","3":"status-publish","4":"has-post-thumbnail","6":"product_cat-accessoires-films","7":"product_cat-accessoires-oratex","8":"product_cat-accessoires-plotter","9":"product_cat-entoiler","10":"product_cat-pieces-de-rechange-pour-plotter","11":"product_cat-plotter-de-decoupe-accessoires","12":"product_cat-racle-en-feutre","14":"first","15":"instock","16":"shipping-taxable","17":"product-type-simple"},"_links":{"self":[{"href":"https:\/\/www.speedmodels.ch\/fr\/wp-json\/wp\/v2\/product\/27083","targetHints":{"allow":["GET"]}}],"collection":[{"href":"https:\/\/www.speedmodels.ch\/fr\/wp-json\/wp\/v2\/product"}],"about":[{"href":"https:\/\/www.speedmodels.ch\/fr\/wp-json\/wp\/v2\/types\/product"}],"version-history":[{"count":0,"href":"https:\/\/www.speedmodels.ch\/fr\/wp-json\/wp\/v2\/product\/27083\/revisions"}],"wp:featuredmedia":[{"embeddable":true,"href":"https:\/\/www.speedmodels.ch\/fr\/wp-json\/wp\/v2\/media\/9951"}],"wp:attachment":[{"href":"https:\/\/www.speedmodels.ch\/fr\/wp-json\/wp\/v2\/media?parent=27083"}],"wp:term":[{"taxonomy":"product_brand","embeddable":true,"href":"https:\/\/www.speedmodels.ch\/fr\/wp-json\/wp\/v2\/product_brand?post=27083"},{"taxonomy":"product_cat","embeddable":true,"href":"https:\/\/www.speedmodels.ch\/fr\/wp-json\/wp\/v2\/product_cat?post=27083"},{"taxonomy":"product_tag","embeddable":true,"href":"https:\/\/www.speedmodels.ch\/fr\/wp-json\/wp\/v2\/product_tag?post=27083"}],"curies":[{"name":"wp","href":"https:\/\/api.w.org\/{rel}","templated":true}]}}