{"id":26722,"date":"2024-03-28T07:26:46","date_gmt":"2024-03-28T07:26:46","guid":{"rendered":"https:\/\/www.speedmodels.ch\/?post_type=product&#038;p=26722"},"modified":"2025-06-24T09:55:28","modified_gmt":"2025-06-24T09:55:28","slug":"oralight-chrome-rouge-100-opaque-10m","status":"publish","type":"product","link":"https:\/\/www.speedmodels.ch\/fr\/produits\/film-couverture-decor\/oralight-film-thermocollant-leger\/oralight-chrome-rouge-100-opaque-10m\/","title":{"rendered":"ORALIGHT chrom rouge 100% opaque 10m"},"content":{"rendered":"<p><strong>INFORMATION IMPORTANTE:<\/strong><\/p>\n<p><strong>Ne pas installer les antennes de r\u00e9ception sous les films ORALIGHT\u00ae de couleur chrome, car la face inf\u00e9rieure des films chrom\u00e9s, vaporis\u00e9e d&rsquo;aluminium, entrave la r\u00e9ception des signaux (cage de Faraday).<\/strong><\/p>\n<p>ORALIGHT\u00ae couleurs chromes. 100 % opaque.<\/p>\n<p>ORALIGHT\u00ae chrome pure jouit d&rsquo;une grande popularit\u00e9 aupr\u00e8s des mod\u00e9listes scale, car il permet de reproduire de mani\u00e8re optimale le ton aluminium brillant des mod\u00e8les scale, comme par exemple une Super Constellation, une Mustang, etc. Avec un poids total de seulement 36 g\/m\u00b2, colle \u00e0 repasser incluse, il est l\u00e9ger et con\u00e7u pour les petits mod\u00e8les. ORALIGHT\u00ae est utilis\u00e9 partout o\u00f9 il est important de minimiser le poids.<\/p>\n<p>ORALIGHT\u00ae a les m\u00eames qualit\u00e9s que l\u2019ORACOVER\u00ae.<\/p>\n<p>Information:<br \/>\n\u2022 Nos couleurs ne sont pas identiques \u00e0 la palette de couleurs RAL.<br \/>\n\u2022 Dans notre assortiment de vernis, vous trouverez un vernis ORACOLOR de couleur identique pour un grand nombre de nos films et de nos tissus, ainsi que des durcisseurs et des diluants.<\/p>\n<p>largeur: 60cm<\/p>\n<p>longueur: 10m<\/p>\n<p>&nbsp;<\/p>\n<p>Downloads pour cet article:<br \/>\n\u2022 <a href=\"https:\/\/www.oracover.de\/downloads\/viewcat\/1\/anleitungen\">ORACOVER instruction de traitement<\/a><\/p>\n<p>&nbsp;<\/p>\n<p><img decoding=\"async\" src=\"https:\/\/www.lanitz-aviation.com\/filebase\/images\/solar_impuls_covered_w_oracover_oratex.jpg\"><\/p>\n<p>exemple d&rsquo;application:<\/p>\n<p>Solar Impulse est un projet d&rsquo;avion visant \u00e0 construire des avions \u00e0 moteur respectueux de l&rsquo;environnement qui ne consomment pas de carburant.<\/p>\n<p>fuselage: ORATEX\u00ae<br \/>\nCockpit: ORALIGHT\u00ae<\/p>\n<p>Le cockpit a \u00e9t\u00e9 uniquement recouvert d&rsquo;ORALIGHT argent.<\/p>\n<p>Saviez-vous?<br \/>\nPersonne d\u2019autre que nous n\u2019a pu g\u00e9rer ce projet. Nous avons pu contribuer au succ\u00e8s de Solar Impulse avec nos produits de construction de mod\u00e8les modifi\u00e9s. <\/p>\n<p>&nbsp;<\/p>\n<div style=\"text-align:left\" class=\"wps-pgfw-pdf-generate-icon__wrapper-frontend\">\n\t\t<a href=\"https:\/\/www.speedmodels.ch\/fr\/wp-json\/wp\/v2\/product\/26722\/?action=genpdf&amp;id=26722\" class=\"pgfw-single-pdf-download-button\" target=_blank><img src=\"https:\/\/speedmodels.ch\/wp-content\/uploads\/2021\/09\/pdf_icon.png\" title=\"G\u00e9n\u00e9rer un PDF\" style=\"width:auto; height:45px;\"><\/a>\n\t\t<\/div>","protected":false},"excerpt":{"rendered":"<p>INFORMATION IMPORTANTE: Ne pas installer les antennes de r\u00e9ception sous les films ORALIGHT\u00ae de couleur chrome, car la face inf\u00e9rieure des films chrom\u00e9s, vaporis\u00e9e d&rsquo;aluminium, entrave la r\u00e9ception des signaux (cage de Faraday). ORALIGHT\u00ae couleurs chromes. 100 % opaque. ORALIGHT\u00ae chrome pure jouit d&rsquo;une grande popularit\u00e9 aupr\u00e8s des mod\u00e9listes scale, car il permet de reproduire [&hellip;]<\/p>\n","protected":false},"featured_media":26518,"template":"","meta":[],"product_brand":[],"product_cat":[1586,1843],"product_tag":[],"class_list":{"0":"post-26722","1":"product","2":"type-product","3":"status-publish","4":"has-post-thumbnail","6":"product_cat-film-couverture-decor","7":"product_cat-oralight-film-thermocollant-leger","9":"first","10":"instock","11":"shipping-taxable","12":"product-type-simple"},"_links":{"self":[{"href":"https:\/\/www.speedmodels.ch\/fr\/wp-json\/wp\/v2\/product\/26722","targetHints":{"allow":["GET"]}}],"collection":[{"href":"https:\/\/www.speedmodels.ch\/fr\/wp-json\/wp\/v2\/product"}],"about":[{"href":"https:\/\/www.speedmodels.ch\/fr\/wp-json\/wp\/v2\/types\/product"}],"version-history":[{"count":1,"href":"https:\/\/www.speedmodels.ch\/fr\/wp-json\/wp\/v2\/product\/26722\/revisions"}],"predecessor-version":[{"id":31899,"href":"https:\/\/www.speedmodels.ch\/fr\/wp-json\/wp\/v2\/product\/26722\/revisions\/31899"}],"wp:featuredmedia":[{"embeddable":true,"href":"https:\/\/www.speedmodels.ch\/fr\/wp-json\/wp\/v2\/media\/26518"}],"wp:attachment":[{"href":"https:\/\/www.speedmodels.ch\/fr\/wp-json\/wp\/v2\/media?parent=26722"}],"wp:term":[{"taxonomy":"product_brand","embeddable":true,"href":"https:\/\/www.speedmodels.ch\/fr\/wp-json\/wp\/v2\/product_brand?post=26722"},{"taxonomy":"product_cat","embeddable":true,"href":"https:\/\/www.speedmodels.ch\/fr\/wp-json\/wp\/v2\/product_cat?post=26722"},{"taxonomy":"product_tag","embeddable":true,"href":"https:\/\/www.speedmodels.ch\/fr\/wp-json\/wp\/v2\/product_tag?post=26722"}],"curies":[{"name":"wp","href":"https:\/\/api.w.org\/{rel}","templated":true}]}}