{"id":26681,"date":"2024-03-28T07:26:44","date_gmt":"2024-03-28T07:26:44","guid":{"rendered":"https:\/\/www.speedmodels.ch\/?post_type=product&#038;p=26681"},"modified":"2025-06-23T13:23:53","modified_gmt":"2025-06-23T13:23:53","slug":"oralight-transparent-jaune-10m","status":"publish","type":"product","link":"https:\/\/www.speedmodels.ch\/fr\/produits\/film-couverture-decor\/oralight-film-thermocollant-leger\/oralight-transparent-jaune-10m\/","title":{"rendered":"ORALIGHT transparent jaune 10m"},"content":{"rendered":"<p><strong>ORALIGHT\u00ae couleurs transparentes \u2013 L\u2019entoilage pour tous avions l\u00e9gers, qui doivent \u00eatre bien visibles dans le ciel. Gr\u00e2ce au film transparent color\u00e9, la visibilit\u00e9 dans le ciel augmente.<\/strong><\/p>\n<p>ORALIGHT\u00ae TRANSPARENT Avec un poids de 36 g\/m\u00b2 seulement, adh\u00e9sif thermocollant inclus, l\u2019ORALIGHT\u00ae est un produit l\u00e9ger. ORALIGHT\u00ae est la solution id\u00e9ale si vous avez besoin de r\u00e9duire le poids de votre construction au minimum.<\/p>\n<p>ORALIGHT\u00ae a les m\u00eames qualit\u00e9s que l\u2019ORACOVER\u00ae.<\/p>\n<p>Informations:<br \/>\n\u2022 nos couleurs ne sont pas identiques \u00e0 la palette de couleurs RAL.<br \/>\n\u2022 Dans notre assortiment de vernis, vous trouverez un vernis ORACOLOR de couleur identique pour un grand nombre de nos films et de nos tissus, ainsi que des durcisseurs et des diluants.<\/p>\n<p>largeur: 60cm<\/p>\n<p>longueur: 10m<\/p>\n<p>&nbsp;<\/p>\n<p>Downloads pour cet article:<br \/>\n\u2022 <a href=\"https:\/\/www.oracover.de\/downloads\/viewcat\/1\/anleitungen\">ORACOVER insrtuction de traitement<\/a><\/p>\n<p>&nbsp;<\/p>\n<p>Le film se caract\u00e9rise par des propri\u00e9t\u00e9s de traitement uniques:<\/p>\n<p>\u2022 se pose et repassable &#8211; vous avez toujours une seconde chance en cas d&rsquo;erreurs de traitement<br \/>\n\u2022 brillant, non jaunissant<br \/>\n\u2022 r\u00e9sistant au carburant<br \/>\n\u2022 r\u00e9sistant \u00e0 la temp\u00e9rature jusqu&rsquo;\u00e0 250 \u00b0C<br \/>\n\u2022 il peut \u00eatre peint avec les vernis ORACOLOR\u00ae<br \/>\n\u2022 force d&rsquo;adh\u00e9rence particuli\u00e8rement \u00e9lev\u00e9<br \/>\n\u2022 renforcement structurel<\/p>\n<p><img decoding=\"async\" src=\"https:\/\/www.lanitz-aviation.com\/filebase\/images\/solar_impuls_covered_w_oracover_oratex.jpg\"><\/p>\n<p><strong>exemple d&rsquo;application:<\/strong><\/p>\n<p>Solar Impulse est un projet d&rsquo;avion visant \u00e0 construire des avions \u00e0 moteur respectueux de l&rsquo;environnement qui ne consomment pas de carburant.<\/p>\n<p>fuselage: ORATEX\u00ae<br \/>\nCockpit: ORALIGHT\u00ae<\/p>\n<p>Le cockpit a \u00e9t\u00e9 uniquement recouvert d&rsquo;ORALIGHT argent.<\/p>\n<p>Saviez-vous?<br \/>\nPersonne d\u2019autre que nous n\u2019a pu g\u00e9rer ce projet. Nous avons pu contribuer au succ\u00e8s de Solar Impulse avec nos produits de construction de mod\u00e8les modifi\u00e9s. <\/p>\n<p>&nbsp;<\/p>\n<div style=\"text-align:left\" class=\"wps-pgfw-pdf-generate-icon__wrapper-frontend\">\n\t\t<a href=\"https:\/\/www.speedmodels.ch\/fr\/wp-json\/wp\/v2\/product\/26681\/?action=genpdf&amp;id=26681\" class=\"pgfw-single-pdf-download-button\" target=_blank><img src=\"https:\/\/speedmodels.ch\/wp-content\/uploads\/2021\/09\/pdf_icon.png\" title=\"G\u00e9n\u00e9rer un PDF\" style=\"width:auto; height:45px;\"><\/a>\n\t\t<\/div>","protected":false},"excerpt":{"rendered":"<p>ORALIGHT\u00ae couleurs transparentes \u2013 L\u2019entoilage pour tous avions l\u00e9gers, qui doivent \u00eatre bien visibles dans le ciel. Gr\u00e2ce au film transparent color\u00e9, la visibilit\u00e9 dans le ciel augmente. ORALIGHT\u00ae TRANSPARENT Avec un poids de 36 g\/m\u00b2 seulement, adh\u00e9sif thermocollant inclus, l\u2019ORALIGHT\u00ae est un produit l\u00e9ger. ORALIGHT\u00ae est la solution id\u00e9ale si vous avez besoin de [&hellip;]<\/p>\n","protected":false},"featured_media":26494,"template":"","meta":[],"product_brand":[],"product_cat":[1586,1843],"product_tag":[],"class_list":{"0":"post-26681","1":"product","2":"type-product","3":"status-publish","4":"has-post-thumbnail","6":"product_cat-film-couverture-decor","7":"product_cat-oralight-film-thermocollant-leger","9":"first","10":"instock","11":"shipping-taxable","12":"product-type-simple"},"_links":{"self":[{"href":"https:\/\/www.speedmodels.ch\/fr\/wp-json\/wp\/v2\/product\/26681","targetHints":{"allow":["GET"]}}],"collection":[{"href":"https:\/\/www.speedmodels.ch\/fr\/wp-json\/wp\/v2\/product"}],"about":[{"href":"https:\/\/www.speedmodels.ch\/fr\/wp-json\/wp\/v2\/types\/product"}],"version-history":[{"count":1,"href":"https:\/\/www.speedmodels.ch\/fr\/wp-json\/wp\/v2\/product\/26681\/revisions"}],"predecessor-version":[{"id":31874,"href":"https:\/\/www.speedmodels.ch\/fr\/wp-json\/wp\/v2\/product\/26681\/revisions\/31874"}],"wp:featuredmedia":[{"embeddable":true,"href":"https:\/\/www.speedmodels.ch\/fr\/wp-json\/wp\/v2\/media\/26494"}],"wp:attachment":[{"href":"https:\/\/www.speedmodels.ch\/fr\/wp-json\/wp\/v2\/media?parent=26681"}],"wp:term":[{"taxonomy":"product_brand","embeddable":true,"href":"https:\/\/www.speedmodels.ch\/fr\/wp-json\/wp\/v2\/product_brand?post=26681"},{"taxonomy":"product_cat","embeddable":true,"href":"https:\/\/www.speedmodels.ch\/fr\/wp-json\/wp\/v2\/product_cat?post=26681"},{"taxonomy":"product_tag","embeddable":true,"href":"https:\/\/www.speedmodels.ch\/fr\/wp-json\/wp\/v2\/product_tag?post=26681"}],"curies":[{"name":"wp","href":"https:\/\/api.w.org\/{rel}","templated":true}]}}