{"id":26195,"date":"2024-03-11T10:22:16","date_gmt":"2024-03-11T10:22:16","guid":{"rendered":"https:\/\/www.speedmodels.ch\/?post_type=product&#038;p=26195"},"modified":"2024-04-29T08:59:36","modified_gmt":"2024-04-29T08:59:36","slug":"manche-a-air-airport-100cm","status":"publish","type":"product","link":"https:\/\/www.speedmodels.ch\/fr\/produits\/modeles\/jeu-de-vol\/manche-a-air-airport-100cm\/","title":{"rendered":"Manche \u00e0 air Airport 100cm"},"content":{"rendered":"<p>Les manches \u00e0 air de 60 cm et 100 cm sont en nylon robuste et ont une tige en fibre de carbone qui peut \u00eatre branch\u00e9e ensemble.<\/p>\n<p>En raison de leur faible poids, les manches \u00e0 air indiquent la direction du vent m\u00eame par vent faible.<\/p>\n<p>Les manches \u00e0 air conviennent aux a\u00e9rodromes mod\u00e8les, sur les pentes et pour le jardin, etc<\/p>\n<p>Contenu de la livraison : manche \u00e0 air, tige de support en fibre de verre de 10 mm<\/p>\n<div style=\"text-align:left\" class=\"wps-pgfw-pdf-generate-icon__wrapper-frontend\">\n\t\t<a href=\"https:\/\/www.speedmodels.ch\/fr\/wp-json\/wp\/v2\/product\/26195\/?action=genpdf&amp;id=26195\" class=\"pgfw-single-pdf-download-button\" target=_blank><img src=\"https:\/\/speedmodels.ch\/wp-content\/uploads\/2021\/09\/pdf_icon.png\" title=\"G\u00e9n\u00e9rer un PDF\" style=\"width:auto; height:45px;\"><\/a>\n\t\t<\/div>","protected":false},"excerpt":{"rendered":"<p>Les manches \u00e0 air de 60 cm et 100 cm sont en nylon robuste et ont une tige en fibre de carbone qui peut \u00eatre branch\u00e9e ensemble. En raison de leur faible poids, les manches \u00e0 air indiquent la direction du vent m\u00eame par vent faible. Les manches \u00e0 air conviennent aux a\u00e9rodromes mod\u00e8les, sur [&hellip;]<\/p>\n","protected":false},"featured_media":9974,"template":"","meta":[],"product_brand":[],"product_cat":[1826,1710],"product_tag":[],"class_list":{"0":"post-26195","1":"product","2":"type-product","3":"status-publish","4":"has-post-thumbnail","6":"product_cat-jeu-de-vol","7":"product_cat-modeles","9":"first","10":"instock","11":"shipping-taxable","12":"product-type-simple"},"_links":{"self":[{"href":"https:\/\/www.speedmodels.ch\/fr\/wp-json\/wp\/v2\/product\/26195","targetHints":{"allow":["GET"]}}],"collection":[{"href":"https:\/\/www.speedmodels.ch\/fr\/wp-json\/wp\/v2\/product"}],"about":[{"href":"https:\/\/www.speedmodels.ch\/fr\/wp-json\/wp\/v2\/types\/product"}],"version-history":[{"count":0,"href":"https:\/\/www.speedmodels.ch\/fr\/wp-json\/wp\/v2\/product\/26195\/revisions"}],"wp:featuredmedia":[{"embeddable":true,"href":"https:\/\/www.speedmodels.ch\/fr\/wp-json\/wp\/v2\/media\/9974"}],"wp:attachment":[{"href":"https:\/\/www.speedmodels.ch\/fr\/wp-json\/wp\/v2\/media?parent=26195"}],"wp:term":[{"taxonomy":"product_brand","embeddable":true,"href":"https:\/\/www.speedmodels.ch\/fr\/wp-json\/wp\/v2\/product_brand?post=26195"},{"taxonomy":"product_cat","embeddable":true,"href":"https:\/\/www.speedmodels.ch\/fr\/wp-json\/wp\/v2\/product_cat?post=26195"},{"taxonomy":"product_tag","embeddable":true,"href":"https:\/\/www.speedmodels.ch\/fr\/wp-json\/wp\/v2\/product_tag?post=26195"}],"curies":[{"name":"wp","href":"https:\/\/api.w.org\/{rel}","templated":true}]}}