{"id":24238,"date":"2023-11-13T14:53:08","date_gmt":"2023-11-13T14:53:08","guid":{"rendered":"https:\/\/www.speedmodels.ch\/?post_type=product&#038;p=24238"},"modified":"2025-04-24T09:07:47","modified_gmt":"2025-04-24T09:07:47","slug":"set-dentrainment-shorty","status":"publish","type":"product","link":"https:\/\/www.speedmodels.ch\/fr\/produits\/entrainement-et-accessoires\/moteurs-electriques\/avions-fr-2\/set-dentrainment-shorty\/","title":{"rendered":"Set d&rsquo;entra\u00eenment Shorty"},"content":{"rendered":"<p>Nous proposons un ensemble d&rsquo;entra\u00eenement complet pour le mod\u00e8le d&rsquo;entra\u00eeneur Shorty. Celui-ci se compose de composants coordonn\u00e9s: moteur brushless actro-n 28-4-880, variateur actrocon 30, CAMcarbon Light-Prop 11\u00d74,5\u2033, moyeau de serrage 4,0mm et 2 servos AN-12-MGBBA.<\/p>\n<p>Si l&#8217;embrayage de remorquage en option doit \u00eatre retir\u00e9 du mod\u00e8le, un servo suppl\u00e9mentaire AN-12-MGBBA (r\u00e9f. 7003\/74) est n\u00e9cessaire.<\/p>\n<p>L&rsquo;accu de ca 2400 mAh en 2S ou 3S est recommand\u00e9 (ne pas y compris). Avec un entra\u00eenement 2S, le mod\u00e8le peut \u00eatre tr\u00e8s bien contr\u00f4l\u00e9 \u00e0 des vitesses de vol lentes et la configuration est id\u00e9ale pour apprendre \u00e0 contr\u00f4ler un mod\u00e8le \u00e0 moteur. Lors du remorquage de petits mod\u00e8les de planeurs, nous recommandons la variante avec un LiPo 3S.<\/p>\n<div style=\"text-align:left\" class=\"wps-pgfw-pdf-generate-icon__wrapper-frontend\">\n\t\t<a href=\"https:\/\/www.speedmodels.ch\/fr\/wp-json\/wp\/v2\/product\/24238\/?action=genpdf&amp;id=24238\" class=\"pgfw-single-pdf-download-button\" target=_blank><img src=\"https:\/\/speedmodels.ch\/wp-content\/uploads\/2021\/09\/pdf_icon.png\" title=\"G\u00e9n\u00e9rer un PDF\" style=\"width:auto; height:45px;\"><\/a>\n\t\t<\/div>","protected":false},"excerpt":{"rendered":"<p>Nous proposons un ensemble d&rsquo;entra\u00eenement complet pour le mod\u00e8le d&rsquo;entra\u00eeneur Shorty. Celui-ci se compose de composants coordonn\u00e9s: moteur brushless actro-n 28-4-880, variateur actrocon 30, CAMcarbon Light-Prop 11\u00d74,5\u2033, moyeau de serrage 4,0mm et 2 servos AN-12-MGBBA. Si l&#8217;embrayage de remorquage en option doit \u00eatre retir\u00e9 du mod\u00e8le, un servo suppl\u00e9mentaire AN-12-MGBBA (r\u00e9f. 7003\/74) est n\u00e9cessaire. L&rsquo;accu [&hellip;]<\/p>\n","protected":false},"featured_media":24236,"template":"","meta":[],"product_brand":[],"product_cat":[1656,1528,1708],"product_tag":[],"class_list":{"0":"post-24238","1":"product","2":"type-product","3":"status-publish","4":"has-post-thumbnail","6":"product_cat-avions-fr-2","7":"product_cat-entrainement-et-accessoires","8":"product_cat-moteurs-electriques","10":"first","11":"instock","12":"shipping-taxable","13":"product-type-simple"},"_links":{"self":[{"href":"https:\/\/www.speedmodels.ch\/fr\/wp-json\/wp\/v2\/product\/24238","targetHints":{"allow":["GET"]}}],"collection":[{"href":"https:\/\/www.speedmodels.ch\/fr\/wp-json\/wp\/v2\/product"}],"about":[{"href":"https:\/\/www.speedmodels.ch\/fr\/wp-json\/wp\/v2\/types\/product"}],"version-history":[{"count":1,"href":"https:\/\/www.speedmodels.ch\/fr\/wp-json\/wp\/v2\/product\/24238\/revisions"}],"predecessor-version":[{"id":30854,"href":"https:\/\/www.speedmodels.ch\/fr\/wp-json\/wp\/v2\/product\/24238\/revisions\/30854"}],"wp:featuredmedia":[{"embeddable":true,"href":"https:\/\/www.speedmodels.ch\/fr\/wp-json\/wp\/v2\/media\/24236"}],"wp:attachment":[{"href":"https:\/\/www.speedmodels.ch\/fr\/wp-json\/wp\/v2\/media?parent=24238"}],"wp:term":[{"taxonomy":"product_brand","embeddable":true,"href":"https:\/\/www.speedmodels.ch\/fr\/wp-json\/wp\/v2\/product_brand?post=24238"},{"taxonomy":"product_cat","embeddable":true,"href":"https:\/\/www.speedmodels.ch\/fr\/wp-json\/wp\/v2\/product_cat?post=24238"},{"taxonomy":"product_tag","embeddable":true,"href":"https:\/\/www.speedmodels.ch\/fr\/wp-json\/wp\/v2\/product_tag?post=24238"}],"curies":[{"name":"wp","href":"https:\/\/api.w.org\/{rel}","templated":true}]}}