{"id":24233,"date":"2023-11-30T13:44:03","date_gmt":"2023-11-30T13:44:03","guid":{"rendered":"https:\/\/www.speedmodels.ch\/?post_type=product&#038;p=24233"},"modified":"2025-11-03T13:32:22","modified_gmt":"2025-11-03T13:32:22","slug":"naval-rescue-boat","status":"publish","type":"product","link":"https:\/\/www.speedmodels.ch\/fr\/produits\/modeles\/bateaux-fr-2\/bateaux-electriques\/naval-rescue-boat\/","title":{"rendered":"Naval Rescue Boat"},"content":{"rendered":"<p>Le Naval Rescue Boat est une r\u00e9plique des bateaux de sauvetage utilis\u00e9s au niveau international. Le bateau est construit sur une coque en ABS emboutie avec des pi\u00e8ces laser en ABS.<br \/>\nLe mod\u00e8le est propuls\u00e9 par un moteur brushless de 28 mm.<br \/>\nLes mains courantes sont enti\u00e8rement courb\u00e9es et peuvent \u00eatre install\u00e9es imm\u00e9diatement. Le m\u00e2t pr\u00e9voit d\u00e9j\u00e0 l&rsquo;installation optionnelle de notre kit d&rsquo;\u00e9clairage ; la lumi\u00e8re bleue est d\u00e9j\u00e0 incluse dans le kit.<br \/>\nLa superstructure est enti\u00e8rement amovible et permet un acc\u00e8s facile au fuselage et aux composants RC. Le toit du poste de pilotage est \u00e9galement amovible. <\/p>\n<p>Le kit contient:<br \/>\ntous les pi\u00e8ces en, une coque emboutie en ABS, axe d&rsquo;entra\u00eenement, gouvernail, h\u00e9lice, mains courantes courb\u00e9es en acier INOX, lumi\u00e8re bleu, divers petits pi\u00e8ces, instruction de construction en 3D.<\/p>\n<div style=\"text-align:left\" class=\"wps-pgfw-pdf-generate-icon__wrapper-frontend\">\n\t\t<a href=\"https:\/\/www.speedmodels.ch\/fr\/wp-json\/wp\/v2\/product\/24233\/?action=genpdf&amp;id=24233\" class=\"pgfw-single-pdf-download-button\" target=_blank><img src=\"https:\/\/speedmodels.ch\/wp-content\/uploads\/2021\/09\/pdf_icon.png\" title=\"G\u00e9n\u00e9rer un PDF\" style=\"width:auto; height:45px;\"><\/a>\n\t\t<\/div>","protected":false},"excerpt":{"rendered":"<p>Le Naval Rescue Boat est une r\u00e9plique des bateaux de sauvetage utilis\u00e9s au niveau international. Le bateau est construit sur une coque en ABS emboutie avec des pi\u00e8ces laser en ABS. Le mod\u00e8le est propuls\u00e9 par un moteur brushless de 28 mm. Les mains courantes sont enti\u00e8rement courb\u00e9es et peuvent \u00eatre install\u00e9es imm\u00e9diatement. Le m\u00e2t [&hellip;]<\/p>\n","protected":false},"featured_media":24219,"template":"","meta":[],"product_brand":[],"product_cat":[1713,1714,1715,1710],"product_tag":[],"class_list":{"0":"post-24233","1":"product","2":"type-product","3":"status-publish","4":"has-post-thumbnail","6":"product_cat-bateaux-fr-2","7":"product_cat-bateaux-electriques","8":"product_cat-bateaux-prototypiques","9":"product_cat-modeles","11":"first","12":"instock","13":"shipping-taxable","14":"product-type-simple"},"_links":{"self":[{"href":"https:\/\/www.speedmodels.ch\/fr\/wp-json\/wp\/v2\/product\/24233","targetHints":{"allow":["GET"]}}],"collection":[{"href":"https:\/\/www.speedmodels.ch\/fr\/wp-json\/wp\/v2\/product"}],"about":[{"href":"https:\/\/www.speedmodels.ch\/fr\/wp-json\/wp\/v2\/types\/product"}],"version-history":[{"count":1,"href":"https:\/\/www.speedmodels.ch\/fr\/wp-json\/wp\/v2\/product\/24233\/revisions"}],"predecessor-version":[{"id":32760,"href":"https:\/\/www.speedmodels.ch\/fr\/wp-json\/wp\/v2\/product\/24233\/revisions\/32760"}],"wp:featuredmedia":[{"embeddable":true,"href":"https:\/\/www.speedmodels.ch\/fr\/wp-json\/wp\/v2\/media\/24219"}],"wp:attachment":[{"href":"https:\/\/www.speedmodels.ch\/fr\/wp-json\/wp\/v2\/media?parent=24233"}],"wp:term":[{"taxonomy":"product_brand","embeddable":true,"href":"https:\/\/www.speedmodels.ch\/fr\/wp-json\/wp\/v2\/product_brand?post=24233"},{"taxonomy":"product_cat","embeddable":true,"href":"https:\/\/www.speedmodels.ch\/fr\/wp-json\/wp\/v2\/product_cat?post=24233"},{"taxonomy":"product_tag","embeddable":true,"href":"https:\/\/www.speedmodels.ch\/fr\/wp-json\/wp\/v2\/product_tag?post=24233"}],"curies":[{"name":"wp","href":"https:\/\/api.w.org\/{rel}","templated":true}]}}