{"id":24230,"date":"2023-11-30T13:43:24","date_gmt":"2023-11-30T13:43:24","guid":{"rendered":"https:\/\/www.speedmodels.ch\/?post_type=product&#038;p=24230"},"modified":"2026-03-16T12:14:45","modified_gmt":"2026-03-16T12:14:45","slug":"set-d-entrainement-bateau-multi-boot","status":"publish","type":"product","link":"https:\/\/www.speedmodels.ch\/fr\/produits\/entrainement-et-accessoires\/moteurs-electriques\/bateaux-fr\/set-d-entrainement-bateau-multi-boot\/","title":{"rendered":"Set d&rsquo;entra\u00eenement bateau"},"content":{"rendered":"<p>Le set pour les bateaux de longueur de 54cm contient les compsoants suivants: moteur brushless actro-n 28-4-880, variateur actro-marine 30, h\u00e9lice 30mm, cardan d&rsquo;axe 4\/4 mm et un servo AN-12-MGBBA.<\/p>\n<p>L&rsquo;accu de ca 2400 mAh en 2S ou 3S est recommand\u00e9 (ne pas y compris). Avec une transmission 2S, le mod\u00e8le peut \u00eatre tr\u00e8s bien contr\u00f4l\u00e9 \u00e0 des vitesses de conduite r\u00e9alistes. Avec le 3S LiPo, des r\u00e9serves de puissance suppl\u00e9mentaires sont cr\u00e9\u00e9es, qui produisent cependant une exp\u00e9rience de conduite assez rapide.<\/p>\n<p>Le kit d&rsquo;entra\u00eenement s&rsquo;adapte \u00e0 plusieurs bateaux tels que le Naval Rescue Boat.<\/p>\n<div style=\"text-align:left\" class=\"wps-pgfw-pdf-generate-icon__wrapper-frontend\">\n\t\t<a href=\"https:\/\/www.speedmodels.ch\/fr\/wp-json\/wp\/v2\/product\/24230\/?action=genpdf&amp;id=24230\" class=\"pgfw-single-pdf-download-button\" target=_blank><img src=\"https:\/\/speedmodels.ch\/wp-content\/uploads\/2021\/09\/pdf_icon.png\" title=\"G\u00e9n\u00e9rer un PDF\" style=\"width:auto; height:45px;\"><\/a>\n\t\t<\/div>","protected":false},"excerpt":{"rendered":"<p>Le set pour les bateaux de longueur de 54cm contient les compsoants suivants: moteur brushless actro-n 28-4-880, variateur actro-marine 30, h\u00e9lice 30mm, cardan d&rsquo;axe 4\/4 mm et un servo AN-12-MGBBA. L&rsquo;accu de ca 2400 mAh en 2S ou 3S est recommand\u00e9 (ne pas y compris). Avec une transmission 2S, le mod\u00e8le peut \u00eatre tr\u00e8s bien [&hellip;]<\/p>\n","protected":false},"featured_media":24984,"template":"","meta":[],"product_brand":[],"product_cat":[1518,1689,1528,1708,1536],"product_tag":[],"class_list":{"0":"post-24230","1":"product","2":"type-product","3":"status-publish","4":"has-post-thumbnail","6":"product_cat-accessoires","7":"product_cat-bateaux-fr","8":"product_cat-entrainement-et-accessoires","9":"product_cat-moteurs-electriques","10":"product_cat-pour-bateaux","12":"first","13":"instock","14":"shipping-taxable","15":"product-type-simple"},"_links":{"self":[{"href":"https:\/\/www.speedmodels.ch\/fr\/wp-json\/wp\/v2\/product\/24230","targetHints":{"allow":["GET"]}}],"collection":[{"href":"https:\/\/www.speedmodels.ch\/fr\/wp-json\/wp\/v2\/product"}],"about":[{"href":"https:\/\/www.speedmodels.ch\/fr\/wp-json\/wp\/v2\/types\/product"}],"version-history":[{"count":1,"href":"https:\/\/www.speedmodels.ch\/fr\/wp-json\/wp\/v2\/product\/24230\/revisions"}],"predecessor-version":[{"id":33020,"href":"https:\/\/www.speedmodels.ch\/fr\/wp-json\/wp\/v2\/product\/24230\/revisions\/33020"}],"wp:featuredmedia":[{"embeddable":true,"href":"https:\/\/www.speedmodels.ch\/fr\/wp-json\/wp\/v2\/media\/24984"}],"wp:attachment":[{"href":"https:\/\/www.speedmodels.ch\/fr\/wp-json\/wp\/v2\/media?parent=24230"}],"wp:term":[{"taxonomy":"product_brand","embeddable":true,"href":"https:\/\/www.speedmodels.ch\/fr\/wp-json\/wp\/v2\/product_brand?post=24230"},{"taxonomy":"product_cat","embeddable":true,"href":"https:\/\/www.speedmodels.ch\/fr\/wp-json\/wp\/v2\/product_cat?post=24230"},{"taxonomy":"product_tag","embeddable":true,"href":"https:\/\/www.speedmodels.ch\/fr\/wp-json\/wp\/v2\/product_tag?post=24230"}],"curies":[{"name":"wp","href":"https:\/\/api.w.org\/{rel}","templated":true}]}}