{"id":23967,"date":"2023-11-06T09:18:04","date_gmt":"2023-11-06T09:18:04","guid":{"rendered":"https:\/\/www.speedmodels.ch\/produkte\/non%20class\u00e9\/plaque-carbone-balsa-48mm\/"},"modified":"2024-04-29T09:17:37","modified_gmt":"2024-04-29T09:17:37","slug":"plaque-carbone-balsa-48mm","status":"publish","type":"product","link":"https:\/\/www.speedmodels.ch\/fr\/produits\/profiles-plaques\/plaque-carbone-fibre-de-verre\/plaque-carbone-herex-carbone\/plaque-carbone-balsa-48mm\/","title":{"rendered":"Plaque carbone-balsa 4,8mm"},"content":{"rendered":"<p>Ici le bois de balsa sert de support au laminage entre deux plaques de carbone. Mat\u00e9riau de construction tr\u00e8s l\u00e9ger et stable, par exemple pour les cartes servo.<\/p>\n<p>grandeur: 290 x 160mm<\/p>\n<div style=\"text-align:left\" class=\"wps-pgfw-pdf-generate-icon__wrapper-frontend\">\n\t\t<a href=\"https:\/\/www.speedmodels.ch\/fr\/wp-json\/wp\/v2\/product\/23967\/?action=genpdf&amp;id=23967\" class=\"pgfw-single-pdf-download-button\" target=_blank><img src=\"https:\/\/speedmodels.ch\/wp-content\/uploads\/2021\/09\/pdf_icon.png\" title=\"G\u00e9n\u00e9rer un PDF\" style=\"width:auto; height:45px;\"><\/a>\n\t\t<\/div>","protected":false},"excerpt":{"rendered":"<p>Ici le bois de balsa sert de support au laminage entre deux plaques de carbone. Mat\u00e9riau de construction tr\u00e8s l\u00e9ger et stable, par exemple pour les cartes servo. grandeur: 290 x 160mm<\/p>\n","protected":false},"featured_media":10092,"template":"","meta":[],"product_brand":[],"product_cat":[1807,1809,1512],"product_tag":[],"class_list":{"0":"post-23967","1":"product","2":"type-product","3":"status-publish","4":"has-post-thumbnail","6":"product_cat-plaque-carbone-fibre-de-verre","7":"product_cat-plaque-carbone-herex-carbone","8":"product_cat-profiles-plaques","10":"first","11":"instock","12":"shipping-taxable","13":"product-type-simple"},"_links":{"self":[{"href":"https:\/\/www.speedmodels.ch\/fr\/wp-json\/wp\/v2\/product\/23967","targetHints":{"allow":["GET"]}}],"collection":[{"href":"https:\/\/www.speedmodels.ch\/fr\/wp-json\/wp\/v2\/product"}],"about":[{"href":"https:\/\/www.speedmodels.ch\/fr\/wp-json\/wp\/v2\/types\/product"}],"version-history":[{"count":0,"href":"https:\/\/www.speedmodels.ch\/fr\/wp-json\/wp\/v2\/product\/23967\/revisions"}],"wp:featuredmedia":[{"embeddable":true,"href":"https:\/\/www.speedmodels.ch\/fr\/wp-json\/wp\/v2\/media\/10092"}],"wp:attachment":[{"href":"https:\/\/www.speedmodels.ch\/fr\/wp-json\/wp\/v2\/media?parent=23967"}],"wp:term":[{"taxonomy":"product_brand","embeddable":true,"href":"https:\/\/www.speedmodels.ch\/fr\/wp-json\/wp\/v2\/product_brand?post=23967"},{"taxonomy":"product_cat","embeddable":true,"href":"https:\/\/www.speedmodels.ch\/fr\/wp-json\/wp\/v2\/product_cat?post=23967"},{"taxonomy":"product_tag","embeddable":true,"href":"https:\/\/www.speedmodels.ch\/fr\/wp-json\/wp\/v2\/product_tag?post=23967"}],"curies":[{"name":"wp","href":"https:\/\/api.w.org\/{rel}","templated":true}]}}