{"id":23956,"date":"2023-11-06T09:07:58","date_gmt":"2023-11-06T09:07:58","guid":{"rendered":"https:\/\/www.speedmodels.ch\/produkte\/non%20class\u00e9\/plaque-carbone-herex-carbone-68mm\/"},"modified":"2024-04-29T09:18:08","modified_gmt":"2024-04-29T09:18:08","slug":"plaque-carbone-herex-68mm","status":"publish","type":"product","link":"https:\/\/www.speedmodels.ch\/fr\/produits\/profiles-plaques\/plaque-carbone-fibre-de-verre\/plaque-carbone-herex-carbone\/plaque-carbone-herex-68mm\/","title":{"rendered":"Plaque carbone-Herex-carbone 6,8mm"},"content":{"rendered":"<p>Herex est utilis\u00e9 comme mat\u00e9riau de support entre deux plaques de carbone. Il en r\u00e9sulte une tr\u00e8s grande r\u00e9sistance des panneaux. Gr\u00e2ce \u00e0 leur faible poids, ils peuvent \u00eatre utilis\u00e9s pour les ch\u00e2ssis, les cartes servo, etc.<\/p>\n<p>grandeur: 290 x 160mm<\/p>\n<div style=\"text-align:left\" class=\"wps-pgfw-pdf-generate-icon__wrapper-frontend\">\n\t\t<a href=\"https:\/\/www.speedmodels.ch\/fr\/wp-json\/wp\/v2\/product\/23956\/?action=genpdf&amp;id=23956\" class=\"pgfw-single-pdf-download-button\" target=_blank><img src=\"https:\/\/speedmodels.ch\/wp-content\/uploads\/2021\/09\/pdf_icon.png\" title=\"G\u00e9n\u00e9rer un PDF\" style=\"width:auto; height:45px;\"><\/a>\n\t\t<\/div>","protected":false},"excerpt":{"rendered":"<p>Herex est utilis\u00e9 comme mat\u00e9riau de support entre deux plaques de carbone. Il en r\u00e9sulte une tr\u00e8s grande r\u00e9sistance des panneaux. Gr\u00e2ce \u00e0 leur faible poids, ils peuvent \u00eatre utilis\u00e9s pour les ch\u00e2ssis, les cartes servo, etc. grandeur: 290 x 160mm<\/p>\n","protected":false},"featured_media":10091,"template":"","meta":[],"product_brand":[],"product_cat":[1807,1809,1512],"product_tag":[],"class_list":{"0":"post-23956","1":"product","2":"type-product","3":"status-publish","4":"has-post-thumbnail","6":"product_cat-plaque-carbone-fibre-de-verre","7":"product_cat-plaque-carbone-herex-carbone","8":"product_cat-profiles-plaques","10":"first","11":"instock","12":"shipping-taxable","13":"product-type-simple"},"_links":{"self":[{"href":"https:\/\/www.speedmodels.ch\/fr\/wp-json\/wp\/v2\/product\/23956","targetHints":{"allow":["GET"]}}],"collection":[{"href":"https:\/\/www.speedmodels.ch\/fr\/wp-json\/wp\/v2\/product"}],"about":[{"href":"https:\/\/www.speedmodels.ch\/fr\/wp-json\/wp\/v2\/types\/product"}],"version-history":[{"count":0,"href":"https:\/\/www.speedmodels.ch\/fr\/wp-json\/wp\/v2\/product\/23956\/revisions"}],"wp:featuredmedia":[{"embeddable":true,"href":"https:\/\/www.speedmodels.ch\/fr\/wp-json\/wp\/v2\/media\/10091"}],"wp:attachment":[{"href":"https:\/\/www.speedmodels.ch\/fr\/wp-json\/wp\/v2\/media?parent=23956"}],"wp:term":[{"taxonomy":"product_brand","embeddable":true,"href":"https:\/\/www.speedmodels.ch\/fr\/wp-json\/wp\/v2\/product_brand?post=23956"},{"taxonomy":"product_cat","embeddable":true,"href":"https:\/\/www.speedmodels.ch\/fr\/wp-json\/wp\/v2\/product_cat?post=23956"},{"taxonomy":"product_tag","embeddable":true,"href":"https:\/\/www.speedmodels.ch\/fr\/wp-json\/wp\/v2\/product_tag?post=23956"}],"curies":[{"name":"wp","href":"https:\/\/api.w.org\/{rel}","templated":true}]}}